{"id":205664,"date":"2025-03-21T14:44:35","date_gmt":"2025-03-21T14:44:35","guid":{"rendered":"https:\/\/aromasentia.com\/product\/ruby-lime-mandela-sarong\/"},"modified":"2025-05-31T02:07:21","modified_gmt":"2025-05-31T02:07:21","slug":"ruby-lime-mandela-sarong","status":"publish","type":"product","link":"https:\/\/aromasentia.com\/no\/ruby-lime-mandela-sarong\/","title":{"rendered":"Ruby Lime Mandela Sarong"},"content":{"rendered":"<p>Disse sarongene er laget i en perfekt st\u00f8rrelse for \u00e5 vikles rundt livet, og kan ogs\u00e5 v\u00e6re b\u00e5de sporty og elegante, perfekte \u00e5 bruke til enhver anledning, spesielt som et strandtilbeh\u00f8r.<\/p>\n<p><\/p>\n<p>Med sommeren som n\u00e6rmer seg og de kj\u00f8lige kveldene, vil disse sarongene definitivt hjelpe, de er lette, b\u00e6rbare og moteriktige.<\/p>\n<p>Bali Mandala-sarongene finnes i fem forskjellige fantastiske design. Skjerfene\/sarongmaterialet er laget av 100 % rayon.<\/p>\n<p><\/p>\n<p>St\u00f8rrelse: Lengde 140 cm, Bredde 100 cm<\/p>\n","protected":false},"excerpt":{"rendered":"<p>Disse sarongene er laget i en perfekt st\u00f8rrelse for \u00e5 vikles rundt livet, og kan ogs\u00e5 v\u00e6re b\u00e5de sporty og elegante, perfekte \u00e5 bruke til enhver anledning, spesielt som et strandtilbeh\u00f8r. Med sommeren som n\u00e6rmer seg og de kj\u00f8lige kveldene, vil disse sarongene definitivt hjelpe, de er lette, b\u00e6rbare og moteriktige. Bali Mandala-sarongene finnes i [&hellip;]<\/p>\n","protected":false},"featured_media":325240,"comment_status":"closed","ping_status":"open","template":"","meta":[],"product_brand":[],"product_cat":[25834,26623],"product_tag":[],"class_list":{"0":"post-205664","1":"product","2":"type-product","3":"status-publish","4":"has-post-thumbnail","6":"product_cat-klaer","7":"product_cat-saronger","8":"pa_collection-mandala-sarongs-no","9":"pa_made-in-indonesia","11":"first","12":"instock","13":"purchasable","14":"product-type-simple"},"supplier_id":null,"supplier_sku":"MANT-02","barcode":null,"atum_controlled":true,"out_stock_date":null,"out_stock_threshold":null,"inheritable":false,"inbound_stock":null,"stock_on_hold":0,"sold_today":0,"sales_last_days":0,"reserved_stock":null,"customer_returns":null,"warehouse_damage":null,"lost_in_post":null,"other_logs":null,"out_stock_days":0,"lost_sales":0,"has_location":null,"update_date":"2026-02-02T11:17:59","atum_locations":[],"atum_stock_status":"instock","restock_status":false,"low_stock_amount":"","sales_update_date":"2025-09-05T00:23:19","calc_backorders":null,"_links":{"self":[{"href":"https:\/\/aromasentia.com\/no\/wp-json\/wp\/v2\/product\/205664","targetHints":{"allow":["GET"]}}],"collection":[{"href":"https:\/\/aromasentia.com\/no\/wp-json\/wp\/v2\/product"}],"about":[{"href":"https:\/\/aromasentia.com\/no\/wp-json\/wp\/v2\/types\/product"}],"replies":[{"embeddable":true,"href":"https:\/\/aromasentia.com\/no\/wp-json\/wp\/v2\/comments?post=205664"}],"version-history":[{"count":0,"href":"https:\/\/aromasentia.com\/no\/wp-json\/wp\/v2\/product\/205664\/revisions"}],"wp:featuredmedia":[{"embeddable":true,"href":"https:\/\/aromasentia.com\/no\/wp-json\/wp\/v2\/media\/325240"}],"wp:attachment":[{"href":"https:\/\/aromasentia.com\/no\/wp-json\/wp\/v2\/media?parent=205664"}],"wp:term":[{"taxonomy":"product_brand","embeddable":true,"href":"https:\/\/aromasentia.com\/no\/wp-json\/wp\/v2\/product_brand?post=205664"},{"taxonomy":"product_cat","embeddable":true,"href":"https:\/\/aromasentia.com\/no\/wp-json\/wp\/v2\/product_cat?post=205664"},{"taxonomy":"product_tag","embeddable":true,"href":"https:\/\/aromasentia.com\/no\/wp-json\/wp\/v2\/product_tag?post=205664"}],"curies":[{"name":"wp","href":"https:\/\/api.w.org\/{rel}","templated":true}]}}