{"id":205601,"date":"2025-03-21T14:44:59","date_gmt":"2025-03-21T14:44:59","guid":{"rendered":"https:\/\/aromasentia.com\/product\/recycled-big-rug-bag-shades-of-dusk\/"},"modified":"2025-05-31T02:03:26","modified_gmt":"2025-05-31T02:03:26","slug":"resirkulert-veske-nyanser-av-skumring-stor","status":"publish","type":"product","link":"https:\/\/aromasentia.com\/no\/resirkulert-veske-nyanser-av-skumring-stor\/","title":{"rendered":"Resirkulert Veske &#8211; Nyanser Av Skumring Stor"},"content":{"rendered":"<p>B\u00e6r med deg skumringens skj\u00f8nnhet med denne store, resirkulerte teppeposen &#8211; Shades of Dusk. Denne store, milj\u00f8vennlige vesken er laget av resirkulerte teppebiter og har en fengslende blanding av farger som minner om skumringen &#8211; kanskje dype bl\u00e5toner, lilla, oransje og gr\u00e5toner. Den robuste, strukturerte designen og det unike, unike uttrykket gj\u00f8r den b\u00e5de praktisk og kunstnerisk. Perfekt for deg som setter pris p\u00e5 b\u00e6rekraftig mote og et snev av dramatisk, naturlig skj\u00f8nnhet i hverdagstilbeh\u00f8ret ditt.<\/p>\n","protected":false},"excerpt":{"rendered":"<p>B\u00e6r med deg skumringens skj\u00f8nnhet med denne store, resirkulerte teppeposen &#8211; Shades of Dusk. Denne store, milj\u00f8vennlige vesken er laget av resirkulerte teppebiter og har en fengslende blanding av farger som minner om skumringen &#8211; kanskje dype bl\u00e5toner, lilla, oransje og gr\u00e5toner. Den robuste, strukturerte designen og det unike, unike uttrykket gj\u00f8r den b\u00e5de praktisk [&hellip;]<\/p>\n","protected":false},"featured_media":328928,"comment_status":"closed","ping_status":"open","template":"","meta":{"_angie_page":false},"product_brand":[],"product_cat":[9173,9174],"product_tag":[],"class_list":{"0":"post-205601","1":"product","2":"type-product","3":"status-publish","4":"has-post-thumbnail","6":"product_cat-okologiske-vesker","7":"product_cat-vesker-ryggsekker","8":"pa_collection-recycled-big-rug-bags-no","9":"pa_made-in-india","11":"first","12":"instock","13":"purchasable","14":"product-type-simple"},"supplier_id":null,"supplier_sku":"RRBag-04","barcode":null,"atum_controlled":true,"out_stock_date":null,"out_stock_threshold":null,"inheritable":false,"inbound_stock":null,"stock_on_hold":0,"sold_today":0,"sales_last_days":0,"reserved_stock":null,"customer_returns":null,"warehouse_damage":null,"lost_in_post":null,"other_logs":null,"out_stock_days":0,"lost_sales":0,"has_location":null,"update_date":"2026-04-27T07:19:52","atum_locations":[],"atum_stock_status":"instock","restock_status":false,"low_stock_amount":"","sales_update_date":"2026-02-06T00:01:16","calc_backorders":null,"_links":{"self":[{"href":"https:\/\/aromasentia.com\/no\/wp-json\/wp\/v2\/product\/205601","targetHints":{"allow":["GET"]}}],"collection":[{"href":"https:\/\/aromasentia.com\/no\/wp-json\/wp\/v2\/product"}],"about":[{"href":"https:\/\/aromasentia.com\/no\/wp-json\/wp\/v2\/types\/product"}],"replies":[{"embeddable":true,"href":"https:\/\/aromasentia.com\/no\/wp-json\/wp\/v2\/comments?post=205601"}],"version-history":[{"count":0,"href":"https:\/\/aromasentia.com\/no\/wp-json\/wp\/v2\/product\/205601\/revisions"}],"wp:featuredmedia":[{"embeddable":true,"href":"https:\/\/aromasentia.com\/no\/wp-json\/wp\/v2\/media\/328928"}],"wp:attachment":[{"href":"https:\/\/aromasentia.com\/no\/wp-json\/wp\/v2\/media?parent=205601"}],"wp:term":[{"taxonomy":"product_brand","embeddable":true,"href":"https:\/\/aromasentia.com\/no\/wp-json\/wp\/v2\/product_brand?post=205601"},{"taxonomy":"product_cat","embeddable":true,"href":"https:\/\/aromasentia.com\/no\/wp-json\/wp\/v2\/product_cat?post=205601"},{"taxonomy":"product_tag","embeddable":true,"href":"https:\/\/aromasentia.com\/no\/wp-json\/wp\/v2\/product_tag?post=205601"}],"curies":[{"name":"wp","href":"https:\/\/api.w.org\/{rel}","templated":true}]}}