{"id":205600,"date":"2025-03-21T14:44:59","date_gmt":"2025-03-21T14:44:59","guid":{"rendered":"https:\/\/aromasentia.com\/product\/recycled-big-rug-bag-shades-of-lavender\/"},"modified":"2025-05-31T02:03:22","modified_gmt":"2025-05-31T02:03:22","slug":"resirkulert-veske-nyanser-av-lavendel-stor","status":"publish","type":"product","link":"https:\/\/aromasentia.com\/no\/resirkulert-veske-nyanser-av-lavendel-stor\/","title":{"rendered":"Resirkulert Veske &#8211; Nyanser Av Lavendel Stor"},"content":{"rendered":"<p>Tilf\u00f8r et streif av rolige farger med denne Recycled Big Rug Bag &#8211; Shades of Lavender. Denne romslige vesken er laget av slitesterke, resirkulerte teppematerialer og har en beroligende palett av lavendel- og lilla nyanser. Hvert stykke er unikt, og gir deg et milj\u00f8bevisst og kunstnerisk strukturert tilbeh\u00f8r til dine daglige behov. Den store st\u00f8rrelsen er ideell for shopping, reiser eller som en karakteristisk b\u00e6reveske, og gir et snev av rolig skj\u00f8nnhet og b\u00e6rekraftig stil til ensemblet ditt.<\/p>\n","protected":false},"excerpt":{"rendered":"<p>Tilf\u00f8r et streif av rolige farger med denne Recycled Big Rug Bag &#8211; Shades of Lavender. Denne romslige vesken er laget av slitesterke, resirkulerte teppematerialer og har en beroligende palett av lavendel- og lilla nyanser. Hvert stykke er unikt, og gir deg et milj\u00f8bevisst og kunstnerisk strukturert tilbeh\u00f8r til dine daglige behov. Den store st\u00f8rrelsen [&hellip;]<\/p>\n","protected":false},"featured_media":328919,"comment_status":"closed","ping_status":"open","template":"","meta":{"_angie_page":false},"product_brand":[],"product_cat":[26834,25843,26232,9173,9174],"product_tag":[],"class_list":{"0":"post-205600","1":"product","2":"type-product","3":"status-publish","4":"has-post-thumbnail","6":"product_cat-blomster","7":"product_cat-dufter-aromaer","8":"product_cat-lavendel","9":"product_cat-okologiske-vesker","10":"product_cat-vesker-ryggsekker","11":"pa_collection-recycled-big-rug-bags-no","12":"pa_made-in-india","14":"first","15":"instock","16":"purchasable","17":"product-type-simple"},"supplier_id":null,"supplier_sku":"RRBag-03","barcode":null,"atum_controlled":true,"out_stock_date":null,"out_stock_threshold":null,"inheritable":false,"inbound_stock":null,"stock_on_hold":0,"sold_today":0,"sales_last_days":0,"reserved_stock":null,"customer_returns":null,"warehouse_damage":null,"lost_in_post":null,"other_logs":null,"out_stock_days":0,"lost_sales":0,"has_location":null,"update_date":"2026-04-27T07:19:52","atum_locations":[],"atum_stock_status":"instock","restock_status":false,"low_stock_amount":"","sales_update_date":"2026-02-06T00:01:24","calc_backorders":null,"_links":{"self":[{"href":"https:\/\/aromasentia.com\/no\/wp-json\/wp\/v2\/product\/205600","targetHints":{"allow":["GET"]}}],"collection":[{"href":"https:\/\/aromasentia.com\/no\/wp-json\/wp\/v2\/product"}],"about":[{"href":"https:\/\/aromasentia.com\/no\/wp-json\/wp\/v2\/types\/product"}],"replies":[{"embeddable":true,"href":"https:\/\/aromasentia.com\/no\/wp-json\/wp\/v2\/comments?post=205600"}],"version-history":[{"count":0,"href":"https:\/\/aromasentia.com\/no\/wp-json\/wp\/v2\/product\/205600\/revisions"}],"wp:featuredmedia":[{"embeddable":true,"href":"https:\/\/aromasentia.com\/no\/wp-json\/wp\/v2\/media\/328919"}],"wp:attachment":[{"href":"https:\/\/aromasentia.com\/no\/wp-json\/wp\/v2\/media?parent=205600"}],"wp:term":[{"taxonomy":"product_brand","embeddable":true,"href":"https:\/\/aromasentia.com\/no\/wp-json\/wp\/v2\/product_brand?post=205600"},{"taxonomy":"product_cat","embeddable":true,"href":"https:\/\/aromasentia.com\/no\/wp-json\/wp\/v2\/product_cat?post=205600"},{"taxonomy":"product_tag","embeddable":true,"href":"https:\/\/aromasentia.com\/no\/wp-json\/wp\/v2\/product_tag?post=205600"}],"curies":[{"name":"wp","href":"https:\/\/api.w.org\/{rel}","templated":true}]}}