{"id":205599,"date":"2025-03-21T14:44:59","date_gmt":"2025-03-21T14:44:59","guid":{"rendered":"https:\/\/aromasentia.com\/product\/recycled-big-rug-bag-shades-of-pink\/"},"modified":"2025-05-31T02:03:20","modified_gmt":"2025-05-31T02:03:20","slug":"resirkulert-veske-nyanser-av-rosa-stor","status":"publish","type":"product","link":"https:\/\/aromasentia.com\/no\/resirkulert-veske-nyanser-av-rosa-stor\/","title":{"rendered":"Resirkulert Veske &#8211; Nyanser Av Rosa Stor"},"content":{"rendered":"<p>Omfavn b\u00e6rekraftig chic med denne resirkulerte Big Rug Bag &#8211; Shades of Pink. Denne store vesken er laget av resirkulerte tepperester og har en vakker fargepalett av rosa toner, fra myke pasteller til sterkere nyanser. Den robuste, strukturerte konstruksjonen og det unike, milj\u00f8vennlige opphavet gj\u00f8r vesken til et tilbeh\u00f8r som skiller seg ut. Den er perfekt til \u00e5 b\u00e6re dagligvarer, helgens n\u00f8dvendigheter eller til \u00e5 tilf\u00f8re farge og individualitet til looken din, og den er et stilig bevis p\u00e5 ressurssterk design.<\/p>\n","protected":false},"excerpt":{"rendered":"<p>Omfavn b\u00e6rekraftig chic med denne resirkulerte Big Rug Bag &#8211; Shades of Pink. Denne store vesken er laget av resirkulerte tepperester og har en vakker fargepalett av rosa toner, fra myke pasteller til sterkere nyanser. Den robuste, strukturerte konstruksjonen og det unike, milj\u00f8vennlige opphavet gj\u00f8r vesken til et tilbeh\u00f8r som skiller seg ut. Den er [&hellip;]<\/p>\n","protected":false},"featured_media":328910,"comment_status":"closed","ping_status":"open","template":"","meta":{"_angie_page":false},"product_brand":[],"product_cat":[9173,9174],"product_tag":[],"class_list":{"0":"post-205599","1":"product","2":"type-product","3":"status-publish","4":"has-post-thumbnail","6":"product_cat-okologiske-vesker","7":"product_cat-vesker-ryggsekker","8":"pa_collection-recycled-big-rug-bags-no","9":"pa_made-in-india","11":"first","12":"instock","13":"purchasable","14":"product-type-simple"},"supplier_id":null,"supplier_sku":"RRBag-02","barcode":null,"atum_controlled":true,"out_stock_date":null,"out_stock_threshold":null,"inheritable":false,"inbound_stock":null,"stock_on_hold":0,"sold_today":0,"sales_last_days":0,"reserved_stock":null,"customer_returns":null,"warehouse_damage":null,"lost_in_post":null,"other_logs":null,"out_stock_days":0,"lost_sales":0,"has_location":null,"update_date":"2026-04-27T07:19:52","atum_locations":[],"atum_stock_status":"instock","restock_status":false,"low_stock_amount":"","sales_update_date":"2025-09-05T00:23:43","calc_backorders":null,"_links":{"self":[{"href":"https:\/\/aromasentia.com\/no\/wp-json\/wp\/v2\/product\/205599","targetHints":{"allow":["GET"]}}],"collection":[{"href":"https:\/\/aromasentia.com\/no\/wp-json\/wp\/v2\/product"}],"about":[{"href":"https:\/\/aromasentia.com\/no\/wp-json\/wp\/v2\/types\/product"}],"replies":[{"embeddable":true,"href":"https:\/\/aromasentia.com\/no\/wp-json\/wp\/v2\/comments?post=205599"}],"version-history":[{"count":0,"href":"https:\/\/aromasentia.com\/no\/wp-json\/wp\/v2\/product\/205599\/revisions"}],"wp:featuredmedia":[{"embeddable":true,"href":"https:\/\/aromasentia.com\/no\/wp-json\/wp\/v2\/media\/328910"}],"wp:attachment":[{"href":"https:\/\/aromasentia.com\/no\/wp-json\/wp\/v2\/media?parent=205599"}],"wp:term":[{"taxonomy":"product_brand","embeddable":true,"href":"https:\/\/aromasentia.com\/no\/wp-json\/wp\/v2\/product_brand?post=205599"},{"taxonomy":"product_cat","embeddable":true,"href":"https:\/\/aromasentia.com\/no\/wp-json\/wp\/v2\/product_cat?post=205599"},{"taxonomy":"product_tag","embeddable":true,"href":"https:\/\/aromasentia.com\/no\/wp-json\/wp\/v2\/product_tag?post=205599"}],"curies":[{"name":"wp","href":"https:\/\/api.w.org\/{rel}","templated":true}]}}