{"id":205598,"date":"2025-03-21T14:44:59","date_gmt":"2025-03-21T14:44:59","guid":{"rendered":"https:\/\/aromasentia.com\/product\/recycled-big-rug-bag-shades-of-mushrooms\/"},"modified":"2025-05-31T02:03:17","modified_gmt":"2025-05-31T02:03:17","slug":"resirkulert-veske-nyanser-av-sopp-stor","status":"publish","type":"product","link":"https:\/\/aromasentia.com\/no\/resirkulert-veske-nyanser-av-sopp-stor\/","title":{"rendered":"Resirkulert Veske &#8211; Nyanser Av Sopp Stor"},"content":{"rendered":"<p>B\u00e6r med deg verden i en unik, milj\u00f8vennlig stil med denne resirkulerte Big Rug Bag &#8211; Shades of Mushrooms. Denne store og slitesterke vesken er laget av resirkulerte teppematerialer og har en jordn\u00e6r palett av soppinspirerte nyanser &#8211; brunt, beige og gr\u00e5tt. Hver veske er sannsynligvis unik p\u00e5 grunn av sin resirkulerte natur, noe som gj\u00f8r den til et unikt og b\u00e6rekraftig tilbeh\u00f8r. Den sjener\u00f8se st\u00f8rrelsen gj\u00f8r vesken perfekt til shopping, strandturer eller som en s\u00e6regen hverdagsveske med et rustikt, strukturert uttrykk.<\/p>\n","protected":false},"excerpt":{"rendered":"<p>B\u00e6r med deg verden i en unik, milj\u00f8vennlig stil med denne resirkulerte Big Rug Bag &#8211; Shades of Mushrooms. Denne store og slitesterke vesken er laget av resirkulerte teppematerialer og har en jordn\u00e6r palett av soppinspirerte nyanser &#8211; brunt, beige og gr\u00e5tt. Hver veske er sannsynligvis unik p\u00e5 grunn av sin resirkulerte natur, noe som [&hellip;]<\/p>\n","protected":false},"featured_media":328901,"comment_status":"closed","ping_status":"open","template":"","meta":{"_angie_page":false},"product_brand":[],"product_cat":[9173,9174],"product_tag":[],"class_list":{"0":"post-205598","1":"product","2":"type-product","3":"status-publish","4":"has-post-thumbnail","6":"product_cat-okologiske-vesker","7":"product_cat-vesker-ryggsekker","8":"pa_collection-recycled-big-rug-bags-no","9":"pa_made-in-india","11":"first","12":"instock","13":"purchasable","14":"product-type-simple"},"supplier_id":null,"supplier_sku":"RRBag-01","barcode":null,"atum_controlled":true,"out_stock_date":null,"out_stock_threshold":null,"inheritable":false,"inbound_stock":null,"stock_on_hold":0,"sold_today":0,"sales_last_days":0,"reserved_stock":null,"customer_returns":null,"warehouse_damage":null,"lost_in_post":null,"other_logs":null,"out_stock_days":0,"lost_sales":0,"has_location":null,"update_date":"2026-04-27T07:19:52","atum_locations":[],"atum_stock_status":"instock","restock_status":false,"low_stock_amount":"","sales_update_date":"2025-09-05T00:23:42","calc_backorders":null,"_links":{"self":[{"href":"https:\/\/aromasentia.com\/no\/wp-json\/wp\/v2\/product\/205598","targetHints":{"allow":["GET"]}}],"collection":[{"href":"https:\/\/aromasentia.com\/no\/wp-json\/wp\/v2\/product"}],"about":[{"href":"https:\/\/aromasentia.com\/no\/wp-json\/wp\/v2\/types\/product"}],"replies":[{"embeddable":true,"href":"https:\/\/aromasentia.com\/no\/wp-json\/wp\/v2\/comments?post=205598"}],"version-history":[{"count":0,"href":"https:\/\/aromasentia.com\/no\/wp-json\/wp\/v2\/product\/205598\/revisions"}],"wp:featuredmedia":[{"embeddable":true,"href":"https:\/\/aromasentia.com\/no\/wp-json\/wp\/v2\/media\/328901"}],"wp:attachment":[{"href":"https:\/\/aromasentia.com\/no\/wp-json\/wp\/v2\/media?parent=205598"}],"wp:term":[{"taxonomy":"product_brand","embeddable":true,"href":"https:\/\/aromasentia.com\/no\/wp-json\/wp\/v2\/product_brand?post=205598"},{"taxonomy":"product_cat","embeddable":true,"href":"https:\/\/aromasentia.com\/no\/wp-json\/wp\/v2\/product_cat?post=205598"},{"taxonomy":"product_tag","embeddable":true,"href":"https:\/\/aromasentia.com\/no\/wp-json\/wp\/v2\/product_tag?post=205598"}],"curies":[{"name":"wp","href":"https:\/\/api.w.org\/{rel}","templated":true}]}}