{"id":205593,"date":"2025-03-21T14:44:59","date_gmt":"2025-03-21T14:44:59","guid":{"rendered":"https:\/\/aromasentia.com\/product\/reversible-jute-cotton-big-bag-teal\/"},"modified":"2025-05-31T02:02:56","modified_gmt":"2025-05-31T02:02:56","slug":"vendbar-veske-i-jute-og-bomull-blagronn-stor","status":"publish","type":"product","link":"https:\/\/aromasentia.com\/no\/vendbar-veske-i-jute-og-bomull-blagronn-stor\/","title":{"rendered":"Vendbar Veske I Jute Og Bomull &#8211; Bl\u00e5gr\u00f8nn Stor"},"content":{"rendered":"<p><strong><span style=\"color: rgb(75, 80, 88);\">Stor vendbar veske i jute og bomull \u2013 bl\u00e5gr\u00f8nn | Bestselgende milj\u00f8vennlig tote-veske<\/span><\/strong><\/p>\n<p><span style=\"color: rgb(75, 80, 88);\">B\u00e6rekraftige vesker er et must i detaljhandelen! Denne store vendbare vesken i jute og bomull i bl\u00e5gr\u00f8nn er en toppselger for milj\u00f8bevisste butikker. H\u00e5ndlaget i India av 100 % naturlig jute og bomull, er det et plastfritt, gjenbrukbart og biologisk nedbrytbart alternativ som m\u00f8ter dagens shoppingtrender.<\/span><\/p>\n<h6><span style=\"color: rgb(75, 80, 88);\">Viktigste funksjoner:<\/span><\/h6>\n<p><span style=\"color: rgb(75, 80, 88);\">\u2705 Vendbar design \u2013 Bytt mellom dristig bl\u00e5gr\u00f8nn bomull og klassisk jute for to stilige antrekk.<\/span><\/p>\n<p><span style=\"color: rgb(75, 80, 88);\">\u2705 Romslig og lett \u2013 49&#215;40 cm st\u00f8rrelse, perfekt for shopping, jobb eller daglige \u00e6render.<\/span><\/p>\n<p><span style=\"color: rgb(75, 80, 88);\">\u2705 Ekstra oppbevaringsplass \u2013 Frontlomme for rask tilgang til det viktigste.<\/span><\/p>\n<p><span style=\"color: rgb(75, 80, 88);\">\u2705 Sterke og sikre \u2013 Slitesterke h\u00e5ndtak med stilig treknapplukking.<\/span><\/p>\n<p><span style=\"color: rgb(75, 80, 88);\">\u2714 H\u00f8y ettersp\u00f8rsel \u2013 Perfekt for \u00f8kobutikker, sm\u00e5butikker og livsstilsforhandlere.<\/span><\/p>\n<p><span style=\"color: rgb(75, 80, 88);\">\u2714 B\u00e6rekraftig og gjenbrukbar \u2013 plastfri og biologisk nedbrytbar.<\/span><\/p>\n<p><span style=\"color: rgb(75, 80, 88);\">\u2714 Stilig og praktisk \u2013 allsidig for daglig bruk.<\/span><\/p>\n<p><span style=\"color: rgb(75, 80, 88);\">Bestill i dag og tilby kundene dine en elegant og b\u00e6rekraftig shoppingl\u00f8sning!<\/span><\/p>\n","protected":false},"excerpt":{"rendered":"<p>Stor vendbar veske i jute og bomull \u2013 bl\u00e5gr\u00f8nn | Bestselgende milj\u00f8vennlig tote-veske B\u00e6rekraftige vesker er et must i detaljhandelen! Denne store vendbare vesken i jute og bomull i bl\u00e5gr\u00f8nn er en toppselger for milj\u00f8bevisste butikker. H\u00e5ndlaget i India av 100 % naturlig jute og bomull, er det et plastfritt, gjenbrukbart og biologisk nedbrytbart alternativ [&hellip;]<\/p>\n","protected":false},"featured_media":328712,"comment_status":"closed","ping_status":"open","template":"","meta":{"_angie_page":false},"product_brand":[],"product_cat":[9185,9174],"product_tag":[],"class_list":{"0":"post-205593","1":"product","2":"type-product","3":"status-publish","4":"has-post-thumbnail","6":"product_cat-jute-vesker-og-kurver","7":"product_cat-vesker-ryggsekker","8":"pa_collection-reversible-jute-cotton-big-bag-no","9":"pa_made-in-india","11":"first","12":"instock","13":"purchasable","14":"product-type-simple"},"supplier_id":null,"supplier_sku":"RevB-03","barcode":null,"atum_controlled":true,"out_stock_date":null,"out_stock_threshold":null,"inheritable":false,"inbound_stock":null,"stock_on_hold":0,"sold_today":0,"sales_last_days":0,"reserved_stock":null,"customer_returns":null,"warehouse_damage":null,"lost_in_post":null,"other_logs":null,"out_stock_days":0,"lost_sales":0,"has_location":null,"update_date":"2026-04-28T01:00:32","atum_locations":[],"atum_stock_status":"instock","restock_status":false,"low_stock_amount":"","sales_update_date":"2025-09-05T00:23:42","calc_backorders":null,"_links":{"self":[{"href":"https:\/\/aromasentia.com\/no\/wp-json\/wp\/v2\/product\/205593","targetHints":{"allow":["GET"]}}],"collection":[{"href":"https:\/\/aromasentia.com\/no\/wp-json\/wp\/v2\/product"}],"about":[{"href":"https:\/\/aromasentia.com\/no\/wp-json\/wp\/v2\/types\/product"}],"replies":[{"embeddable":true,"href":"https:\/\/aromasentia.com\/no\/wp-json\/wp\/v2\/comments?post=205593"}],"version-history":[{"count":0,"href":"https:\/\/aromasentia.com\/no\/wp-json\/wp\/v2\/product\/205593\/revisions"}],"wp:featuredmedia":[{"embeddable":true,"href":"https:\/\/aromasentia.com\/no\/wp-json\/wp\/v2\/media\/328712"}],"wp:attachment":[{"href":"https:\/\/aromasentia.com\/no\/wp-json\/wp\/v2\/media?parent=205593"}],"wp:term":[{"taxonomy":"product_brand","embeddable":true,"href":"https:\/\/aromasentia.com\/no\/wp-json\/wp\/v2\/product_brand?post=205593"},{"taxonomy":"product_cat","embeddable":true,"href":"https:\/\/aromasentia.com\/no\/wp-json\/wp\/v2\/product_cat?post=205593"},{"taxonomy":"product_tag","embeddable":true,"href":"https:\/\/aromasentia.com\/no\/wp-json\/wp\/v2\/product_tag?post=205593"}],"curies":[{"name":"wp","href":"https:\/\/api.w.org\/{rel}","templated":true}]}}