{"id":205592,"date":"2025-03-21T14:44:59","date_gmt":"2025-03-21T14:44:59","guid":{"rendered":"https:\/\/aromasentia.com\/product\/reversible-jute-cotton-big-bag-pink\/"},"modified":"2025-05-31T02:02:50","modified_gmt":"2025-05-31T02:02:50","slug":"vendbar-veske-i-jute-og-bomull-rosa-stor","status":"publish","type":"product","link":"https:\/\/aromasentia.com\/no\/vendbar-veske-i-jute-og-bomull-rosa-stor\/","title":{"rendered":"Vendbar Veske I Jute Og Bomull &#8211; Rosa Stor"},"content":{"rendered":"<p><span style=\"color: rgb(75, 80, 88);\"><strong>Stor vendbar veske i jute og bomull \u2013 rosa | Milj\u00f8vennlig og stilig<\/strong><\/span><\/p>\n<p><span style=\"color: rgb(75, 80, 88);\">B\u00e6rekraftige handleposer er et must i detaljhandelen! Den vendbare store vesken i jute og bomull i rosa er perfekt for milj\u00f8bevisste kunder som \u00f8nsker stil, allsidighet og b\u00e6rekraft. H\u00e5ndlaget i India av 100 % naturlig jute og bomull, er det et slitesterkt, gjenbrukbart og plastfritt alternativ som m\u00f8ter dagens milj\u00f8vennlige shoppingtrender.<\/span><\/p>\n<p><span style=\"color: rgb(75, 80, 88);\">N\u00f8kkelfunksjoner:<\/span><\/p>\n<p><span style=\"color: rgb(75, 80, 88);\">\u2705 Vendbar design \u2013 Myk rosa bomull p\u00e5 den ene siden, klassisk jute p\u00e5 den andre.<\/span><\/p>\n<p><span style=\"color: rgb(75, 80, 88);\">\u2705 Romslig og praktisk \u2013 49&#215;40 cm, perfekt for shopping, jobb og reiser.<\/span><\/p>\n<p><span style=\"color: rgb(75, 80, 88);\">\u2705 Ekstra oppbevaringsplass \u2013 Frontlomme for enkel tilgang til viktige ting.<\/span><\/p>\n<p><span style=\"color: rgb(75, 80, 88);\">\u2705 Sikker og slitesterk \u2013 Robuste h\u00e5ndtak og treknapplukking for ekstra sikkerhet.<\/span><\/p>\n<p><span style=\"color: rgb(75, 80, 88);\"><\/span><\/p>\n<p><span style=\"color: rgb(75, 80, 88);\">\u2714 H\u00f8y ettersp\u00f8rsel \u2013 Ideell for butikker, \u00f8kobutikker og b\u00e6rekraftige merkevarer.<\/span><\/p>\n<p><span style=\"color: rgb(75, 80, 88);\">\u2714 Plastfri og biologisk nedbrytbar \u2013 et must for milj\u00f8bevisste kunder.<\/span><\/p>\n<p><span style=\"color: rgb(75, 80, 88);\">\u2714 Trendy og funksjonell \u2013 appellerer til kunder som ser etter b\u00e5de mote og praktisk bruk.<\/span><\/p>\n<p><span style=\"color: rgb(141, 186, 216);\"><strong>Bestill n\u00e5 og tilby kundene dine en elegant og b\u00e6rekraftig shoppingl\u00f8sning!<\/strong><\/span><\/p>\n","protected":false},"excerpt":{"rendered":"<p>Stor vendbar veske i jute og bomull \u2013 rosa | Milj\u00f8vennlig og stilig B\u00e6rekraftige handleposer er et must i detaljhandelen! Den vendbare store vesken i jute og bomull i rosa er perfekt for milj\u00f8bevisste kunder som \u00f8nsker stil, allsidighet og b\u00e6rekraft. H\u00e5ndlaget i India av 100 % naturlig jute og bomull, er det et slitesterkt, [&hellip;]<\/p>\n","protected":false},"featured_media":328663,"comment_status":"closed","ping_status":"open","template":"","meta":{"_angie_page":false},"product_brand":[],"product_cat":[9185,9174],"product_tag":[],"class_list":{"0":"post-205592","1":"product","2":"type-product","3":"status-publish","4":"has-post-thumbnail","6":"product_cat-jute-vesker-og-kurver","7":"product_cat-vesker-ryggsekker","8":"pa_collection-reversible-jute-cotton-big-bag-no","9":"pa_made-in-india","11":"first","12":"instock","13":"purchasable","14":"product-type-simple"},"supplier_id":null,"supplier_sku":"RevB-02","barcode":null,"atum_controlled":true,"out_stock_date":null,"out_stock_threshold":null,"inheritable":false,"inbound_stock":null,"stock_on_hold":0,"sold_today":0,"sales_last_days":0,"reserved_stock":null,"customer_returns":null,"warehouse_damage":null,"lost_in_post":null,"other_logs":null,"out_stock_days":0,"lost_sales":0,"has_location":null,"update_date":"2026-04-28T01:00:32","atum_locations":[],"atum_stock_status":"instock","restock_status":false,"low_stock_amount":"","sales_update_date":"2026-01-20T05:13:03","calc_backorders":null,"_links":{"self":[{"href":"https:\/\/aromasentia.com\/no\/wp-json\/wp\/v2\/product\/205592","targetHints":{"allow":["GET"]}}],"collection":[{"href":"https:\/\/aromasentia.com\/no\/wp-json\/wp\/v2\/product"}],"about":[{"href":"https:\/\/aromasentia.com\/no\/wp-json\/wp\/v2\/types\/product"}],"replies":[{"embeddable":true,"href":"https:\/\/aromasentia.com\/no\/wp-json\/wp\/v2\/comments?post=205592"}],"version-history":[{"count":0,"href":"https:\/\/aromasentia.com\/no\/wp-json\/wp\/v2\/product\/205592\/revisions"}],"wp:featuredmedia":[{"embeddable":true,"href":"https:\/\/aromasentia.com\/no\/wp-json\/wp\/v2\/media\/328663"}],"wp:attachment":[{"href":"https:\/\/aromasentia.com\/no\/wp-json\/wp\/v2\/media?parent=205592"}],"wp:term":[{"taxonomy":"product_brand","embeddable":true,"href":"https:\/\/aromasentia.com\/no\/wp-json\/wp\/v2\/product_brand?post=205592"},{"taxonomy":"product_cat","embeddable":true,"href":"https:\/\/aromasentia.com\/no\/wp-json\/wp\/v2\/product_cat?post=205592"},{"taxonomy":"product_tag","embeddable":true,"href":"https:\/\/aromasentia.com\/no\/wp-json\/wp\/v2\/product_tag?post=205592"}],"curies":[{"name":"wp","href":"https:\/\/api.w.org\/{rel}","templated":true}]}}