{"id":205591,"date":"2025-03-21T14:44:59","date_gmt":"2025-03-21T14:44:59","guid":{"rendered":"https:\/\/aromasentia.com\/product\/reversible-jute-cotton-big-bag-pistachio\/"},"modified":"2025-05-31T02:02:43","modified_gmt":"2025-05-31T02:02:43","slug":"vendbar-veske-i-jute-og-bomull-pistasj-stor","status":"publish","type":"product","link":"https:\/\/aromasentia.com\/no\/vendbar-veske-i-jute-og-bomull-pistasj-stor\/","title":{"rendered":"Vendbar Veske I Jute Og Bomull &#8211; Pistasj Stor"},"content":{"rendered":"<p><span style=\"color: rgb(75, 80, 88);\"><strong>Vendbar storveske i jute og bomull \u2013 pistasjfarget | Milj\u00f8vennlig og allsidig<\/strong><\/span><\/p>\n<p><span style=\"color: rgb(75, 80, 88);\">Fyll butikken din med en b\u00e6rekraftig tote-veske du bare m\u00e5 ha! Den vendbare store vesken i jute og bomull i pistasjfarget tilbyr den perfekte blandingen av stil, b\u00e6rekraft og praktisk bruk, noe som gj\u00f8r den ideell for milj\u00f8bevisste forhandlere.<\/span><\/p>\n<p><span style=\"color: rgb(75, 80, 88);\">H\u00e5ndlaget i India av 100 % naturlig jute og bomull, gir denne slitesterke, gjenbrukbare og plastfrie vesken kundene en stilig og etisk handlel\u00f8sning. Det vendbare designet tilbyr to stiler i ett \u2013 myk pistasjbomull for hverdagsbruk og rustikk jute for en naturlig, jordaktig f\u00f8lelse.<\/span><\/p>\n<h6><span style=\"color: rgb(75, 80, 88);\">Viktigste funksjoner:<\/span><\/h6>\n<p><span style=\"color: rgb(75, 80, 88);\">\u2705 Vendbar to-i-ett-design \u2013 Bytt mellom bomull og jute for allsidig styling.<\/span><\/p>\n<p><span style=\"color: rgb(75, 80, 88);\">\u2705 Romslig og funksjonell \u2013 49&#215;40 cm st\u00f8rrelse, ideell for shopping, pendling eller uformelle utflukter.<\/span><\/p>\n<p><span style=\"color: rgb(75, 80, 88);\">\u2705 Ekstra oppbevaringsplass \u2013 Praktisk frontlomme for rask tilgang til det viktigste.<\/span><\/p>\n<p><span style=\"color: rgb(75, 80, 88);\">\u2705 Slitesterk og sikker \u2013 Sterke h\u00e5ndtak med stilig treknapplukking.<\/span><\/p>\n<p><span style=\"color: rgb(75, 80, 88);\">\u2714 H\u00f8y ettersp\u00f8rsel \u2013 Perfekt for butikker, gavebutikker og b\u00e6rekraftige merkevarer.<\/span><\/p>\n<p><span style=\"color: rgb(75, 80, 88);\">\u2714 Plastfri og biologisk nedbrytbar \u2013 Appellerer til milj\u00f8bevisste kunder.<\/span><\/p>\n<p><span style=\"color: rgb(75, 80, 88);\">\u2714 Trendy og praktisk \u2013 Et moderne alternativ til engangsposer.<\/span><\/p>\n<p><span style=\"color: rgb(141, 186, 216);\"><strong>Fyll opp lageret n\u00e5 og tilby kundene dine en stilig og milj\u00f8vennlig handlel\u00f8sning!<\/strong><\/span><\/p>\n","protected":false},"excerpt":{"rendered":"<p>Vendbar storveske i jute og bomull \u2013 pistasjfarget | Milj\u00f8vennlig og allsidig Fyll butikken din med en b\u00e6rekraftig tote-veske du bare m\u00e5 ha! Den vendbare store vesken i jute og bomull i pistasjfarget tilbyr den perfekte blandingen av stil, b\u00e6rekraft og praktisk bruk, noe som gj\u00f8r den ideell for milj\u00f8bevisste forhandlere. H\u00e5ndlaget i India av [&hellip;]<\/p>\n","protected":false},"featured_media":328614,"comment_status":"closed","ping_status":"open","template":"","meta":{"_angie_page":false},"product_brand":[],"product_cat":[9185,9174],"product_tag":[],"class_list":{"0":"post-205591","1":"product","2":"type-product","3":"status-publish","4":"has-post-thumbnail","6":"product_cat-jute-vesker-og-kurver","7":"product_cat-vesker-ryggsekker","8":"pa_collection-reversible-jute-cotton-big-bag-no","9":"pa_made-in-india","11":"first","12":"instock","13":"purchasable","14":"product-type-simple"},"supplier_id":null,"supplier_sku":"RevB-01","barcode":null,"atum_controlled":true,"out_stock_date":null,"out_stock_threshold":null,"inheritable":false,"inbound_stock":null,"stock_on_hold":0,"sold_today":0,"sales_last_days":0,"reserved_stock":null,"customer_returns":null,"warehouse_damage":null,"lost_in_post":null,"other_logs":null,"out_stock_days":0,"lost_sales":0,"has_location":null,"update_date":"2026-04-28T01:00:32","atum_locations":[],"atum_stock_status":"instock","restock_status":false,"low_stock_amount":"","sales_update_date":"2025-09-05T00:23:41","calc_backorders":null,"_links":{"self":[{"href":"https:\/\/aromasentia.com\/no\/wp-json\/wp\/v2\/product\/205591","targetHints":{"allow":["GET"]}}],"collection":[{"href":"https:\/\/aromasentia.com\/no\/wp-json\/wp\/v2\/product"}],"about":[{"href":"https:\/\/aromasentia.com\/no\/wp-json\/wp\/v2\/types\/product"}],"replies":[{"embeddable":true,"href":"https:\/\/aromasentia.com\/no\/wp-json\/wp\/v2\/comments?post=205591"}],"version-history":[{"count":0,"href":"https:\/\/aromasentia.com\/no\/wp-json\/wp\/v2\/product\/205591\/revisions"}],"wp:featuredmedia":[{"embeddable":true,"href":"https:\/\/aromasentia.com\/no\/wp-json\/wp\/v2\/media\/328614"}],"wp:attachment":[{"href":"https:\/\/aromasentia.com\/no\/wp-json\/wp\/v2\/media?parent=205591"}],"wp:term":[{"taxonomy":"product_brand","embeddable":true,"href":"https:\/\/aromasentia.com\/no\/wp-json\/wp\/v2\/product_brand?post=205591"},{"taxonomy":"product_cat","embeddable":true,"href":"https:\/\/aromasentia.com\/no\/wp-json\/wp\/v2\/product_cat?post=205591"},{"taxonomy":"product_tag","embeddable":true,"href":"https:\/\/aromasentia.com\/no\/wp-json\/wp\/v2\/product_tag?post=205591"}],"curies":[{"name":"wp","href":"https:\/\/api.w.org\/{rel}","templated":true}]}}