{"id":205590,"date":"2025-03-21T14:44:59","date_gmt":"2025-03-21T14:44:59","guid":{"rendered":"https:\/\/aromasentia.com\/product\/psychedelic-splash-bag-nature-vibe\/"},"modified":"2025-05-31T02:02:35","modified_gmt":"2025-05-31T02:02:35","slug":"psykedelisk-veske-nature-vibe","status":"publish","type":"product","link":"https:\/\/aromasentia.com\/no\/psykedelisk-veske-nature-vibe\/","title":{"rendered":"Psykedelisk Veske &#8211; Nature Vibe"},"content":{"rendered":"<p>Denne psykedeliske splash-vesken f\u00e5r oss til \u00e5 ville v\u00e6re ved sj\u00f8en. Den livlige, trykte fargespruten minner oss om sommerferier og festivaler. Denne vesken er stor nok til \u00e5 oppbevare alle dine viktigste ting. Den har en liten lomme inni, to skulderstropper og glidel\u00e5sfeste \u00f8verst for \u00e5 holde tingene dine trygge.<\/p>\n<ul style=\"padding: 0px; color: rgb(114, 114, 114); font-family: Ubuntu, sans-serif; font-size: 16px; font-style: normal; font-variant-ligatures: normal; font-variant-caps: normal; font-weight: 400; letter-spacing: normal; orphans: 2; text-align: start; text-indent: 0px; text-transform: none; white-space: normal; widows: 2; word-spacing: 0px; -webkit-text-stroke-width: 0px; text-decoration-thickness: initial; text-decoration-style: initial; text-decoration-color: initial; background-color: rgb(255, 255, 255);\">\n<li>M\u00e5l: 45,5 x 14,5 x 38,5 cm<\/li>\n<li>Reimlengde: 31 cm<\/li>\n<li>Slitesterkt design<\/li>\n<\/ul>\n","protected":false},"excerpt":{"rendered":"<p>Denne psykedeliske splash-vesken f\u00e5r oss til \u00e5 ville v\u00e6re ved sj\u00f8en. Den livlige, trykte fargespruten minner oss om sommerferier og festivaler. Denne vesken er stor nok til \u00e5 oppbevare alle dine viktigste ting. Den har en liten lomme inni, to skulderstropper og glidel\u00e5sfeste \u00f8verst for \u00e5 holde tingene dine trygge. M\u00e5l: 45,5 x 14,5 x [&hellip;]<\/p>\n","protected":false},"featured_media":328565,"comment_status":"closed","ping_status":"open","template":"","meta":{"_angie_page":false},"product_brand":[],"product_cat":[9173,9174],"product_tag":[],"class_list":{"0":"post-205590","1":"product","2":"type-product","3":"status-publish","4":"has-post-thumbnail","6":"product_cat-okologiske-vesker","7":"product_cat-vesker-ryggsekker","8":"pa_made-in-kina","10":"first","11":"instock","12":"purchasable","13":"product-type-simple"},"supplier_id":null,"supplier_sku":"PSB-04","barcode":null,"atum_controlled":true,"out_stock_date":null,"out_stock_threshold":null,"inheritable":false,"inbound_stock":null,"stock_on_hold":0,"sold_today":0,"sales_last_days":0,"reserved_stock":null,"customer_returns":null,"warehouse_damage":null,"lost_in_post":null,"other_logs":null,"out_stock_days":0,"lost_sales":0,"has_location":null,"update_date":"2026-04-27T07:18:47","atum_locations":[],"atum_stock_status":"instock","restock_status":false,"low_stock_amount":"","sales_update_date":"2025-09-05T00:23:41","calc_backorders":null,"_links":{"self":[{"href":"https:\/\/aromasentia.com\/no\/wp-json\/wp\/v2\/product\/205590","targetHints":{"allow":["GET"]}}],"collection":[{"href":"https:\/\/aromasentia.com\/no\/wp-json\/wp\/v2\/product"}],"about":[{"href":"https:\/\/aromasentia.com\/no\/wp-json\/wp\/v2\/types\/product"}],"replies":[{"embeddable":true,"href":"https:\/\/aromasentia.com\/no\/wp-json\/wp\/v2\/comments?post=205590"}],"version-history":[{"count":0,"href":"https:\/\/aromasentia.com\/no\/wp-json\/wp\/v2\/product\/205590\/revisions"}],"wp:featuredmedia":[{"embeddable":true,"href":"https:\/\/aromasentia.com\/no\/wp-json\/wp\/v2\/media\/328565"}],"wp:attachment":[{"href":"https:\/\/aromasentia.com\/no\/wp-json\/wp\/v2\/media?parent=205590"}],"wp:term":[{"taxonomy":"product_brand","embeddable":true,"href":"https:\/\/aromasentia.com\/no\/wp-json\/wp\/v2\/product_brand?post=205590"},{"taxonomy":"product_cat","embeddable":true,"href":"https:\/\/aromasentia.com\/no\/wp-json\/wp\/v2\/product_cat?post=205590"},{"taxonomy":"product_tag","embeddable":true,"href":"https:\/\/aromasentia.com\/no\/wp-json\/wp\/v2\/product_tag?post=205590"}],"curies":[{"name":"wp","href":"https:\/\/api.w.org\/{rel}","templated":true}]}}