{"id":205583,"date":"2025-03-21T14:45:04","date_gmt":"2025-03-21T14:45:04","guid":{"rendered":"https:\/\/aromasentia.com\/product\/tye-dye-cotton-bag-6oz-38x42x12cm-namaste-hands-yellow-natural-handle\/"},"modified":"2025-05-31T02:01:40","modified_gmt":"2025-05-31T02:01:40","slug":"tye-dye-bomullspose-6oz-38x42x12cm-namaste-hands-gul-naturlig-handtak","status":"publish","type":"product","link":"https:\/\/aromasentia.com\/no\/tye-dye-bomullspose-6oz-38x42x12cm-namaste-hands-gul-naturlig-handtak\/","title":{"rendered":"Tye-Dye Bomullspose (6Oz) &#8211; 38x42x12cm &#8211; Namaste Hands &#8211; Gul &#8211; Naturlig H\u00e5ndtak"},"content":{"rendered":"<p><span style=\"color: rgb(75, 80, 88);\"><strong>Bomullsveske med tie-dye-m\u00f8nster og Namaste-hender, i en vakker gulfarge og med et naturlig h\u00e5ndtak.<\/span><\/p>\n<p><span style=\"color: rgb(75, 80, 88);\"><strong>Laget av bomullsmateriale av h\u00f8y kvalitet,<\/strong> er denne vesken b\u00e5de myk og slitesterk, noe som gj\u00f8r den til en p\u00e5litelig f\u00f8lgesvenn p\u00e5 alle reisene dine. Den unike tie-dye-teknikken som brukes til \u00e5 lage veskens fantastiske m\u00f8nster, sikrer at ingen vesker er helt like.<\/span><\/p>\n<p><span style=\"color: rgb(75, 80, 88);\"><em>M\u00e5l: 38x42x12 cm, h\u00e5ndtakslengde: 34 cm<\/em><\/span><\/p>\n","protected":false},"excerpt":{"rendered":"<p>Bomullsveske med tie-dye-m\u00f8nster og Namaste-hender, i en vakker gulfarge og med et naturlig h\u00e5ndtak. Laget av bomullsmateriale av h\u00f8y kvalitet, er denne vesken b\u00e5de myk og slitesterk, noe som gj\u00f8r den til en p\u00e5litelig f\u00f8lgesvenn p\u00e5 alle reisene dine. Den unike tie-dye-teknikken som brukes til \u00e5 lage veskens fantastiske m\u00f8nster, sikrer at ingen vesker er [&hellip;]<\/p>\n","protected":false},"featured_media":329486,"comment_status":"closed","ping_status":"open","template":"","meta":{"_angie_page":false},"product_brand":[],"product_cat":[9173,9195,9174],"product_tag":[],"class_list":{"0":"post-205583","1":"product","2":"type-product","3":"status-publish","4":"has-post-thumbnail","6":"product_cat-okologiske-vesker","7":"product_cat-slyngevesker-og-bomullsvesker-nepal","8":"product_cat-vesker-ryggsekker","9":"pa_collection-tie-dye-cotton-bags-no","10":"pa_made-in-india","12":"first","13":"instock","14":"purchasable","15":"product-type-simple"},"supplier_id":null,"supplier_sku":"TDB-09","barcode":null,"atum_controlled":true,"out_stock_date":null,"out_stock_threshold":null,"inheritable":false,"inbound_stock":null,"stock_on_hold":0,"sold_today":0,"sales_last_days":0,"reserved_stock":null,"customer_returns":null,"warehouse_damage":null,"lost_in_post":null,"other_logs":null,"out_stock_days":0,"lost_sales":0,"has_location":null,"update_date":"2026-04-30T19:05:32","atum_locations":[],"atum_stock_status":"instock","restock_status":false,"low_stock_amount":"","sales_update_date":"2026-01-30T01:26:22","calc_backorders":null,"_links":{"self":[{"href":"https:\/\/aromasentia.com\/no\/wp-json\/wp\/v2\/product\/205583","targetHints":{"allow":["GET"]}}],"collection":[{"href":"https:\/\/aromasentia.com\/no\/wp-json\/wp\/v2\/product"}],"about":[{"href":"https:\/\/aromasentia.com\/no\/wp-json\/wp\/v2\/types\/product"}],"replies":[{"embeddable":true,"href":"https:\/\/aromasentia.com\/no\/wp-json\/wp\/v2\/comments?post=205583"}],"version-history":[{"count":0,"href":"https:\/\/aromasentia.com\/no\/wp-json\/wp\/v2\/product\/205583\/revisions"}],"wp:featuredmedia":[{"embeddable":true,"href":"https:\/\/aromasentia.com\/no\/wp-json\/wp\/v2\/media\/329486"}],"wp:attachment":[{"href":"https:\/\/aromasentia.com\/no\/wp-json\/wp\/v2\/media?parent=205583"}],"wp:term":[{"taxonomy":"product_brand","embeddable":true,"href":"https:\/\/aromasentia.com\/no\/wp-json\/wp\/v2\/product_brand?post=205583"},{"taxonomy":"product_cat","embeddable":true,"href":"https:\/\/aromasentia.com\/no\/wp-json\/wp\/v2\/product_cat?post=205583"},{"taxonomy":"product_tag","embeddable":true,"href":"https:\/\/aromasentia.com\/no\/wp-json\/wp\/v2\/product_tag?post=205583"}],"curies":[{"name":"wp","href":"https:\/\/api.w.org\/{rel}","templated":true}]}}