{"id":205575,"date":"2025-03-21T14:45:04","date_gmt":"2025-03-21T14:45:04","guid":{"rendered":"https:\/\/aromasentia.com\/product\/tye-dye-cotton-bag-6oz-38x42x12cm-compass-blue-natural-handle\/"},"modified":"2025-05-31T02:01:06","modified_gmt":"2025-05-31T02:01:06","slug":"tye-dye-bomullspose-6oz-38x42x12cm-kompass-bla-naturlig-handtak","status":"publish","type":"product","link":"https:\/\/aromasentia.com\/no\/tye-dye-bomullspose-6oz-38x42x12cm-kompass-bla-naturlig-handtak\/","title":{"rendered":"Tye-Dye Bomullspose (6Oz) &#8211; 38x42x12cm &#8211; Kompass &#8211; Bl\u00e5 &#8211; Naturlig H\u00e5ndtak"},"content":{"rendered":"<p><strong><span style=\"color: rgb(75, 80, 88);\">Denne naturlige Tye-Dye-bomullsvesken<\/span><\/strong><span style=\"color: rgb(75, 80, 88);\">er et stilig og milj\u00f8vennlig tilbeh\u00f8r som garantert vil fange alles oppmerksomhet. Denne romslige vesken m\u00e5ler <strong>38 x 42 x 12 cm<\/strong>, er h\u00e5ndlaget med 100 % naturlig bomull og har et unikt tie-dye-design med bl\u00e5 ringer, noe som gj\u00f8r hver veske unik.<\/span><\/p>\n<p><span style=\"color: rgb(75, 80, 88);\">Vesken er ogs\u00e5 designet med naturlige h\u00e5ndtak, som glatter ut hele utseendet og gj\u00f8r den enkel \u00e5 b\u00e6re. Det slitesterke bomullsmaterialet sikrer at vesken er sterk nok til \u00e5 holde tunge gjenstander, mens det lange h\u00e5ndtaket gj\u00f8r den behagelig \u00e5 b\u00e6re over skulderen.<\/span><\/p>\n<p><span style=\"color: rgb(75, 80, 88);\"><strong>Naturlig Tye-Dye bomullsveske &#8211; Compass &#8211; Bl\u00e5 med naturlige h\u00e5ndtak<\/strong> er perfekt for de som leter etter et b\u00e6rekraftig alternativ til tradisjonelle handleposer.<\/span><\/p>\n<p><span style=\"color: rgb(75, 80, 88);\"><em>M\u00e5l: 38x42x12cm, h\u00e5ndtakslengde: 33 cm<\/em><\/span><\/p>\n","protected":false},"excerpt":{"rendered":"<p>Denne naturlige Tye-Dye-bomullsveskener et stilig og milj\u00f8vennlig tilbeh\u00f8r som garantert vil fange alles oppmerksomhet. Denne romslige vesken m\u00e5ler 38 x 42 x 12 cm, er h\u00e5ndlaget med 100 % naturlig bomull og har et unikt tie-dye-design med bl\u00e5 ringer, noe som gj\u00f8r hver veske unik. Vesken er ogs\u00e5 designet med naturlige h\u00e5ndtak, som glatter ut [&hellip;]<\/p>\n","protected":false},"featured_media":329286,"comment_status":"closed","ping_status":"open","template":"","meta":{"_angie_page":false},"product_brand":[],"product_cat":[9173,9195,9174],"product_tag":[],"class_list":{"0":"post-205575","1":"product","2":"type-product","3":"status-publish","4":"has-post-thumbnail","6":"product_cat-okologiske-vesker","7":"product_cat-slyngevesker-og-bomullsvesker-nepal","8":"product_cat-vesker-ryggsekker","9":"pa_collection-tie-dye-cotton-bags-no","10":"pa_made-in-india","12":"first","13":"instock","14":"purchasable","15":"product-type-simple"},"supplier_id":null,"supplier_sku":"TDB-01","barcode":null,"atum_controlled":true,"out_stock_date":null,"out_stock_threshold":null,"inheritable":false,"inbound_stock":null,"stock_on_hold":0,"sold_today":0,"sales_last_days":0,"reserved_stock":null,"customer_returns":null,"warehouse_damage":null,"lost_in_post":null,"other_logs":null,"out_stock_days":0,"lost_sales":0,"has_location":null,"update_date":"2026-04-27T07:24:06","atum_locations":[],"atum_stock_status":"instock","restock_status":false,"low_stock_amount":"","sales_update_date":"2025-09-05T00:23:46","calc_backorders":null,"_links":{"self":[{"href":"https:\/\/aromasentia.com\/no\/wp-json\/wp\/v2\/product\/205575","targetHints":{"allow":["GET"]}}],"collection":[{"href":"https:\/\/aromasentia.com\/no\/wp-json\/wp\/v2\/product"}],"about":[{"href":"https:\/\/aromasentia.com\/no\/wp-json\/wp\/v2\/types\/product"}],"replies":[{"embeddable":true,"href":"https:\/\/aromasentia.com\/no\/wp-json\/wp\/v2\/comments?post=205575"}],"version-history":[{"count":0,"href":"https:\/\/aromasentia.com\/no\/wp-json\/wp\/v2\/product\/205575\/revisions"}],"wp:featuredmedia":[{"embeddable":true,"href":"https:\/\/aromasentia.com\/no\/wp-json\/wp\/v2\/media\/329286"}],"wp:attachment":[{"href":"https:\/\/aromasentia.com\/no\/wp-json\/wp\/v2\/media?parent=205575"}],"wp:term":[{"taxonomy":"product_brand","embeddable":true,"href":"https:\/\/aromasentia.com\/no\/wp-json\/wp\/v2\/product_brand?post=205575"},{"taxonomy":"product_cat","embeddable":true,"href":"https:\/\/aromasentia.com\/no\/wp-json\/wp\/v2\/product_cat?post=205575"},{"taxonomy":"product_tag","embeddable":true,"href":"https:\/\/aromasentia.com\/no\/wp-json\/wp\/v2\/product_tag?post=205575"}],"curies":[{"name":"wp","href":"https:\/\/api.w.org\/{rel}","templated":true}]}}