{"id":205574,"date":"2025-03-21T14:45:04","date_gmt":"2025-03-21T14:45:04","guid":{"rendered":"https:\/\/aromasentia.com\/product\/soft-blend-shoulder-tote-tumeric\/"},"modified":"2025-05-31T02:01:02","modified_gmt":"2025-05-31T02:01:02","slug":"skulderveske-i-myk-blanding-tumeric","status":"publish","type":"product","link":"https:\/\/aromasentia.com\/no\/skulderveske-i-myk-blanding-tumeric\/","title":{"rendered":"Skulderveske I Myk Blanding &#8211; Tumeric"},"content":{"rendered":"<p><span style=\"color: rgb(75, 80, 88);\"><strong>Gi kundens stil varme og energi med v\u00e5r Soft Blend Shoulder Tote i gurkemeie.<\/strong><\/span><\/p>\n<p><span style=\"color: rgb(75, 80, 88);\">Denne vesken har en sl\u00e5ende kombinasjon av gyllengule og varme oransje farger, inspirert av de rike, jordaktige tonene til gurkemeie. Gurkemeiefargene gir et snev av livlighet og eksotisk stil, noe som gj\u00f8r denne vesken til et i\u00f8ynefallende tilbeh\u00f8r til enhver anledning.<\/span><\/p>\n<p><span style=\"color: rgb(75, 80, 88);\">Enten de skal p\u00e5 en sommerfestival eller en solrik stranddag, vil denne vesken garantert utfylle antrekket deres.<\/span><\/p>\n<p><span style=\"color: rgb(75, 80, 88);\">Laget av mykvasket jute og f\u00f4ret med bomull, lover den b\u00e5de komfort og holdbarhet. Batikfarget design s\u00f8rger for at hver veske er unik, og den magnetiske trykknapplukkingen holder eiendelene dine trygge.<\/span><\/p>\n<p><span style=\"color: rgb(75, 80, 88);\"><strong>La de varme fargetonene av gurkemeie lyse opp dagen og stilen din.<\/strong><\/span><\/p>\n<p><span style=\"color: rgb(75, 80, 88);\"><strong>M\u00e5l:<\/strong><\/span><\/p>\n<p><span style=\"color: rgb(75, 80, 88);\">40x32x9cm<\/span><\/p>\n","protected":false},"excerpt":{"rendered":"<p>Gi kundens stil varme og energi med v\u00e5r Soft Blend Shoulder Tote i gurkemeie. Denne vesken har en sl\u00e5ende kombinasjon av gyllengule og varme oransje farger, inspirert av de rike, jordaktige tonene til gurkemeie. Gurkemeiefargene gir et snev av livlighet og eksotisk stil, noe som gj\u00f8r denne vesken til et i\u00f8ynefallende tilbeh\u00f8r til enhver anledning. [&hellip;]<\/p>\n","protected":false},"featured_media":329229,"comment_status":"closed","ping_status":"open","template":"","meta":{"_angie_page":false},"product_brand":[],"product_cat":[9173,9174],"product_tag":[],"class_list":{"0":"post-205574","1":"product","2":"type-product","3":"status-publish","4":"has-post-thumbnail","6":"product_cat-okologiske-vesker","7":"product_cat-vesker-ryggsekker","8":"pa_collection-soft-blend-shoulder-totes-no","9":"pa_made-in-india","11":"first","12":"instock","13":"purchasable","14":"product-type-simple"},"supplier_id":null,"supplier_sku":"SBST-04","barcode":null,"atum_controlled":true,"out_stock_date":null,"out_stock_threshold":null,"inheritable":false,"inbound_stock":null,"stock_on_hold":0,"sold_today":0,"sales_last_days":0,"reserved_stock":null,"customer_returns":null,"warehouse_damage":null,"lost_in_post":null,"other_logs":null,"out_stock_days":0,"lost_sales":0,"has_location":null,"update_date":"2026-04-27T07:20:29","atum_locations":[],"atum_stock_status":"instock","restock_status":false,"low_stock_amount":"","sales_update_date":"2026-01-30T01:25:38","calc_backorders":null,"_links":{"self":[{"href":"https:\/\/aromasentia.com\/no\/wp-json\/wp\/v2\/product\/205574","targetHints":{"allow":["GET"]}}],"collection":[{"href":"https:\/\/aromasentia.com\/no\/wp-json\/wp\/v2\/product"}],"about":[{"href":"https:\/\/aromasentia.com\/no\/wp-json\/wp\/v2\/types\/product"}],"replies":[{"embeddable":true,"href":"https:\/\/aromasentia.com\/no\/wp-json\/wp\/v2\/comments?post=205574"}],"version-history":[{"count":0,"href":"https:\/\/aromasentia.com\/no\/wp-json\/wp\/v2\/product\/205574\/revisions"}],"wp:featuredmedia":[{"embeddable":true,"href":"https:\/\/aromasentia.com\/no\/wp-json\/wp\/v2\/media\/329229"}],"wp:attachment":[{"href":"https:\/\/aromasentia.com\/no\/wp-json\/wp\/v2\/media?parent=205574"}],"wp:term":[{"taxonomy":"product_brand","embeddable":true,"href":"https:\/\/aromasentia.com\/no\/wp-json\/wp\/v2\/product_brand?post=205574"},{"taxonomy":"product_cat","embeddable":true,"href":"https:\/\/aromasentia.com\/no\/wp-json\/wp\/v2\/product_cat?post=205574"},{"taxonomy":"product_tag","embeddable":true,"href":"https:\/\/aromasentia.com\/no\/wp-json\/wp\/v2\/product_tag?post=205574"}],"curies":[{"name":"wp","href":"https:\/\/api.w.org\/{rel}","templated":true}]}}