{"id":205568,"date":"2025-03-21T14:45:04","date_gmt":"2025-03-21T14:45:04","guid":{"rendered":"https:\/\/aromasentia.com\/product\/phone-holder-bag-stripes-pink-bunny-decor\/"},"modified":"2025-05-31T02:00:50","modified_gmt":"2025-05-31T02:00:50","slug":"telefonholder-veske-striper-rosa-kanindekor","status":"publish","type":"product","link":"https:\/\/aromasentia.com\/no\/telefonholder-veske-striper-rosa-kanindekor\/","title":{"rendered":"Telefonholder Veske Striper Rosa &#8211; Kanindekor"},"content":{"rendered":"<p><span style=\"color: rgb(75, 80, 88);\"><strong>Telefonholdervesken \u2013 striper i rosa \u2013 kanindekorasjon<\/strong> er et sjarmerende og praktisk tilbeh\u00f8r, perfekt for \u00e5 b\u00e6re og beskytte smarttelefoner med stil. Med et mykt rosa stripete m\u00f8nster og en s\u00f8t kanindekorasjon i filt, gir denne vesken et lekent og finurlig preg til hverdagens n\u00f8dvendigheter.<\/span><\/p>\n<p><span style=\"color: rgb(75, 80, 88);\"><strong>Produktegenskaper:<\/strong><\/span><\/p>\n<p><span style=\"color: rgb(75, 80, 88);\">\u2705 H\u00e5ndlaget i Nepal \u2013 Laget av myke, slitesterke materialer for langvarig bruk.<\/span><\/p>\n<p><span style=\"color: rgb(75, 80, 88);\">\u2705 S\u00f8t kanindesign \u2013 Sikkert festet filtdekorasjon for et unikt og i\u00f8ynefallende utseende.<\/span><\/p>\n<p><span style=\"color: rgb(75, 80, 88);\">\u2705 H\u00e5ndfri bruk \u2013 Lang stropp gj\u00f8r det enkelt \u00e5 bruke den p\u00e5 tvers av kroppen eller p\u00e5 skulderen.<\/span><\/p>\n<p><span style=\"color: rgb(75, 80, 88);\">\u2705 Stilig og beskyttende \u2013 Holder smarttelefoner trygge samtidig som den forbedrer ethvert antrekk med et morsomt og fargerikt design.<\/span><\/p>\n<p><span style=\"color: rgb(75, 80, 88);\">Perfekt for butikker, gavebutikker og nettbutikker, denne telefonvesken er et must for kunder som elsker praktisk tilbeh\u00f8r med et s\u00f8tt, h\u00e5ndlaget preg.<\/span><\/p>\n","protected":false},"excerpt":{"rendered":"<p>Telefonholdervesken \u2013 striper i rosa \u2013 kanindekorasjon er et sjarmerende og praktisk tilbeh\u00f8r, perfekt for \u00e5 b\u00e6re og beskytte smarttelefoner med stil. Med et mykt rosa stripete m\u00f8nster og en s\u00f8t kanindekorasjon i filt, gir denne vesken et lekent og finurlig preg til hverdagens n\u00f8dvendigheter. Produktegenskaper: \u2705 H\u00e5ndlaget i Nepal \u2013 Laget av myke, slitesterke [&hellip;]<\/p>\n","protected":false},"featured_media":329015,"comment_status":"closed","ping_status":"open","template":"","meta":{"_angie_page":false},"product_brand":[],"product_cat":[9173,9174],"product_tag":[],"class_list":{"0":"post-205568","1":"product","2":"type-product","3":"status-publish","4":"has-post-thumbnail","6":"product_cat-okologiske-vesker","7":"product_cat-vesker-ryggsekker","8":"pa_collection-phone-holder-bags-no","9":"pa_made-in-nepal","11":"first","12":"instock","13":"purchasable","14":"product-type-simple"},"supplier_id":null,"supplier_sku":"SBPN-02","barcode":null,"atum_controlled":true,"out_stock_date":null,"out_stock_threshold":null,"inheritable":false,"inbound_stock":null,"stock_on_hold":0,"sold_today":0,"sales_last_days":0,"reserved_stock":null,"customer_returns":null,"warehouse_damage":null,"lost_in_post":null,"other_logs":null,"out_stock_days":0,"lost_sales":0,"has_location":null,"update_date":"2026-04-27T07:20:29","atum_locations":[],"atum_stock_status":"instock","restock_status":false,"low_stock_amount":"","sales_update_date":"2026-01-30T01:26:09","calc_backorders":null,"_links":{"self":[{"href":"https:\/\/aromasentia.com\/no\/wp-json\/wp\/v2\/product\/205568","targetHints":{"allow":["GET"]}}],"collection":[{"href":"https:\/\/aromasentia.com\/no\/wp-json\/wp\/v2\/product"}],"about":[{"href":"https:\/\/aromasentia.com\/no\/wp-json\/wp\/v2\/types\/product"}],"replies":[{"embeddable":true,"href":"https:\/\/aromasentia.com\/no\/wp-json\/wp\/v2\/comments?post=205568"}],"version-history":[{"count":0,"href":"https:\/\/aromasentia.com\/no\/wp-json\/wp\/v2\/product\/205568\/revisions"}],"wp:featuredmedia":[{"embeddable":true,"href":"https:\/\/aromasentia.com\/no\/wp-json\/wp\/v2\/media\/329015"}],"wp:attachment":[{"href":"https:\/\/aromasentia.com\/no\/wp-json\/wp\/v2\/media?parent=205568"}],"wp:term":[{"taxonomy":"product_brand","embeddable":true,"href":"https:\/\/aromasentia.com\/no\/wp-json\/wp\/v2\/product_brand?post=205568"},{"taxonomy":"product_cat","embeddable":true,"href":"https:\/\/aromasentia.com\/no\/wp-json\/wp\/v2\/product_cat?post=205568"},{"taxonomy":"product_tag","embeddable":true,"href":"https:\/\/aromasentia.com\/no\/wp-json\/wp\/v2\/product_tag?post=205568"}],"curies":[{"name":"wp","href":"https:\/\/api.w.org\/{rel}","templated":true}]}}