{"id":205566,"date":"2025-03-21T14:45:04","date_gmt":"2025-03-21T14:45:04","guid":{"rendered":"https:\/\/aromasentia.com\/product\/soft-banjar-laptop-bag-blue-strips\/"},"modified":"2025-05-31T02:00:39","modified_gmt":"2025-05-31T02:00:39","slug":"myk-banjar-laptop-veske-bla-striper","status":"publish","type":"product","link":"https:\/\/aromasentia.com\/no\/myk-banjar-laptop-veske-bla-striper\/","title":{"rendered":"Myk Banjar Laptop Veske &#8211; Bl\u00e5 Striper"},"content":{"rendered":"<p>Ta deg gjennom dagen med denne myke Banjar Laptop Bag &#8211; Blue Strips. Denne stilige laptop-vesken har et klassisk bl\u00e5stripet design, muligens inspirert av tradisjonelle Banjara-m\u00f8nstre, p\u00e5 et mykt, beskyttende deksel. Den er en sikker og moteriktig m\u00e5te \u00e5 transportere den b\u00e6rbare datamaskinen p\u00e5, og kombinerer tidl\u00f8s appell med h\u00e5ndverksmessig sjarm. De beroligende bl\u00e5 stripene tilf\u00f8rer et snev av kj\u00f8lig raffinement, noe som gj\u00f8r den til et godt valg for hverdagsbruk med et snev av global inspirasjon.<\/p>\n","protected":false},"excerpt":{"rendered":"<p>Ta deg gjennom dagen med denne myke Banjar Laptop Bag &#8211; Blue Strips. Denne stilige laptop-vesken har et klassisk bl\u00e5stripet design, muligens inspirert av tradisjonelle Banjara-m\u00f8nstre, p\u00e5 et mykt, beskyttende deksel. Den er en sikker og moteriktig m\u00e5te \u00e5 transportere den b\u00e6rbare datamaskinen p\u00e5, og kombinerer tidl\u00f8s appell med h\u00e5ndverksmessig sjarm. De beroligende bl\u00e5 stripene [&hellip;]<\/p>\n","protected":false},"featured_media":328973,"comment_status":"closed","ping_status":"open","template":"","meta":[],"product_brand":[],"product_cat":[9173,9174],"product_tag":[],"class_list":{"0":"post-205566","1":"product","2":"type-product","3":"status-publish","4":"has-post-thumbnail","6":"product_cat-okologiske-vesker","7":"product_cat-vesker-ryggsekker","8":"pa_collection-soft-banjara-laptop-bags-no","9":"pa_made-in-india","11":"first","12":"instock","13":"purchasable","14":"product-type-simple"},"supplier_id":null,"supplier_sku":"SBLB-05","barcode":null,"atum_controlled":true,"out_stock_date":null,"out_stock_threshold":null,"inheritable":false,"inbound_stock":null,"stock_on_hold":0,"sold_today":0,"sales_last_days":0,"reserved_stock":null,"customer_returns":null,"warehouse_damage":null,"lost_in_post":null,"other_logs":null,"out_stock_days":0,"lost_sales":0,"has_location":null,"update_date":"2026-01-30T01:24:29","atum_locations":[],"atum_stock_status":"instock","restock_status":false,"low_stock_amount":"","sales_update_date":"2026-01-30T01:24:29","calc_backorders":null,"_links":{"self":[{"href":"https:\/\/aromasentia.com\/no\/wp-json\/wp\/v2\/product\/205566","targetHints":{"allow":["GET"]}}],"collection":[{"href":"https:\/\/aromasentia.com\/no\/wp-json\/wp\/v2\/product"}],"about":[{"href":"https:\/\/aromasentia.com\/no\/wp-json\/wp\/v2\/types\/product"}],"replies":[{"embeddable":true,"href":"https:\/\/aromasentia.com\/no\/wp-json\/wp\/v2\/comments?post=205566"}],"version-history":[{"count":0,"href":"https:\/\/aromasentia.com\/no\/wp-json\/wp\/v2\/product\/205566\/revisions"}],"wp:featuredmedia":[{"embeddable":true,"href":"https:\/\/aromasentia.com\/no\/wp-json\/wp\/v2\/media\/328973"}],"wp:attachment":[{"href":"https:\/\/aromasentia.com\/no\/wp-json\/wp\/v2\/media?parent=205566"}],"wp:term":[{"taxonomy":"product_brand","embeddable":true,"href":"https:\/\/aromasentia.com\/no\/wp-json\/wp\/v2\/product_brand?post=205566"},{"taxonomy":"product_cat","embeddable":true,"href":"https:\/\/aromasentia.com\/no\/wp-json\/wp\/v2\/product_cat?post=205566"},{"taxonomy":"product_tag","embeddable":true,"href":"https:\/\/aromasentia.com\/no\/wp-json\/wp\/v2\/product_tag?post=205566"}],"curies":[{"name":"wp","href":"https:\/\/api.w.org\/{rel}","templated":true}]}}