{"id":205560,"date":"2025-03-21T14:45:09","date_gmt":"2025-03-21T14:45:09","guid":{"rendered":"https:\/\/aromasentia.com\/product\/yoga-and-festival-pants-aladdin-himalayan-print-on-orange\/"},"modified":"2025-05-31T02:00:15","modified_gmt":"2025-05-31T02:00:15","slug":"yoga-og-festivalbukser-aladdin-himalayan-print-pa-oransje","status":"publish","type":"product","link":"https:\/\/aromasentia.com\/no\/yoga-og-festivalbukser-aladdin-himalayan-print-pa-oransje\/","title":{"rendered":"Yoga- Og Festivalbukser &#8211; Aladdin Himalayan Print P\u00e5 Oransje"},"content":{"rendered":"<p>Aladdin yogabukser er kjent for sin romslige, flytende passform. Buksene har drop-crotch-design og gir god plass til bevegelsesfrihet og smidighet. Den romslige passformen garanterer at buksene er behagelige og gir fri bevegelse, takket v\u00e6re pusteevnen.<\/p>\n<p>Laget av 100 % bomull i Nepal &nbsp;<\/p>\n<p>Unisex og one size<\/p>\n<p>Buksene leveres i en kompakt bomullspose.<\/p>\n<p>Den oransje bakgrunnen gir en fargeeksplosjon, og Himalaya-m\u00f8nstrene tilf\u00f8rer et snev av kultur og \u00e5ndelighet.&nbsp;<\/p>\n<p>Aladdin yogabukse er beregnet for yoga, men fungerer godt til ulike aktiviteter og hverdagsantrekk. Mange liker \u00e5 bruke dem p\u00e5 en avslappet m\u00e5te med en bohemsk stil, enten de slapper av, gj\u00f8r \u00e6render eller kler seg opp til en spesiell begivenhet.&nbsp;<\/p><\/p>\n","protected":false},"excerpt":{"rendered":"<p>Aladdin yogabukser er kjent for sin romslige, flytende passform. Buksene har drop-crotch-design og gir god plass til bevegelsesfrihet og smidighet. Den romslige passformen garanterer at buksene er behagelige og gir fri bevegelse, takket v\u00e6re pusteevnen. Laget av 100 % bomull i Nepal &nbsp; Unisex og one size Buksene leveres i en kompakt bomullspose. Den oransje [&hellip;]<\/p>\n","protected":false},"featured_media":329645,"comment_status":"closed","ping_status":"open","template":"","meta":{"_angie_page":false},"product_brand":[],"product_cat":[26621,25834],"product_tag":[],"class_list":{"0":"post-205560","1":"product","2":"type-product","3":"status-publish","4":"has-post-thumbnail","6":"product_cat-bukser-og-stoffbukser","7":"product_cat-klaer","8":"pa_collection-yoga-and-festival-pants-no","9":"pa_made-in-nepal","11":"first","12":"instock","13":"purchasable","14":"product-type-simple"},"supplier_id":null,"supplier_sku":"YFP-06","barcode":null,"atum_controlled":true,"out_stock_date":null,"out_stock_threshold":null,"inheritable":false,"inbound_stock":null,"stock_on_hold":0,"sold_today":0,"sales_last_days":0,"reserved_stock":null,"customer_returns":null,"warehouse_damage":null,"lost_in_post":null,"other_logs":null,"out_stock_days":0,"lost_sales":0,"has_location":null,"update_date":"2026-05-08T05:21:54","atum_locations":[],"atum_stock_status":"instock","restock_status":false,"low_stock_amount":"","sales_update_date":"2025-09-05T00:23:49","calc_backorders":null,"_links":{"self":[{"href":"https:\/\/aromasentia.com\/no\/wp-json\/wp\/v2\/product\/205560","targetHints":{"allow":["GET"]}}],"collection":[{"href":"https:\/\/aromasentia.com\/no\/wp-json\/wp\/v2\/product"}],"about":[{"href":"https:\/\/aromasentia.com\/no\/wp-json\/wp\/v2\/types\/product"}],"replies":[{"embeddable":true,"href":"https:\/\/aromasentia.com\/no\/wp-json\/wp\/v2\/comments?post=205560"}],"version-history":[{"count":0,"href":"https:\/\/aromasentia.com\/no\/wp-json\/wp\/v2\/product\/205560\/revisions"}],"wp:featuredmedia":[{"embeddable":true,"href":"https:\/\/aromasentia.com\/no\/wp-json\/wp\/v2\/media\/329645"}],"wp:attachment":[{"href":"https:\/\/aromasentia.com\/no\/wp-json\/wp\/v2\/media?parent=205560"}],"wp:term":[{"taxonomy":"product_brand","embeddable":true,"href":"https:\/\/aromasentia.com\/no\/wp-json\/wp\/v2\/product_brand?post=205560"},{"taxonomy":"product_cat","embeddable":true,"href":"https:\/\/aromasentia.com\/no\/wp-json\/wp\/v2\/product_cat?post=205560"},{"taxonomy":"product_tag","embeddable":true,"href":"https:\/\/aromasentia.com\/no\/wp-json\/wp\/v2\/product_tag?post=205560"}],"curies":[{"name":"wp","href":"https:\/\/api.w.org\/{rel}","templated":true}]}}