{"id":205558,"date":"2025-03-21T14:45:09","date_gmt":"2025-03-21T14:45:09","guid":{"rendered":"https:\/\/aromasentia.com\/product\/yoga-and-festival-pants-aladdin-himalayan-print-on-grey\/"},"modified":"2025-05-31T02:00:09","modified_gmt":"2025-05-31T02:00:09","slug":"yoga-og-festivalbukser-aladdin-himalayan-print-pa-gra","status":"publish","type":"product","link":"https:\/\/aromasentia.com\/no\/yoga-og-festivalbukser-aladdin-himalayan-print-pa-gra\/","title":{"rendered":"Yoga- Og Festivalbukser &#8211; Aladdin Himalayan Print P\u00e5 Gr\u00e5"},"content":{"rendered":"<p>Aladdin yogabukser er kjent for sin l\u00f8se, b\u00f8lgende passform. Buksene har drop-crotch, noe som gir god plass til bevegelse og fleksibilitet. Den l\u00f8se passformen s\u00f8rger for at buksene er komfortable og pustende, noe som gir god bevegelsesfrihet.<\/p>\n<p>Laget av 100 % bomull i Nepal <\/p>\n<p>Unisex og one size<\/p>\n<p>Buksene leveres i en kompakt bomullspose.<\/p>\n<p>Den gr\u00e5 bakgrunnen fremhever de livlige symbolene og m\u00f8nstrene som er p\u00e5virket av Himalaya.<\/p>\n<p>Selv om Aladdin yogabukser er designet med tanke p\u00e5 yoga, er de allsidige nok til andre aktiviteter og hverdagsbruk. Mange liker dem som avslappede bukser i bohemstil n\u00e5r de slapper av, l\u00f8per \u00e6render eller til og med kler seg fint for en spesiell anledning.&nbsp;<\/p><\/p>\n","protected":false},"excerpt":{"rendered":"<p>Aladdin yogabukser er kjent for sin l\u00f8se, b\u00f8lgende passform. Buksene har drop-crotch, noe som gir god plass til bevegelse og fleksibilitet. Den l\u00f8se passformen s\u00f8rger for at buksene er komfortable og pustende, noe som gir god bevegelsesfrihet. Laget av 100 % bomull i Nepal Unisex og one size Buksene leveres i en kompakt bomullspose. Den [&hellip;]<\/p>\n","protected":false},"featured_media":329603,"comment_status":"closed","ping_status":"open","template":"","meta":{"_angie_page":false},"product_brand":[],"product_cat":[26621,25834],"product_tag":[],"class_list":{"0":"post-205558","1":"product","2":"type-product","3":"status-publish","4":"has-post-thumbnail","6":"product_cat-bukser-og-stoffbukser","7":"product_cat-klaer","8":"pa_collection-yoga-and-festival-pants-no","9":"pa_made-in-nepal","11":"first","12":"instock","13":"purchasable","14":"product-type-simple"},"supplier_id":null,"supplier_sku":"YFP-04","barcode":null,"atum_controlled":true,"out_stock_date":null,"out_stock_threshold":null,"inheritable":false,"inbound_stock":null,"stock_on_hold":0,"sold_today":0,"sales_last_days":0,"reserved_stock":null,"customer_returns":null,"warehouse_damage":null,"lost_in_post":null,"other_logs":null,"out_stock_days":0,"lost_sales":0,"has_location":null,"update_date":"2026-05-08T05:21:53","atum_locations":[],"atum_stock_status":"instock","restock_status":false,"low_stock_amount":"","sales_update_date":"2025-09-05T00:23:49","calc_backorders":null,"_links":{"self":[{"href":"https:\/\/aromasentia.com\/no\/wp-json\/wp\/v2\/product\/205558","targetHints":{"allow":["GET"]}}],"collection":[{"href":"https:\/\/aromasentia.com\/no\/wp-json\/wp\/v2\/product"}],"about":[{"href":"https:\/\/aromasentia.com\/no\/wp-json\/wp\/v2\/types\/product"}],"replies":[{"embeddable":true,"href":"https:\/\/aromasentia.com\/no\/wp-json\/wp\/v2\/comments?post=205558"}],"version-history":[{"count":0,"href":"https:\/\/aromasentia.com\/no\/wp-json\/wp\/v2\/product\/205558\/revisions"}],"wp:featuredmedia":[{"embeddable":true,"href":"https:\/\/aromasentia.com\/no\/wp-json\/wp\/v2\/media\/329603"}],"wp:attachment":[{"href":"https:\/\/aromasentia.com\/no\/wp-json\/wp\/v2\/media?parent=205558"}],"wp:term":[{"taxonomy":"product_brand","embeddable":true,"href":"https:\/\/aromasentia.com\/no\/wp-json\/wp\/v2\/product_brand?post=205558"},{"taxonomy":"product_cat","embeddable":true,"href":"https:\/\/aromasentia.com\/no\/wp-json\/wp\/v2\/product_cat?post=205558"},{"taxonomy":"product_tag","embeddable":true,"href":"https:\/\/aromasentia.com\/no\/wp-json\/wp\/v2\/product_tag?post=205558"}],"curies":[{"name":"wp","href":"https:\/\/api.w.org\/{rel}","templated":true}]}}