{"id":205533,"date":"2025-03-22T13:29:09","date_gmt":"2025-03-22T13:29:09","guid":{"rendered":"https:\/\/aromasentia.com\/product\/bag-of-6-large-african-tumble-stones-sodalite-pure-blue\/"},"modified":"2025-05-31T01:58:45","modified_gmt":"2025-05-31T01:58:45","slug":"pose-med-6-store-afrikanske-tromlede-stener-sodalite-pure-blue","status":"publish","type":"product","link":"https:\/\/aromasentia.com\/no\/pose-med-6-store-afrikanske-tromlede-stener-sodalite-pure-blue\/","title":{"rendered":"Pose med 6 Store Afrikanske Tromlede Stener &#8211; Sodalite &#8211; Pure Blue"},"content":{"rendered":"<p>Sodalitt er et mineral fra gruppen silikater. Det er en sjelden og sv\u00e6rt ettertraktet stein. Fargen er myk og beroligende. Sodalitt anses \u00e5 v\u00e6re steinen som &laquo;\u00e5pner&raquo; sinnet v\u00e5rt.<\/p>\n<p>St\u00f8rrelse ca: 30 &#8211; 50 [mm]\/ 33 steiner per 1 kg <\/p>\n<p>.<\/p>\n","protected":false},"excerpt":{"rendered":"<p>Sodalitt er et mineral fra gruppen silikater. Det er en sjelden og sv\u00e6rt ettertraktet stein. Fargen er myk og beroligende. Sodalitt anses \u00e5 v\u00e6re steinen som &laquo;\u00e5pner&raquo; sinnet v\u00e5rt. St\u00f8rrelse ca: 30 &#8211; 50 [mm]\/ 33 steiner per 1 kg .<\/p>\n","protected":false},"featured_media":330438,"comment_status":"closed","ping_status":"open","template":"","meta":{"_angie_page":false},"product_brand":[],"product_cat":[9155,25221,25768,9161],"product_tag":[],"class_list":{"0":"post-205533","1":"product","2":"type-product","3":"status-publish","4":"has-post-thumbnail","6":"product_cat-esoteriske-gaver","7":"product_cat-krystaller-edelsteiner","8":"product_cat-sodalitt","9":"product_cat-trommelsteiner","10":"pa_collection-large-african-tumble-stones-no","11":"pa_made-in-sor-afrika","13":"first","14":"instock","15":"purchasable","16":"product-type-simple"},"supplier_id":null,"supplier_sku":"ATumbleL-15","barcode":null,"atum_controlled":true,"out_stock_date":null,"out_stock_threshold":null,"inheritable":false,"inbound_stock":null,"stock_on_hold":0,"sold_today":0,"sales_last_days":0,"reserved_stock":null,"customer_returns":null,"warehouse_damage":null,"lost_in_post":null,"other_logs":null,"out_stock_days":0,"lost_sales":0,"has_location":null,"update_date":"2026-05-08T05:03:48","atum_locations":[],"atum_stock_status":"instock","restock_status":false,"low_stock_amount":"","sales_update_date":"2026-02-06T00:02:35","calc_backorders":null,"_links":{"self":[{"href":"https:\/\/aromasentia.com\/no\/wp-json\/wp\/v2\/product\/205533","targetHints":{"allow":["GET"]}}],"collection":[{"href":"https:\/\/aromasentia.com\/no\/wp-json\/wp\/v2\/product"}],"about":[{"href":"https:\/\/aromasentia.com\/no\/wp-json\/wp\/v2\/types\/product"}],"replies":[{"embeddable":true,"href":"https:\/\/aromasentia.com\/no\/wp-json\/wp\/v2\/comments?post=205533"}],"version-history":[{"count":0,"href":"https:\/\/aromasentia.com\/no\/wp-json\/wp\/v2\/product\/205533\/revisions"}],"wp:featuredmedia":[{"embeddable":true,"href":"https:\/\/aromasentia.com\/no\/wp-json\/wp\/v2\/media\/330438"}],"wp:attachment":[{"href":"https:\/\/aromasentia.com\/no\/wp-json\/wp\/v2\/media?parent=205533"}],"wp:term":[{"taxonomy":"product_brand","embeddable":true,"href":"https:\/\/aromasentia.com\/no\/wp-json\/wp\/v2\/product_brand?post=205533"},{"taxonomy":"product_cat","embeddable":true,"href":"https:\/\/aromasentia.com\/no\/wp-json\/wp\/v2\/product_cat?post=205533"},{"taxonomy":"product_tag","embeddable":true,"href":"https:\/\/aromasentia.com\/no\/wp-json\/wp\/v2\/product_tag?post=205533"}],"curies":[{"name":"wp","href":"https:\/\/api.w.org\/{rel}","templated":true}]}}