{"id":205524,"date":"2025-03-22T13:29:09","date_gmt":"2025-03-22T13:29:09","guid":{"rendered":"https:\/\/aromasentia.com\/product\/bag-of-6-large-african-tumble-stones-epidote-snowflake\/"},"modified":"2025-05-31T01:58:04","modified_gmt":"2025-05-31T01:58:04","slug":"pose-med-6-store-afrikanske-tromlede-stener-epidote-snowflake","status":"publish","type":"product","link":"https:\/\/aromasentia.com\/no\/pose-med-6-store-afrikanske-tromlede-stener-epidote-snowflake\/","title":{"rendered":"Pose med 6 Store Afrikanske Tromlede Stener &#8211; Epidote Snowflake"},"content":{"rendered":"<p>Snowflake Epidote har et litt h\u00f8yere kvartsinnhold enn gjennomsnittet, og dermed &#8211; en lysere farge. Det er her det opprinnelige navnet kommer fra. N\u00e5r det gjelder dens helbredende egenskaper, antas det at sn\u00f8fnugg-epidot hjelper deg med \u00e5 manifestere deg selv og lar deg kvitte deg med negativ energi.<\/p>\n<p>St\u00f8rrelse ca: 30 &#8211; 50 [mm] \/ 33 steiner per 1 kg <\/p>\n<p>\n","protected":false},"excerpt":{"rendered":"<p>Snowflake Epidote har et litt h\u00f8yere kvartsinnhold enn gjennomsnittet, og dermed &#8211; en lysere farge. Det er her det opprinnelige navnet kommer fra. N\u00e5r det gjelder dens helbredende egenskaper, antas det at sn\u00f8fnugg-epidot hjelper deg med \u00e5 manifestere deg selv og lar deg kvitte deg med negativ energi. St\u00f8rrelse ca: 30 &#8211; 50 [mm] \/ [&hellip;]<\/p>\n","protected":false},"featured_media":330285,"comment_status":"closed","ping_status":"open","template":"","meta":{"_angie_page":false},"product_brand":[],"product_cat":[25598,9155,25221,9161],"product_tag":[],"class_list":{"0":"post-205524","1":"product","2":"type-product","3":"status-publish","4":"has-post-thumbnail","6":"product_cat-epidot","7":"product_cat-esoteriske-gaver","8":"product_cat-krystaller-edelsteiner","9":"product_cat-trommelsteiner","10":"pa_collection-large-african-tumble-stones-no","11":"pa_made-in-sor-afrika","13":"first","14":"instock","15":"purchasable","16":"product-type-simple"},"supplier_id":null,"supplier_sku":"ATumbleL-03","barcode":null,"atum_controlled":true,"out_stock_date":null,"out_stock_threshold":null,"inheritable":false,"inbound_stock":null,"stock_on_hold":0,"sold_today":0,"sales_last_days":0,"reserved_stock":null,"customer_returns":null,"warehouse_damage":null,"lost_in_post":null,"other_logs":null,"out_stock_days":0,"lost_sales":0,"has_location":null,"update_date":"2026-04-27T06:51:26","atum_locations":[],"atum_stock_status":"instock","restock_status":false,"low_stock_amount":"","sales_update_date":"2026-01-30T01:26:32","calc_backorders":null,"_links":{"self":[{"href":"https:\/\/aromasentia.com\/no\/wp-json\/wp\/v2\/product\/205524","targetHints":{"allow":["GET"]}}],"collection":[{"href":"https:\/\/aromasentia.com\/no\/wp-json\/wp\/v2\/product"}],"about":[{"href":"https:\/\/aromasentia.com\/no\/wp-json\/wp\/v2\/types\/product"}],"replies":[{"embeddable":true,"href":"https:\/\/aromasentia.com\/no\/wp-json\/wp\/v2\/comments?post=205524"}],"version-history":[{"count":0,"href":"https:\/\/aromasentia.com\/no\/wp-json\/wp\/v2\/product\/205524\/revisions"}],"wp:featuredmedia":[{"embeddable":true,"href":"https:\/\/aromasentia.com\/no\/wp-json\/wp\/v2\/media\/330285"}],"wp:attachment":[{"href":"https:\/\/aromasentia.com\/no\/wp-json\/wp\/v2\/media?parent=205524"}],"wp:term":[{"taxonomy":"product_brand","embeddable":true,"href":"https:\/\/aromasentia.com\/no\/wp-json\/wp\/v2\/product_brand?post=205524"},{"taxonomy":"product_cat","embeddable":true,"href":"https:\/\/aromasentia.com\/no\/wp-json\/wp\/v2\/product_cat?post=205524"},{"taxonomy":"product_tag","embeddable":true,"href":"https:\/\/aromasentia.com\/no\/wp-json\/wp\/v2\/product_tag?post=205524"}],"curies":[{"name":"wp","href":"https:\/\/api.w.org\/{rel}","templated":true}]}}