{"id":205523,"date":"2025-03-22T13:29:09","date_gmt":"2025-03-22T13:29:09","guid":{"rendered":"https:\/\/aromasentia.com\/product\/bag-of-6-large-african-tumble-stones-dragon-stones\/"},"modified":"2025-05-31T01:58:01","modified_gmt":"2025-05-31T01:58:01","slug":"pose-med-6-store-afrikanske-tromlede-stener-dragon-stones","status":"publish","type":"product","link":"https:\/\/aromasentia.com\/no\/pose-med-6-store-afrikanske-tromlede-stener-dragon-stones\/","title":{"rendered":"Pose med 6 Store Afrikanske Tromlede Stener &#8211; Dragon Stones"},"content":{"rendered":"<p>Det opprinnelige navnet p\u00e5 denne steinen kommer fra en legende som er popul\u00e6r p\u00e5 Madagaskar. If\u00f8lge legenden ble restene av dragene som d\u00f8de, forsteinet og la seg p\u00e5 havets bunn. Og fra dem ble Dragon Stones dannet, med en ekstraordin\u00e6r blanding av gul, gyldenbrun og svart, med et snev av gr\u00e5.<\/p>\n<p>Denne edelstenen best\u00e5r oftest av kalsitt, aragonitt og gr\u00e5 kalkstein, og er laget av marine sedimenter ved vulkanutbrudd. Men det unike ved denne steinen betyr ogs\u00e5 mange overraskelser i sammensetningen. Vi kan finne eksemplarer som inneholder blant annet hematitt, flint, jaspis, dolomitt og pyritt.<\/p>\n<p>Dragon Stone regnes som den perfekte steinen for kunnskapshungrige mennesker.<\/p>\n<p>St\u00f8rrelse ca: 30 &#8211; 50 [mm]\/ 33 steiner per 1 kg <\/p>\n<p>.<\/p>\n","protected":false},"excerpt":{"rendered":"<p>Det opprinnelige navnet p\u00e5 denne steinen kommer fra en legende som er popul\u00e6r p\u00e5 Madagaskar. If\u00f8lge legenden ble restene av dragene som d\u00f8de, forsteinet og la seg p\u00e5 havets bunn. Og fra dem ble Dragon Stones dannet, med en ekstraordin\u00e6r blanding av gul, gyldenbrun og svart, med et snev av gr\u00e5. Denne edelstenen best\u00e5r oftest [&hellip;]<\/p>\n","protected":false},"featured_media":330268,"comment_status":"closed","ping_status":"open","template":"","meta":{"_angie_page":false},"product_brand":[],"product_cat":[9155,9161],"product_tag":[],"class_list":{"0":"post-205523","1":"product","2":"type-product","3":"status-publish","4":"has-post-thumbnail","6":"product_cat-esoteriske-gaver","7":"product_cat-trommelsteiner","8":"pa_collection-large-african-tumble-stones-no","9":"pa_made-in-sor-afrika","11":"first","12":"instock","13":"purchasable","14":"product-type-simple"},"supplier_id":null,"supplier_sku":"ATumbleL-02","barcode":null,"atum_controlled":true,"out_stock_date":null,"out_stock_threshold":null,"inheritable":false,"inbound_stock":null,"stock_on_hold":0,"sold_today":0,"sales_last_days":0,"reserved_stock":null,"customer_returns":null,"warehouse_damage":null,"lost_in_post":null,"other_logs":null,"out_stock_days":0,"lost_sales":0,"has_location":null,"update_date":"2026-04-27T06:51:26","atum_locations":[],"atum_stock_status":"instock","restock_status":false,"low_stock_amount":"","sales_update_date":"2026-01-30T01:24:55","calc_backorders":null,"_links":{"self":[{"href":"https:\/\/aromasentia.com\/no\/wp-json\/wp\/v2\/product\/205523","targetHints":{"allow":["GET"]}}],"collection":[{"href":"https:\/\/aromasentia.com\/no\/wp-json\/wp\/v2\/product"}],"about":[{"href":"https:\/\/aromasentia.com\/no\/wp-json\/wp\/v2\/types\/product"}],"replies":[{"embeddable":true,"href":"https:\/\/aromasentia.com\/no\/wp-json\/wp\/v2\/comments?post=205523"}],"version-history":[{"count":0,"href":"https:\/\/aromasentia.com\/no\/wp-json\/wp\/v2\/product\/205523\/revisions"}],"wp:featuredmedia":[{"embeddable":true,"href":"https:\/\/aromasentia.com\/no\/wp-json\/wp\/v2\/media\/330268"}],"wp:attachment":[{"href":"https:\/\/aromasentia.com\/no\/wp-json\/wp\/v2\/media?parent=205523"}],"wp:term":[{"taxonomy":"product_brand","embeddable":true,"href":"https:\/\/aromasentia.com\/no\/wp-json\/wp\/v2\/product_brand?post=205523"},{"taxonomy":"product_cat","embeddable":true,"href":"https:\/\/aromasentia.com\/no\/wp-json\/wp\/v2\/product_cat?post=205523"},{"taxonomy":"product_tag","embeddable":true,"href":"https:\/\/aromasentia.com\/no\/wp-json\/wp\/v2\/product_tag?post=205523"}],"curies":[{"name":"wp","href":"https:\/\/api.w.org\/{rel}","templated":true}]}}