{"id":205521,"date":"2025-03-22T13:29:09","date_gmt":"2025-03-22T13:29:09","guid":{"rendered":"https:\/\/aromasentia.com\/product\/esoteric-fringed-altar-cloth-horoscope\/"},"modified":"2025-05-31T01:57:55","modified_gmt":"2025-05-31T01:57:55","slug":"esoterisk-alterduk-med-frynser-horoskop","status":"publish","type":"product","link":"https:\/\/aromasentia.com\/no\/esoterisk-alterduk-med-frynser-horoskop\/","title":{"rendered":"Esoterisk Alterduk med Frynser &#8211; Horoskop"},"content":{"rendered":"<p>Utforsk himmelsk veiledning med denne esoteriske alterduken med frynser &#8211; Horoskop. Denne spennende alterduken er utsmykket med astrologiske symboler, stjernetegn eller et himmelkart som representerer horoskopet. Den tradisjonelle frynsete kanten forsterker den sp\u00e5domsmessige f\u00f8lelsen. Den er ideell for astrologiske lesninger, meditasjon over kosmiske p\u00e5virkninger eller for \u00e5 skape et hellig rom dedikert til \u00e5 forst\u00e5 planetenergier og deres innvirkning p\u00e5 livet, og er et vakkert verkt\u00f8y for enhver astrologientusiast.<\/p>\n","protected":false},"excerpt":{"rendered":"<p>Utforsk himmelsk veiledning med denne esoteriske alterduken med frynser &#8211; Horoskop. Denne spennende alterduken er utsmykket med astrologiske symboler, stjernetegn eller et himmelkart som representerer horoskopet. Den tradisjonelle frynsete kanten forsterker den sp\u00e5domsmessige f\u00f8lelsen. Den er ideell for astrologiske lesninger, meditasjon over kosmiske p\u00e5virkninger eller for \u00e5 skape et hellig rom dedikert til \u00e5 forst\u00e5 [&hellip;]<\/p>\n","protected":false},"featured_media":330226,"comment_status":"closed","ping_status":"open","template":"","meta":{"_angie_page":false},"product_brand":[],"product_cat":[8394,9169],"product_tag":[],"class_list":{"0":"post-205521","1":"product","2":"type-product","3":"status-publish","4":"has-post-thumbnail","6":"product_cat-hjem-og-hage","7":"product_cat-syngeboller-og-bjeller","8":"pa_collection-esoteric-altar-cloth-no","9":"pa_made-in-india","11":"first","12":"instock","13":"purchasable","14":"product-type-simple"},"supplier_id":null,"supplier_sku":"AltC-06","barcode":null,"atum_controlled":true,"out_stock_date":null,"out_stock_threshold":null,"inheritable":false,"inbound_stock":null,"stock_on_hold":0,"sold_today":0,"sales_last_days":0,"reserved_stock":null,"customer_returns":null,"warehouse_damage":null,"lost_in_post":null,"other_logs":null,"out_stock_days":0,"lost_sales":0,"has_location":null,"update_date":"2026-04-27T06:50:22","atum_locations":[],"atum_stock_status":"instock","restock_status":false,"low_stock_amount":"","sales_update_date":"2025-10-09T03:23:16","calc_backorders":null,"_links":{"self":[{"href":"https:\/\/aromasentia.com\/no\/wp-json\/wp\/v2\/product\/205521","targetHints":{"allow":["GET"]}}],"collection":[{"href":"https:\/\/aromasentia.com\/no\/wp-json\/wp\/v2\/product"}],"about":[{"href":"https:\/\/aromasentia.com\/no\/wp-json\/wp\/v2\/types\/product"}],"replies":[{"embeddable":true,"href":"https:\/\/aromasentia.com\/no\/wp-json\/wp\/v2\/comments?post=205521"}],"version-history":[{"count":0,"href":"https:\/\/aromasentia.com\/no\/wp-json\/wp\/v2\/product\/205521\/revisions"}],"wp:featuredmedia":[{"embeddable":true,"href":"https:\/\/aromasentia.com\/no\/wp-json\/wp\/v2\/media\/330226"}],"wp:attachment":[{"href":"https:\/\/aromasentia.com\/no\/wp-json\/wp\/v2\/media?parent=205521"}],"wp:term":[{"taxonomy":"product_brand","embeddable":true,"href":"https:\/\/aromasentia.com\/no\/wp-json\/wp\/v2\/product_brand?post=205521"},{"taxonomy":"product_cat","embeddable":true,"href":"https:\/\/aromasentia.com\/no\/wp-json\/wp\/v2\/product_cat?post=205521"},{"taxonomy":"product_tag","embeddable":true,"href":"https:\/\/aromasentia.com\/no\/wp-json\/wp\/v2\/product_tag?post=205521"}],"curies":[{"name":"wp","href":"https:\/\/api.w.org\/{rel}","templated":true}]}}