{"id":205520,"date":"2025-03-22T13:29:09","date_gmt":"2025-03-22T13:29:09","guid":{"rendered":"https:\/\/aromasentia.com\/product\/esoteric-fringed-altar-cloth-chakra-chart\/"},"modified":"2025-05-31T01:57:50","modified_gmt":"2025-05-31T01:57:50","slug":"esoterisk-alterduk-med-frynser-chakrakart","status":"publish","type":"product","link":"https:\/\/aromasentia.com\/no\/esoterisk-alterduk-med-frynser-chakrakart\/","title":{"rendered":"Esoterisk Alterduk med Frynser &#8211; Chakrakart"},"content":{"rendered":"<p>Juster energiene dine med denne esoteriske alterduken med frynser &#8211; Chakra Chart. Denne opplysende alterduken har en visuell fremstilling av de syv chakraene, sammen med de tilh\u00f8rende symbolene eller fargene. De frynsete kantene gj\u00f8r duken ekstra hellig. Den er perfekt for energihealing, meditasjon med fokus p\u00e5 chakrabalansering eller som et visuelt hjelpemiddel for \u00e5 l\u00e6re om kroppens subtile energisystem, og den bidrar til \u00e5 skape et fokusert og harmoniserende milj\u00f8 for \u00e5ndelig arbeid.<\/p>\n","protected":false},"excerpt":{"rendered":"<p>Juster energiene dine med denne esoteriske alterduken med frynser &#8211; Chakra Chart. Denne opplysende alterduken har en visuell fremstilling av de syv chakraene, sammen med de tilh\u00f8rende symbolene eller fargene. De frynsete kantene gj\u00f8r duken ekstra hellig. Den er perfekt for energihealing, meditasjon med fokus p\u00e5 chakrabalansering eller som et visuelt hjelpemiddel for \u00e5 l\u00e6re [&hellip;]<\/p>\n","protected":false},"featured_media":330209,"comment_status":"closed","ping_status":"open","template":"","meta":[],"product_brand":[],"product_cat":[8394,9169],"product_tag":[],"class_list":{"0":"post-205520","1":"product","2":"type-product","3":"status-publish","4":"has-post-thumbnail","6":"product_cat-hjem-og-hage","7":"product_cat-syngeboller-og-bjeller","8":"pa_collection-esoteric-altar-cloth-no","9":"pa_made-in-india","11":"first","12":"instock","13":"purchasable","14":"product-type-simple"},"supplier_id":null,"supplier_sku":"AltC-05","barcode":null,"atum_controlled":true,"out_stock_date":null,"out_stock_threshold":null,"inheritable":false,"inbound_stock":null,"stock_on_hold":0,"sold_today":0,"sales_last_days":0,"reserved_stock":null,"customer_returns":null,"warehouse_damage":null,"lost_in_post":null,"other_logs":null,"out_stock_days":0,"lost_sales":0,"has_location":null,"update_date":"2026-02-06T00:02:41","atum_locations":[],"atum_stock_status":"instock","restock_status":false,"low_stock_amount":"","sales_update_date":"2026-02-06T00:02:41","calc_backorders":null,"_links":{"self":[{"href":"https:\/\/aromasentia.com\/no\/wp-json\/wp\/v2\/product\/205520","targetHints":{"allow":["GET"]}}],"collection":[{"href":"https:\/\/aromasentia.com\/no\/wp-json\/wp\/v2\/product"}],"about":[{"href":"https:\/\/aromasentia.com\/no\/wp-json\/wp\/v2\/types\/product"}],"replies":[{"embeddable":true,"href":"https:\/\/aromasentia.com\/no\/wp-json\/wp\/v2\/comments?post=205520"}],"version-history":[{"count":0,"href":"https:\/\/aromasentia.com\/no\/wp-json\/wp\/v2\/product\/205520\/revisions"}],"wp:featuredmedia":[{"embeddable":true,"href":"https:\/\/aromasentia.com\/no\/wp-json\/wp\/v2\/media\/330209"}],"wp:attachment":[{"href":"https:\/\/aromasentia.com\/no\/wp-json\/wp\/v2\/media?parent=205520"}],"wp:term":[{"taxonomy":"product_brand","embeddable":true,"href":"https:\/\/aromasentia.com\/no\/wp-json\/wp\/v2\/product_brand?post=205520"},{"taxonomy":"product_cat","embeddable":true,"href":"https:\/\/aromasentia.com\/no\/wp-json\/wp\/v2\/product_cat?post=205520"},{"taxonomy":"product_tag","embeddable":true,"href":"https:\/\/aromasentia.com\/no\/wp-json\/wp\/v2\/product_tag?post=205520"}],"curies":[{"name":"wp","href":"https:\/\/api.w.org\/{rel}","templated":true}]}}