{"id":205519,"date":"2025-03-22T13:29:09","date_gmt":"2025-03-22T13:29:09","guid":{"rendered":"https:\/\/aromasentia.com\/product\/esoteric-fringed-altar-cloth-moon-sun-chart\/"},"modified":"2025-05-31T01:57:45","modified_gmt":"2025-05-31T01:57:45","slug":"esoterisk-alterduk-med-frynser-mane-og-solkart","status":"publish","type":"product","link":"https:\/\/aromasentia.com\/no\/esoterisk-alterduk-med-frynser-mane-og-solkart\/","title":{"rendered":"Esoterisk Alterduk med Frynser &#8211; M\u00e5ne- Og Solkart"},"content":{"rendered":"<p>Harmoniser med kosmiske energier ved hjelp av denne esoteriske alterduken med frynser &#8211; m\u00e5ne- og soldiagram. Denne fengslende alterduken viser astrologiske eller symbolske diagrammer knyttet til m\u00e5nen og solen, som representerer dualitet, sykluser og himmelske p\u00e5virkninger. Den frynsete kanten tilf\u00f8rer et snev av tradisjonell mystikk. Ideell for astrologisk arbeid, \u00e5rstidsritualer eller for \u00e5 skape et hellig rom som hedrer kosmos&#8217; rytmer og samspillet mellom maskuline og feminine energier.<\/p>\n","protected":false},"excerpt":{"rendered":"<p>Harmoniser med kosmiske energier ved hjelp av denne esoteriske alterduken med frynser &#8211; m\u00e5ne- og soldiagram. Denne fengslende alterduken viser astrologiske eller symbolske diagrammer knyttet til m\u00e5nen og solen, som representerer dualitet, sykluser og himmelske p\u00e5virkninger. Den frynsete kanten tilf\u00f8rer et snev av tradisjonell mystikk. Ideell for astrologisk arbeid, \u00e5rstidsritualer eller for \u00e5 skape et [&hellip;]<\/p>\n","protected":false},"featured_media":330192,"comment_status":"closed","ping_status":"open","template":"","meta":{"_angie_page":false},"product_brand":[],"product_cat":[8394,9169],"product_tag":[],"class_list":{"0":"post-205519","1":"product","2":"type-product","3":"status-publish","4":"has-post-thumbnail","6":"product_cat-hjem-og-hage","7":"product_cat-syngeboller-og-bjeller","8":"pa_collection-esoteric-altar-cloth-no","9":"pa_made-in-india","11":"first","12":"instock","13":"purchasable","14":"product-type-simple"},"supplier_id":null,"supplier_sku":"AltC-04","barcode":null,"atum_controlled":true,"out_stock_date":null,"out_stock_threshold":null,"inheritable":false,"inbound_stock":null,"stock_on_hold":0,"sold_today":0,"sales_last_days":0,"reserved_stock":null,"customer_returns":null,"warehouse_damage":null,"lost_in_post":null,"other_logs":null,"out_stock_days":0,"lost_sales":0,"has_location":null,"update_date":"2026-04-27T06:50:18","atum_locations":[],"atum_stock_status":"instock","restock_status":false,"low_stock_amount":"","sales_update_date":"2025-10-09T03:23:13","calc_backorders":null,"_links":{"self":[{"href":"https:\/\/aromasentia.com\/no\/wp-json\/wp\/v2\/product\/205519","targetHints":{"allow":["GET"]}}],"collection":[{"href":"https:\/\/aromasentia.com\/no\/wp-json\/wp\/v2\/product"}],"about":[{"href":"https:\/\/aromasentia.com\/no\/wp-json\/wp\/v2\/types\/product"}],"replies":[{"embeddable":true,"href":"https:\/\/aromasentia.com\/no\/wp-json\/wp\/v2\/comments?post=205519"}],"version-history":[{"count":0,"href":"https:\/\/aromasentia.com\/no\/wp-json\/wp\/v2\/product\/205519\/revisions"}],"wp:featuredmedia":[{"embeddable":true,"href":"https:\/\/aromasentia.com\/no\/wp-json\/wp\/v2\/media\/330192"}],"wp:attachment":[{"href":"https:\/\/aromasentia.com\/no\/wp-json\/wp\/v2\/media?parent=205519"}],"wp:term":[{"taxonomy":"product_brand","embeddable":true,"href":"https:\/\/aromasentia.com\/no\/wp-json\/wp\/v2\/product_brand?post=205519"},{"taxonomy":"product_cat","embeddable":true,"href":"https:\/\/aromasentia.com\/no\/wp-json\/wp\/v2\/product_cat?post=205519"},{"taxonomy":"product_tag","embeddable":true,"href":"https:\/\/aromasentia.com\/no\/wp-json\/wp\/v2\/product_tag?post=205519"}],"curies":[{"name":"wp","href":"https:\/\/api.w.org\/{rel}","templated":true}]}}