{"id":205518,"date":"2025-03-22T13:29:09","date_gmt":"2025-03-22T13:29:09","guid":{"rendered":"https:\/\/aromasentia.com\/product\/esoteric-fringed-altar-cloth-life-death-rebirth\/"},"modified":"2025-05-31T01:57:42","modified_gmt":"2025-05-31T01:57:42","slug":"esoterisk-alterduk-med-frynser-liv-dod-gjenfodelse","status":"publish","type":"product","link":"https:\/\/aromasentia.com\/no\/esoterisk-alterduk-med-frynser-liv-dod-gjenfodelse\/","title":{"rendered":"Esoterisk Alterduk med Frynser &#8211; Liv D\u00f8d Gjenf\u00f8delse"},"content":{"rendered":"<p>Tenk over tilv\u00e6relsens sykluser med denne esoteriske alterduken med frynser &#8211; Life Death Rebirth. Denne dype alterduken har symbolske fremstillinger av den evige syklusen av liv, d\u00f8d og gjenf\u00f8delse, et sentralt konsept i mange \u00e5ndelige og esoteriske tradisjoner. De frynsete kantene forsterker den seremonielle f\u00f8lelsen. Den er perfekt for meditasjon, forfedrearbeid eller ritualer med fokus p\u00e5 transformasjon og fornyelse, og gir et kraftfullt visuelt fokus for \u00e5 forst\u00e5 livets kontinuerlige utfoldelse.<\/p>\n","protected":false},"excerpt":{"rendered":"<p>Tenk over tilv\u00e6relsens sykluser med denne esoteriske alterduken med frynser &#8211; Life Death Rebirth. Denne dype alterduken har symbolske fremstillinger av den evige syklusen av liv, d\u00f8d og gjenf\u00f8delse, et sentralt konsept i mange \u00e5ndelige og esoteriske tradisjoner. De frynsete kantene forsterker den seremonielle f\u00f8lelsen. Den er perfekt for meditasjon, forfedrearbeid eller ritualer med fokus [&hellip;]<\/p>\n","protected":false},"featured_media":330167,"comment_status":"closed","ping_status":"open","template":"","meta":[],"product_brand":[],"product_cat":[8394,9169],"product_tag":[],"class_list":{"0":"post-205518","1":"product","2":"type-product","3":"status-publish","4":"has-post-thumbnail","6":"product_cat-hjem-og-hage","7":"product_cat-syngeboller-og-bjeller","8":"pa_collection-esoteric-altar-cloth-no","9":"pa_made-in-india","11":"first","12":"instock","13":"purchasable","14":"product-type-simple"},"supplier_id":null,"supplier_sku":"AltC-03","barcode":null,"atum_controlled":true,"out_stock_date":null,"out_stock_threshold":null,"inheritable":false,"inbound_stock":null,"stock_on_hold":0,"sold_today":0,"sales_last_days":0,"reserved_stock":null,"customer_returns":null,"warehouse_damage":null,"lost_in_post":null,"other_logs":null,"out_stock_days":0,"lost_sales":0,"has_location":null,"update_date":"2026-02-05T22:37:34","atum_locations":[],"atum_stock_status":"instock","restock_status":false,"low_stock_amount":"","sales_update_date":"2025-10-09T03:23:13","calc_backorders":null,"_links":{"self":[{"href":"https:\/\/aromasentia.com\/no\/wp-json\/wp\/v2\/product\/205518","targetHints":{"allow":["GET"]}}],"collection":[{"href":"https:\/\/aromasentia.com\/no\/wp-json\/wp\/v2\/product"}],"about":[{"href":"https:\/\/aromasentia.com\/no\/wp-json\/wp\/v2\/types\/product"}],"replies":[{"embeddable":true,"href":"https:\/\/aromasentia.com\/no\/wp-json\/wp\/v2\/comments?post=205518"}],"version-history":[{"count":0,"href":"https:\/\/aromasentia.com\/no\/wp-json\/wp\/v2\/product\/205518\/revisions"}],"wp:featuredmedia":[{"embeddable":true,"href":"https:\/\/aromasentia.com\/no\/wp-json\/wp\/v2\/media\/330167"}],"wp:attachment":[{"href":"https:\/\/aromasentia.com\/no\/wp-json\/wp\/v2\/media?parent=205518"}],"wp:term":[{"taxonomy":"product_brand","embeddable":true,"href":"https:\/\/aromasentia.com\/no\/wp-json\/wp\/v2\/product_brand?post=205518"},{"taxonomy":"product_cat","embeddable":true,"href":"https:\/\/aromasentia.com\/no\/wp-json\/wp\/v2\/product_cat?post=205518"},{"taxonomy":"product_tag","embeddable":true,"href":"https:\/\/aromasentia.com\/no\/wp-json\/wp\/v2\/product_tag?post=205518"}],"curies":[{"name":"wp","href":"https:\/\/api.w.org\/{rel}","templated":true}]}}