{"id":205505,"date":"2025-03-22T13:29:09","date_gmt":"2025-03-22T13:29:09","guid":{"rendered":"https:\/\/aromasentia.com\/product\/gemstone-tree-amethyst-on-natural-agate-base-35-stones\/"},"modified":"2025-05-31T01:56:43","modified_gmt":"2025-05-31T01:56:43","slug":"gemstone-tree-ametyst-pa-naturlig-agatbunn-35-steiner","status":"publish","type":"product","link":"https:\/\/aromasentia.com\/no\/gemstone-tree-ametyst-pa-naturlig-agatbunn-35-steiner\/","title":{"rendered":"Gemstone Tree &#8211; Ametyst P\u00e5 Naturlig Agatbunn (35 Steiner)"},"content":{"rendered":"<p><span style=\"color: rgb(75, 80, 88);\"><strong>Disse bemerkelsesverdige kreasjonene er en symfoni av farger, energi og stil som virkelig vil fengsle kundene dine.<\/strong> Hvert edelstenstre er laget med omhu og kunstnerisk finesse, og er designet for \u00e5 b\u00e5de glede \u00f8yet og harmonisere rommet ditt.<\/span><\/p>\n<p><span style=\"color: rgb(75, 80, 88);\"><strong>35-stens ametyst-edelstenstre<\/strong> utstr\u00e5ler ro og visdom. De kongelige lilla fargetonene gir en aura av ro og mental klarhet til ethvert milj\u00f8.<\/span> <\/p>\n<p><span style=\"color: rgb(75, 80, 88);\">Grenene p\u00e5 disse tr\u00e6rne er laget av fleksibel metalltr\u00e5d, slik at kundene kan justere dem etter eget \u00f8nske og skape et dynamisk og unikt skue. Du vil bli tiltrukket av disse uts\u00f8kte verkene som forener estetikk med helbredelse og transformasjon.<\/span><\/p>\n<p><span style=\"color: rgb(75, 80, 88);\"><strong>M\u00e5l:<\/strong><\/span><\/p>\n<p><span style=\"color: rgb(75, 80, 88);\">7 x 4,5 x 10 cm<\/span><\/p>\n","protected":false},"excerpt":{"rendered":"<p>Disse bemerkelsesverdige kreasjonene er en symfoni av farger, energi og stil som virkelig vil fengsle kundene dine. Hvert edelstenstre er laget med omhu og kunstnerisk finesse, og er designet for \u00e5 b\u00e5de glede \u00f8yet og harmonisere rommet ditt. 35-stens ametyst-edelstenstre utstr\u00e5ler ro og visdom. De kongelige lilla fargetonene gir en aura av ro og mental [&hellip;]<\/p>\n","protected":false},"featured_media":329794,"comment_status":"closed","ping_status":"open","template":"","meta":[],"product_brand":[],"product_cat":[25539,25548,9166,9155,25221],"product_tag":[],"class_list":{"0":"post-205505","1":"product","2":"type-product","3":"status-publish","4":"has-post-thumbnail","6":"product_cat-agat","7":"product_cat-ametyst","8":"product_cat-dekorasjoner-med-edelstener","9":"product_cat-esoteriske-gaver","10":"product_cat-krystaller-edelsteiner","11":"pa_collection-gemstone-trees-with-agate-base-no","12":"pa_made-in-india","14":"first","15":"instock","16":"purchasable","17":"product-type-simple"},"supplier_id":null,"supplier_sku":"AGemT-02","barcode":null,"atum_controlled":true,"out_stock_date":null,"out_stock_threshold":null,"inheritable":false,"inbound_stock":null,"stock_on_hold":0,"sold_today":0,"sales_last_days":0,"reserved_stock":null,"customer_returns":null,"warehouse_damage":null,"lost_in_post":null,"other_logs":null,"out_stock_days":0,"lost_sales":0,"has_location":null,"update_date":"2026-02-11T12:53:25","atum_locations":[],"atum_stock_status":"instock","restock_status":false,"low_stock_amount":"","sales_update_date":"2025-10-09T03:22:56","calc_backorders":null,"_links":{"self":[{"href":"https:\/\/aromasentia.com\/no\/wp-json\/wp\/v2\/product\/205505","targetHints":{"allow":["GET"]}}],"collection":[{"href":"https:\/\/aromasentia.com\/no\/wp-json\/wp\/v2\/product"}],"about":[{"href":"https:\/\/aromasentia.com\/no\/wp-json\/wp\/v2\/types\/product"}],"replies":[{"embeddable":true,"href":"https:\/\/aromasentia.com\/no\/wp-json\/wp\/v2\/comments?post=205505"}],"version-history":[{"count":0,"href":"https:\/\/aromasentia.com\/no\/wp-json\/wp\/v2\/product\/205505\/revisions"}],"wp:featuredmedia":[{"embeddable":true,"href":"https:\/\/aromasentia.com\/no\/wp-json\/wp\/v2\/media\/329794"}],"wp:attachment":[{"href":"https:\/\/aromasentia.com\/no\/wp-json\/wp\/v2\/media?parent=205505"}],"wp:term":[{"taxonomy":"product_brand","embeddable":true,"href":"https:\/\/aromasentia.com\/no\/wp-json\/wp\/v2\/product_brand?post=205505"},{"taxonomy":"product_cat","embeddable":true,"href":"https:\/\/aromasentia.com\/no\/wp-json\/wp\/v2\/product_cat?post=205505"},{"taxonomy":"product_tag","embeddable":true,"href":"https:\/\/aromasentia.com\/no\/wp-json\/wp\/v2\/product_tag?post=205505"}],"curies":[{"name":"wp","href":"https:\/\/api.w.org\/{rel}","templated":true}]}}