{"id":205504,"date":"2025-03-22T13:29:09","date_gmt":"2025-03-22T13:29:09","guid":{"rendered":"https:\/\/aromasentia.com\/product\/gemstone-tree-multi-stones-on-natural-agate-base-35-stones\/"},"modified":"2025-05-31T01:56:39","modified_gmt":"2025-05-31T01:56:39","slug":"gemstone-tree-multi-stones-pa-naturlig-agatbase-35-steiner","status":"publish","type":"product","link":"https:\/\/aromasentia.com\/no\/gemstone-tree-multi-stones-pa-naturlig-agatbase-35-steiner\/","title":{"rendered":"Gemstone Tree &#8211; Multi Stones P\u00e5 Naturlig Agatbase (35 Steiner)"},"content":{"rendered":"<p><span style=\"color: rgb(75, 80, 88);\"><strong>Disse bemerkelsesverdige kreasjonene er en symfoni av farger, energi og stil som virkelig vil fengsle kundene dine.<\/strong> Hvert edelstenstre er laget med omhu og kunstnerisk finesse, og er designet for \u00e5 b\u00e5de glede \u00f8yet og harmonisere rommet ditt.<\/span><\/p>\n<p><span style=\"color: rgb(75, 80, 88);\">Dette <strong>edelstenstreet<\/strong> med 35 steiner er perfekt for \u00e5 tilf\u00f8re mindre rom livlig energi. Det er som en liten skog av edelstener, og tilbyr en blanding av energier som skaper en innbydende og balansert atmosf\u00e6re.<\/span><\/p>\n<p><span style=\"color: rgb(75, 80, 88);\">Grenene p\u00e5 disse tr\u00e6rne er laget av fleksibel metalltr\u00e5d, slik at kundene kan justere dem etter eget \u00f8nske og skape et dynamisk og unikt skue. Du&#8230; vil bli tiltrukket av disse uts\u00f8kte verkene som forener estetikk med helbredelse og transformasjon.<\/span><\/p>\n<p><span style=\"color: rgb(75, 80, 88);\"><strong>M\u00e5l:<\/strong><\/span><\/p>\n<p><span style=\"color: rgb(75, 80, 88);\">7 x 4,5 x 10 cm<\/span><\/p>\n","protected":false},"excerpt":{"rendered":"<p>Disse bemerkelsesverdige kreasjonene er en symfoni av farger, energi og stil som virkelig vil fengsle kundene dine. Hvert edelstenstre er laget med omhu og kunstnerisk finesse, og er designet for \u00e5 b\u00e5de glede \u00f8yet og harmonisere rommet ditt. Dette edelstenstreet med 35 steiner er perfekt for \u00e5 tilf\u00f8re mindre rom livlig energi. Det er som [&hellip;]<\/p>\n","protected":false},"featured_media":329761,"comment_status":"closed","ping_status":"open","template":"","meta":{"_angie_page":false},"product_brand":[],"product_cat":[25539,9166,9155,25221],"product_tag":[],"class_list":{"0":"post-205504","1":"product","2":"type-product","3":"status-publish","4":"has-post-thumbnail","6":"product_cat-agat","7":"product_cat-dekorasjoner-med-edelstener","8":"product_cat-esoteriske-gaver","9":"product_cat-krystaller-edelsteiner","10":"pa_collection-gemstone-trees-with-agate-base-no","11":"pa_made-in-india","13":"first","14":"instock","15":"purchasable","16":"product-type-simple"},"supplier_id":null,"supplier_sku":"AGemT-01","barcode":null,"atum_controlled":true,"out_stock_date":null,"out_stock_threshold":null,"inheritable":false,"inbound_stock":null,"stock_on_hold":0,"sold_today":0,"sales_last_days":0,"reserved_stock":null,"customer_returns":null,"warehouse_damage":null,"lost_in_post":null,"other_logs":null,"out_stock_days":0,"lost_sales":0,"has_location":null,"update_date":"2026-04-30T13:09:32","atum_locations":[],"atum_stock_status":"instock","restock_status":false,"low_stock_amount":"","sales_update_date":"2025-10-09T03:22:55","calc_backorders":null,"_links":{"self":[{"href":"https:\/\/aromasentia.com\/no\/wp-json\/wp\/v2\/product\/205504","targetHints":{"allow":["GET"]}}],"collection":[{"href":"https:\/\/aromasentia.com\/no\/wp-json\/wp\/v2\/product"}],"about":[{"href":"https:\/\/aromasentia.com\/no\/wp-json\/wp\/v2\/types\/product"}],"replies":[{"embeddable":true,"href":"https:\/\/aromasentia.com\/no\/wp-json\/wp\/v2\/comments?post=205504"}],"version-history":[{"count":0,"href":"https:\/\/aromasentia.com\/no\/wp-json\/wp\/v2\/product\/205504\/revisions"}],"wp:featuredmedia":[{"embeddable":true,"href":"https:\/\/aromasentia.com\/no\/wp-json\/wp\/v2\/media\/329761"}],"wp:attachment":[{"href":"https:\/\/aromasentia.com\/no\/wp-json\/wp\/v2\/media?parent=205504"}],"wp:term":[{"taxonomy":"product_brand","embeddable":true,"href":"https:\/\/aromasentia.com\/no\/wp-json\/wp\/v2\/product_brand?post=205504"},{"taxonomy":"product_cat","embeddable":true,"href":"https:\/\/aromasentia.com\/no\/wp-json\/wp\/v2\/product_cat?post=205504"},{"taxonomy":"product_tag","embeddable":true,"href":"https:\/\/aromasentia.com\/no\/wp-json\/wp\/v2\/product_tag?post=205504"}],"curies":[{"name":"wp","href":"https:\/\/api.w.org\/{rel}","templated":true}]}}