{"id":205496,"date":"2025-03-22T13:29:17","date_gmt":"2025-03-22T13:29:17","guid":{"rendered":"https:\/\/aromasentia.com\/product\/bag-of-24-small-african-tumble-stones-carnelian-agate-mozambique\/"},"modified":"2025-05-31T01:56:14","modified_gmt":"2025-05-31T01:56:14","slug":"pose-med-24-sma-afrikanske-tromlede-stener-karneolagat-mosambik","status":"publish","type":"product","link":"https:\/\/aromasentia.com\/no\/pose-med-24-sma-afrikanske-tromlede-stener-karneolagat-mosambik\/","title":{"rendered":"Pose med 24 Sm\u00e5 Afrikanske Tromlede Stener &#8211; Karneolagat &#8211; Mosambik"},"content":{"rendered":"<p>Stein som er b\u00e5de agat og karneol. Den kombinerer egenskapene til begge disse mineralene. Agat regnes som et symbol p\u00e5 rikdom og et langt, vellykket liv. Karneol h\u00f8rer derimot til de steinene som har v\u00e6rt brukt i naturmedisinen i tusenvis av \u00e5r. Den antas \u00e5 gi ny vital energi og fremmer kreativ tenkning.<\/p>\n<p>St\u00f8rrelse ca: 10 &#8211; 30 [mm]\/ 333 steiner per 1 kg <\/p>\n<p>\n","protected":false},"excerpt":{"rendered":"<p>Stein som er b\u00e5de agat og karneol. Den kombinerer egenskapene til begge disse mineralene. Agat regnes som et symbol p\u00e5 rikdom og et langt, vellykket liv. Karneol h\u00f8rer derimot til de steinene som har v\u00e6rt brukt i naturmedisinen i tusenvis av \u00e5r. Den antas \u00e5 gi ny vital energi og fremmer kreativ tenkning. St\u00f8rrelse ca: [&hellip;]<\/p>\n","protected":false},"featured_media":331102,"comment_status":"closed","ping_status":"open","template":"","meta":[],"product_brand":[],"product_cat":[25539,9155,25582,25221,9161],"product_tag":[],"class_list":{"0":"post-205496","1":"product","2":"type-product","3":"status-publish","4":"has-post-thumbnail","6":"product_cat-agat","7":"product_cat-esoteriske-gaver","8":"product_cat-karneol","9":"product_cat-krystaller-edelsteiner","10":"product_cat-trommelsteiner","11":"pa_made-in-sor-afrika","13":"first","14":"instock","15":"purchasable","16":"product-type-simple"},"supplier_id":null,"supplier_sku":"ATumbleS-16","barcode":null,"atum_controlled":true,"out_stock_date":null,"out_stock_threshold":null,"inheritable":false,"inbound_stock":null,"stock_on_hold":0,"sold_today":0,"sales_last_days":0,"reserved_stock":null,"customer_returns":null,"warehouse_damage":null,"lost_in_post":null,"other_logs":null,"out_stock_days":0,"lost_sales":0,"has_location":null,"update_date":"2026-02-03T09:12:30","atum_locations":[],"atum_stock_status":"instock","restock_status":false,"low_stock_amount":"","sales_update_date":"2025-10-09T03:24:05","calc_backorders":null,"_links":{"self":[{"href":"https:\/\/aromasentia.com\/no\/wp-json\/wp\/v2\/product\/205496","targetHints":{"allow":["GET"]}}],"collection":[{"href":"https:\/\/aromasentia.com\/no\/wp-json\/wp\/v2\/product"}],"about":[{"href":"https:\/\/aromasentia.com\/no\/wp-json\/wp\/v2\/types\/product"}],"replies":[{"embeddable":true,"href":"https:\/\/aromasentia.com\/no\/wp-json\/wp\/v2\/comments?post=205496"}],"version-history":[{"count":0,"href":"https:\/\/aromasentia.com\/no\/wp-json\/wp\/v2\/product\/205496\/revisions"}],"wp:featuredmedia":[{"embeddable":true,"href":"https:\/\/aromasentia.com\/no\/wp-json\/wp\/v2\/media\/331102"}],"wp:attachment":[{"href":"https:\/\/aromasentia.com\/no\/wp-json\/wp\/v2\/media?parent=205496"}],"wp:term":[{"taxonomy":"product_brand","embeddable":true,"href":"https:\/\/aromasentia.com\/no\/wp-json\/wp\/v2\/product_brand?post=205496"},{"taxonomy":"product_cat","embeddable":true,"href":"https:\/\/aromasentia.com\/no\/wp-json\/wp\/v2\/product_cat?post=205496"},{"taxonomy":"product_tag","embeddable":true,"href":"https:\/\/aromasentia.com\/no\/wp-json\/wp\/v2\/product_tag?post=205496"}],"curies":[{"name":"wp","href":"https:\/\/api.w.org\/{rel}","templated":true}]}}