{"id":205490,"date":"2025-03-22T13:29:17","date_gmt":"2025-03-22T13:29:17","guid":{"rendered":"https:\/\/aromasentia.com\/product\/bag-of-24-small-african-tumble-stones-tigers-eye-golden\/"},"modified":"2025-05-31T01:55:56","modified_gmt":"2025-05-31T01:55:56","slug":"pose-med-24-sma-afrikanske-tromlede-stener-tigers-eye-golden","status":"publish","type":"product","link":"https:\/\/aromasentia.com\/no\/pose-med-24-sma-afrikanske-tromlede-stener-tigers-eye-golden\/","title":{"rendered":"Pose med 24 Sm\u00e5 Afrikanske Tromlede Stener &#8211; Tigers Eye &#8211; Golden"},"content":{"rendered":"<p> Tiger\u00f8ye er et sjeldent mineral som tilh\u00f8rer kvartsfamilien. Det har gul og gulbrun farge, det er spr\u00f8tt og ugjennomsiktig. Navnet skyldes b\u00e5de fargen og de optiske effektene for\u00e5rsaket av solstr\u00e5lene. Tiger\u00f8ye er en popul\u00e6r samler- og dekorasjonsstein. Den brukes ofte som en amulett. Mange forskjellige egenskaper tilskrives ham. Talismaner med et tiger\u00f8ye ble b\u00e5ret av krigere. I dag anbefales den til begynnende forretningsmenn og mennesker som dr\u00f8mmer om velstand og \u00f8konomisk uavhengighet.<\/p>\n<p>St\u00f8rrelse ca: 10 &#8211; 30 [mm] \/ 333 steiner per 1 kg <\/p>\n<p>\n","protected":false},"excerpt":{"rendered":"<p>Tiger\u00f8ye er et sjeldent mineral som tilh\u00f8rer kvartsfamilien. Det har gul og gulbrun farge, det er spr\u00f8tt og ugjennomsiktig. Navnet skyldes b\u00e5de fargen og de optiske effektene for\u00e5rsaket av solstr\u00e5lene. Tiger\u00f8ye er en popul\u00e6r samler- og dekorasjonsstein. Den brukes ofte som en amulett. Mange forskjellige egenskaper tilskrives ham. Talismaner med et tiger\u00f8ye ble b\u00e5ret av [&hellip;]<\/p>\n","protected":false},"featured_media":331000,"comment_status":"closed","ping_status":"open","template":"","meta":{"_angie_page":false},"product_brand":[],"product_cat":[9155,9161],"product_tag":[],"class_list":{"0":"post-205490","1":"product","2":"type-product","3":"status-publish","4":"has-post-thumbnail","6":"product_cat-esoteriske-gaver","7":"product_cat-trommelsteiner","8":"pa_made-in-sor-afrika","10":"first","11":"instock","12":"purchasable","13":"product-type-simple"},"supplier_id":null,"supplier_sku":"ATumbleS-10","barcode":null,"atum_controlled":true,"out_stock_date":null,"out_stock_threshold":null,"inheritable":false,"inbound_stock":null,"stock_on_hold":0,"sold_today":0,"sales_last_days":0,"reserved_stock":null,"customer_returns":null,"warehouse_damage":null,"lost_in_post":null,"other_logs":null,"out_stock_days":0,"lost_sales":0,"has_location":null,"update_date":"2026-04-27T06:51:38","atum_locations":[],"atum_stock_status":"instock","restock_status":false,"low_stock_amount":"","sales_update_date":"2026-01-30T01:24:47","calc_backorders":null,"_links":{"self":[{"href":"https:\/\/aromasentia.com\/no\/wp-json\/wp\/v2\/product\/205490","targetHints":{"allow":["GET"]}}],"collection":[{"href":"https:\/\/aromasentia.com\/no\/wp-json\/wp\/v2\/product"}],"about":[{"href":"https:\/\/aromasentia.com\/no\/wp-json\/wp\/v2\/types\/product"}],"replies":[{"embeddable":true,"href":"https:\/\/aromasentia.com\/no\/wp-json\/wp\/v2\/comments?post=205490"}],"version-history":[{"count":0,"href":"https:\/\/aromasentia.com\/no\/wp-json\/wp\/v2\/product\/205490\/revisions"}],"wp:featuredmedia":[{"embeddable":true,"href":"https:\/\/aromasentia.com\/no\/wp-json\/wp\/v2\/media\/331000"}],"wp:attachment":[{"href":"https:\/\/aromasentia.com\/no\/wp-json\/wp\/v2\/media?parent=205490"}],"wp:term":[{"taxonomy":"product_brand","embeddable":true,"href":"https:\/\/aromasentia.com\/no\/wp-json\/wp\/v2\/product_brand?post=205490"},{"taxonomy":"product_cat","embeddable":true,"href":"https:\/\/aromasentia.com\/no\/wp-json\/wp\/v2\/product_cat?post=205490"},{"taxonomy":"product_tag","embeddable":true,"href":"https:\/\/aromasentia.com\/no\/wp-json\/wp\/v2\/product_tag?post=205490"}],"curies":[{"name":"wp","href":"https:\/\/api.w.org\/{rel}","templated":true}]}}