{"id":205489,"date":"2025-03-22T13:29:17","date_gmt":"2025-03-22T13:29:17","guid":{"rendered":"https:\/\/aromasentia.com\/product\/bag-of-24-small-african-tumble-stones-tigers-eye-blue\/"},"modified":"2025-05-31T01:55:52","modified_gmt":"2025-05-31T01:55:52","slug":"pose-med-24-sma-afrikanske-tromlede-stener-tigers-eye-bla","status":"publish","type":"product","link":"https:\/\/aromasentia.com\/no\/pose-med-24-sma-afrikanske-tromlede-stener-tigers-eye-bla\/","title":{"rendered":"Pose med 24 Sm\u00e5 Afrikanske Tromlede Stener &#8211; Tigers Eye &#8211; Bl\u00e5"},"content":{"rendered":"<p>M\u00f8t den ikke-standardiserte, men like vakre nyansen av tiger\u00f8yet &#8211; bl\u00e5! Denne steinen har en optisk katte\u00f8yeeffekt, som vises som en smal lyslinje som ligner tigerens pupiller. Blue Tiger Eye er et yndet samlermineral som brukes i dekorativt tilbeh\u00f8r som esker, askebegre osv. Det antas at denne steinen gj\u00f8r det mulig \u00e5 overvinne frykt og bygge mot. I gamle tider ble den ansett som et mineral som bringer lykke og suksess.<\/p>\n<p>St\u00f8rrelse ca: 10 &#8211; 30 [mm] \/ 333 steiner per 1 kg <\/p>\n<p>\n","protected":false},"excerpt":{"rendered":"<p>M\u00f8t den ikke-standardiserte, men like vakre nyansen av tiger\u00f8yet &#8211; bl\u00e5! Denne steinen har en optisk katte\u00f8yeeffekt, som vises som en smal lyslinje som ligner tigerens pupiller. Blue Tiger Eye er et yndet samlermineral som brukes i dekorativt tilbeh\u00f8r som esker, askebegre osv. Det antas at denne steinen gj\u00f8r det mulig \u00e5 overvinne frykt og [&hellip;]<\/p>\n","protected":false},"featured_media":330983,"comment_status":"closed","ping_status":"open","template":"","meta":{"_angie_page":false},"product_brand":[],"product_cat":[9155,9161],"product_tag":[],"class_list":{"0":"post-205489","1":"product","2":"type-product","3":"status-publish","4":"has-post-thumbnail","6":"product_cat-esoteriske-gaver","7":"product_cat-trommelsteiner","8":"pa_made-in-sor-afrika","10":"first","11":"instock","12":"purchasable","13":"product-type-simple"},"supplier_id":null,"supplier_sku":"ATumbleS-09","barcode":null,"atum_controlled":true,"out_stock_date":null,"out_stock_threshold":null,"inheritable":false,"inbound_stock":null,"stock_on_hold":0,"sold_today":0,"sales_last_days":0,"reserved_stock":null,"customer_returns":null,"warehouse_damage":null,"lost_in_post":null,"other_logs":null,"out_stock_days":0,"lost_sales":0,"has_location":null,"update_date":"2026-04-27T06:51:38","atum_locations":[],"atum_stock_status":"instock","restock_status":false,"low_stock_amount":"","sales_update_date":"2025-10-09T03:24:00","calc_backorders":null,"_links":{"self":[{"href":"https:\/\/aromasentia.com\/no\/wp-json\/wp\/v2\/product\/205489","targetHints":{"allow":["GET"]}}],"collection":[{"href":"https:\/\/aromasentia.com\/no\/wp-json\/wp\/v2\/product"}],"about":[{"href":"https:\/\/aromasentia.com\/no\/wp-json\/wp\/v2\/types\/product"}],"replies":[{"embeddable":true,"href":"https:\/\/aromasentia.com\/no\/wp-json\/wp\/v2\/comments?post=205489"}],"version-history":[{"count":0,"href":"https:\/\/aromasentia.com\/no\/wp-json\/wp\/v2\/product\/205489\/revisions"}],"wp:featuredmedia":[{"embeddable":true,"href":"https:\/\/aromasentia.com\/no\/wp-json\/wp\/v2\/media\/330983"}],"wp:attachment":[{"href":"https:\/\/aromasentia.com\/no\/wp-json\/wp\/v2\/media?parent=205489"}],"wp:term":[{"taxonomy":"product_brand","embeddable":true,"href":"https:\/\/aromasentia.com\/no\/wp-json\/wp\/v2\/product_brand?post=205489"},{"taxonomy":"product_cat","embeddable":true,"href":"https:\/\/aromasentia.com\/no\/wp-json\/wp\/v2\/product_cat?post=205489"},{"taxonomy":"product_tag","embeddable":true,"href":"https:\/\/aromasentia.com\/no\/wp-json\/wp\/v2\/product_tag?post=205489"}],"curies":[{"name":"wp","href":"https:\/\/api.w.org\/{rel}","templated":true}]}}