{"id":205482,"date":"2025-03-22T13:29:17","date_gmt":"2025-03-22T13:29:17","guid":{"rendered":"https:\/\/aromasentia.com\/product\/bag-of-24-small-african-tumble-stones-grey-agate-botswana\/"},"modified":"2025-05-31T01:55:18","modified_gmt":"2025-05-31T01:55:18","slug":"pose-med-24-sma-afrikanske-tromlede-stener-gra-agat-botswana","status":"publish","type":"product","link":"https:\/\/aromasentia.com\/no\/pose-med-24-sma-afrikanske-tromlede-stener-gra-agat-botswana\/","title":{"rendered":"Pose med 24 Sm\u00e5 Afrikanske Tromlede Stener &#8211; Gr\u00e5 Agat &#8211; Botswana"},"content":{"rendered":"<p>Gr\u00e5 agat er en av de vanligste variantene av agat. Som navnet antyder, er hovedfargen gr\u00e5 (gr\u00e5bl\u00e5), med mulige innslag av hvitt, brunt og svart. Dette er en av de steinene du ikke trenger \u00e5 overbevise kundene dine om &#8211; agat er et mineral som gj\u00f8r det for deg. Det antas at denne gr\u00e5 agaten er skytshelgen for snille, rettferdige og rettferdige mennesker.<\/p>\n<p>St\u00f8rrelse ca: 10 &#8211; 30 [mm]\/ 333 steiner per 1 kg <\/p>\n<p>\n","protected":false},"excerpt":{"rendered":"<p>Gr\u00e5 agat er en av de vanligste variantene av agat. Som navnet antyder, er hovedfargen gr\u00e5 (gr\u00e5bl\u00e5), med mulige innslag av hvitt, brunt og svart. Dette er en av de steinene du ikke trenger \u00e5 overbevise kundene dine om &#8211; agat er et mineral som gj\u00f8r det for deg. Det antas at denne gr\u00e5 agaten [&hellip;]<\/p>\n","protected":false},"featured_media":330872,"comment_status":"closed","ping_status":"open","template":"","meta":{"_angie_page":false},"product_brand":[],"product_cat":[25539,9155,25221,9161],"product_tag":[],"class_list":{"0":"post-205482","1":"product","2":"type-product","3":"status-publish","4":"has-post-thumbnail","6":"product_cat-agat","7":"product_cat-esoteriske-gaver","8":"product_cat-krystaller-edelsteiner","9":"product_cat-trommelsteiner","10":"pa_made-in-sor-afrika","12":"first","13":"instock","14":"purchasable","15":"product-type-simple"},"supplier_id":null,"supplier_sku":"ATumbleS-01","barcode":null,"atum_controlled":true,"out_stock_date":null,"out_stock_threshold":null,"inheritable":false,"inbound_stock":null,"stock_on_hold":0,"sold_today":0,"sales_last_days":0,"reserved_stock":null,"customer_returns":null,"warehouse_damage":null,"lost_in_post":null,"other_logs":null,"out_stock_days":0,"lost_sales":0,"has_location":null,"update_date":"2026-04-28T06:42:57","atum_locations":[],"atum_stock_status":"instock","restock_status":false,"low_stock_amount":"","sales_update_date":"2026-02-06T00:02:33","calc_backorders":null,"_links":{"self":[{"href":"https:\/\/aromasentia.com\/no\/wp-json\/wp\/v2\/product\/205482","targetHints":{"allow":["GET"]}}],"collection":[{"href":"https:\/\/aromasentia.com\/no\/wp-json\/wp\/v2\/product"}],"about":[{"href":"https:\/\/aromasentia.com\/no\/wp-json\/wp\/v2\/types\/product"}],"replies":[{"embeddable":true,"href":"https:\/\/aromasentia.com\/no\/wp-json\/wp\/v2\/comments?post=205482"}],"version-history":[{"count":0,"href":"https:\/\/aromasentia.com\/no\/wp-json\/wp\/v2\/product\/205482\/revisions"}],"wp:featuredmedia":[{"embeddable":true,"href":"https:\/\/aromasentia.com\/no\/wp-json\/wp\/v2\/media\/330872"}],"wp:attachment":[{"href":"https:\/\/aromasentia.com\/no\/wp-json\/wp\/v2\/media?parent=205482"}],"wp:term":[{"taxonomy":"product_brand","embeddable":true,"href":"https:\/\/aromasentia.com\/no\/wp-json\/wp\/v2\/product_brand?post=205482"},{"taxonomy":"product_cat","embeddable":true,"href":"https:\/\/aromasentia.com\/no\/wp-json\/wp\/v2\/product_cat?post=205482"},{"taxonomy":"product_tag","embeddable":true,"href":"https:\/\/aromasentia.com\/no\/wp-json\/wp\/v2\/product_tag?post=205482"}],"curies":[{"name":"wp","href":"https:\/\/api.w.org\/{rel}","templated":true}]}}