{"id":205479,"date":"2025-03-22T13:29:17","date_gmt":"2025-03-22T13:29:17","guid":{"rendered":"https:\/\/aromasentia.com\/product\/bag-of-12-medium-african-tumble-stones-tigers-eye-varigated\/"},"modified":"2025-05-31T01:55:11","modified_gmt":"2025-05-31T01:55:11","slug":"pose-med-12-mellomstore-afrikanske-tromlede-stener-tigers-eye-varigated","status":"publish","type":"product","link":"https:\/\/aromasentia.com\/no\/pose-med-12-mellomstore-afrikanske-tromlede-stener-tigers-eye-varigated\/","title":{"rendered":"Pose med 12 Mellomstore Afrikanske Tromlede Stener &#8211; Tigers Eye &#8211; Varigated"},"content":{"rendered":"<p>Tiger&#038;# 39; s eye er en sjelden variant av kvarts med en uvanlig egenskap, som er katt&#038;# 39; \u00f8yeeffekten. Steinen imponerer med sin skj\u00f8nnhet. I solskinnet skinner og flimrer tiger\u00f8yet, og en glitrende lys streng beveger seg. I esoterisk sammenheng oppfattes tiger\u00f8yesteinen som et mineral som bringer lykke og profesjonell suksess, og som lar deg oppn\u00e5 \u00f8konomisk uavhengighet.<\/p>\n<p>St\u00f8rrelse ca: 25 &#8211; 45 [mm] \/ 63 steiner per 1 kg<\/p>\n<p>St\u00f8rrelse ca: 25 &#8211; 45 [mm] \/ 63 steiner per 1 kg<\/p>\n<p>.<\/p>\n","protected":false},"excerpt":{"rendered":"<p>Tiger&#038;# 39; s eye er en sjelden variant av kvarts med en uvanlig egenskap, som er katt&#038;# 39; \u00f8yeeffekten. Steinen imponerer med sin skj\u00f8nnhet. I solskinnet skinner og flimrer tiger\u00f8yet, og en glitrende lys streng beveger seg. I esoterisk sammenheng oppfattes tiger\u00f8yesteinen som et mineral som bringer lykke og profesjonell suksess, og som lar deg [&hellip;]<\/p>\n","protected":false},"featured_media":330821,"comment_status":"closed","ping_status":"open","template":"","meta":{"_angie_page":false},"product_brand":[],"product_cat":[9155,9161],"product_tag":[],"class_list":{"0":"post-205479","1":"product","2":"type-product","3":"status-publish","4":"has-post-thumbnail","6":"product_cat-esoteriske-gaver","7":"product_cat-trommelsteiner","8":"pa_collection-medium-african-tumble-stones-no","9":"pa_made-in-sor-afrika","11":"first","12":"instock","13":"purchasable","14":"product-type-simple"},"supplier_id":null,"supplier_sku":"ATumbleM-20","barcode":null,"atum_controlled":true,"out_stock_date":null,"out_stock_threshold":null,"inheritable":false,"inbound_stock":null,"stock_on_hold":0,"sold_today":0,"sales_last_days":0,"reserved_stock":null,"customer_returns":null,"warehouse_damage":null,"lost_in_post":null,"other_logs":null,"out_stock_days":0,"lost_sales":0,"has_location":null,"update_date":"2026-04-27T06:51:33","atum_locations":[],"atum_stock_status":"instock","restock_status":false,"low_stock_amount":"","sales_update_date":"2025-10-09T03:23:59","calc_backorders":null,"_links":{"self":[{"href":"https:\/\/aromasentia.com\/no\/wp-json\/wp\/v2\/product\/205479","targetHints":{"allow":["GET"]}}],"collection":[{"href":"https:\/\/aromasentia.com\/no\/wp-json\/wp\/v2\/product"}],"about":[{"href":"https:\/\/aromasentia.com\/no\/wp-json\/wp\/v2\/types\/product"}],"replies":[{"embeddable":true,"href":"https:\/\/aromasentia.com\/no\/wp-json\/wp\/v2\/comments?post=205479"}],"version-history":[{"count":0,"href":"https:\/\/aromasentia.com\/no\/wp-json\/wp\/v2\/product\/205479\/revisions"}],"wp:featuredmedia":[{"embeddable":true,"href":"https:\/\/aromasentia.com\/no\/wp-json\/wp\/v2\/media\/330821"}],"wp:attachment":[{"href":"https:\/\/aromasentia.com\/no\/wp-json\/wp\/v2\/media?parent=205479"}],"wp:term":[{"taxonomy":"product_brand","embeddable":true,"href":"https:\/\/aromasentia.com\/no\/wp-json\/wp\/v2\/product_brand?post=205479"},{"taxonomy":"product_cat","embeddable":true,"href":"https:\/\/aromasentia.com\/no\/wp-json\/wp\/v2\/product_cat?post=205479"},{"taxonomy":"product_tag","embeddable":true,"href":"https:\/\/aromasentia.com\/no\/wp-json\/wp\/v2\/product_tag?post=205479"}],"curies":[{"name":"wp","href":"https:\/\/api.w.org\/{rel}","templated":true}]}}