{"id":205476,"date":"2025-03-22T13:29:17","date_gmt":"2025-03-22T13:29:17","guid":{"rendered":"https:\/\/aromasentia.com\/product\/chakra-pyramid-30-35mm\/"},"modified":"2025-05-31T01:55:02","modified_gmt":"2025-05-31T01:55:02","slug":"chakra-pyramide-30-35-mm","status":"publish","type":"product","link":"https:\/\/aromasentia.com\/no\/chakra-pyramide-30-35-mm\/","title":{"rendered":"Chakra-Pyramide 30-35 mm"},"content":{"rendered":"<p><span style=\"color: rgb(75, 80, 88);\"><strong>Hver stein er laget med omhu og h\u00e5ndlaget av de fineste edelstenene, med syv forskjellige farger som representerer de individuelle chakraene.<\/strong> Disse bundne chakrasteinene stammer fra det mystiske landet India, og legemliggj\u00f8r \u00e5rhundregamle tradisjoner for edelstensheling.<\/span><\/p>\n<p><span style=\"color: rgb(75, 80, 88);\">Bundne chakrasteiner er mer enn bare vakre dekorasjoner; de er dyptgripende verkt\u00f8y for \u00e5 forbedre velv\u00e6re og \u00e5ndelig harmoni. Disse esoteriske edelstenene er forutbestemt til \u00e5 fengsle b\u00e5de dine edelstenselskende kunder og samlere.<\/span><\/p>\n<p><span style=\"color: rgb(75, 80, 88);\"><strong>Se mystikken til v\u00e5r chakrapyramide, en harmonisk fusjon av hellig geometri og edelstensenergi.<\/strong>Disse pyramidene er n\u00f8ye laget for \u00e5 utnytte chakraenes element\u00e6re kraft. Plasser en i ditt hellige rom eller ta den med deg for \u00e5 dra nytte av dens energiske innflytelse, som kan forbedre \u00e5ndelig innsikt, balanse og vitalitet.<\/span><\/p>\n<p><span style=\"color: rgb(75, 80, 88);\"><em>V\u00e6r oppmerksom p\u00e5 at siden disse bundne chakrasteinene er h\u00e5ndlagde, kan sm\u00e5 variasjoner i st\u00f8rrelse og vekt forekomme p\u00e5 grunn av deres h\u00e5ndlagde natur.<\/em><\/span><\/p>\n","protected":false},"excerpt":{"rendered":"<p>Hver stein er laget med omhu og h\u00e5ndlaget av de fineste edelstenene, med syv forskjellige farger som representerer de individuelle chakraene. Disse bundne chakrasteinene stammer fra det mystiske landet India, og legemliggj\u00f8r \u00e5rhundregamle tradisjoner for edelstensheling. Bundne chakrasteiner er mer enn bare vakre dekorasjoner; de er dyptgripende verkt\u00f8y for \u00e5 forbedre velv\u00e6re og \u00e5ndelig harmoni. [&hellip;]<\/p>\n","protected":false},"featured_media":331940,"comment_status":"closed","ping_status":"open","template":"","meta":{"_angie_page":false},"product_brand":[],"product_cat":[9155,9158],"product_tag":[],"class_list":{"0":"post-205476","1":"product","2":"type-product","3":"status-publish","4":"has-post-thumbnail","6":"product_cat-esoteriske-gaver","7":"product_cat-pendler-og-runesett","8":"pa_collection-bonded-chakra-stones-no","9":"pa_made-in-india","11":"first","12":"instock","13":"purchasable","14":"product-type-simple"},"supplier_id":null,"supplier_sku":"BBCs-05","barcode":null,"atum_controlled":true,"out_stock_date":null,"out_stock_threshold":null,"inheritable":false,"inbound_stock":null,"stock_on_hold":0,"sold_today":0,"sales_last_days":0,"reserved_stock":null,"customer_returns":null,"warehouse_damage":null,"lost_in_post":null,"other_logs":null,"out_stock_days":0,"lost_sales":0,"has_location":null,"update_date":"2026-04-27T06:54:19","atum_locations":[],"atum_stock_status":"instock","restock_status":false,"low_stock_amount":"","sales_update_date":"2026-01-30T01:25:51","calc_backorders":null,"_links":{"self":[{"href":"https:\/\/aromasentia.com\/no\/wp-json\/wp\/v2\/product\/205476","targetHints":{"allow":["GET"]}}],"collection":[{"href":"https:\/\/aromasentia.com\/no\/wp-json\/wp\/v2\/product"}],"about":[{"href":"https:\/\/aromasentia.com\/no\/wp-json\/wp\/v2\/types\/product"}],"replies":[{"embeddable":true,"href":"https:\/\/aromasentia.com\/no\/wp-json\/wp\/v2\/comments?post=205476"}],"version-history":[{"count":0,"href":"https:\/\/aromasentia.com\/no\/wp-json\/wp\/v2\/product\/205476\/revisions"}],"wp:featuredmedia":[{"embeddable":true,"href":"https:\/\/aromasentia.com\/no\/wp-json\/wp\/v2\/media\/331940"}],"wp:attachment":[{"href":"https:\/\/aromasentia.com\/no\/wp-json\/wp\/v2\/media?parent=205476"}],"wp:term":[{"taxonomy":"product_brand","embeddable":true,"href":"https:\/\/aromasentia.com\/no\/wp-json\/wp\/v2\/product_brand?post=205476"},{"taxonomy":"product_cat","embeddable":true,"href":"https:\/\/aromasentia.com\/no\/wp-json\/wp\/v2\/product_cat?post=205476"},{"taxonomy":"product_tag","embeddable":true,"href":"https:\/\/aromasentia.com\/no\/wp-json\/wp\/v2\/product_tag?post=205476"}],"curies":[{"name":"wp","href":"https:\/\/api.w.org\/{rel}","templated":true}]}}