{"id":205468,"date":"2025-03-22T13:29:17","date_gmt":"2025-03-22T13:29:17","guid":{"rendered":"https:\/\/aromasentia.com\/product\/sphere-pendulum-labrodorite\/"},"modified":"2025-05-31T01:54:43","modified_gmt":"2025-05-31T01:54:43","slug":"kule-pendel-labrodoritt","status":"publish","type":"product","link":"https:\/\/aromasentia.com\/no\/kule-pendel-labrodoritt\/","title":{"rendered":"Kule Pendel &#8211; Labrodoritt"},"content":{"rendered":"<p>Krystallvindkasting kan utf\u00f8res p\u00e5 mange m\u00e5ter, og det brukes til alle slags form\u00e5l, for eksempel \u00e5 finne vann, mineraler, savnede personer og til og med tapte gjenstander. Det brukes ogs\u00e5 i healing, reiki og sp\u00e5dom. Utstyrt med en s\u00f8lvkjede og edelstensperle i toppen har de virkelig noe ganske magisk over seg.<\/p>\n<p>H\u00f8ykvalitets edelstenspendler i en rekke steiner. Hver av dem har en kjede p\u00e5 ca. 170 mm, og kjeden har en edelstensperle i enden. MERK &#8211; Disse pendelene er h\u00e5ndlaget av et naturprodukt. P\u00e5 grunn av dette kan st\u00f8rrelsene p\u00e5 edelstenene variere.<\/p>\n","protected":false},"excerpt":{"rendered":"<p>Krystallvindkasting kan utf\u00f8res p\u00e5 mange m\u00e5ter, og det brukes til alle slags form\u00e5l, for eksempel \u00e5 finne vann, mineraler, savnede personer og til og med tapte gjenstander. Det brukes ogs\u00e5 i healing, reiki og sp\u00e5dom. Utstyrt med en s\u00f8lvkjede og edelstensperle i toppen har de virkelig noe ganske magisk over seg. H\u00f8ykvalitets edelstenspendler i en [&hellip;]<\/p>\n","protected":false},"featured_media":331788,"comment_status":"closed","ping_status":"open","template":"","meta":[],"product_brand":[],"product_cat":[9155,9158],"product_tag":[],"class_list":{"0":"post-205468","1":"product","2":"type-product","3":"status-publish","4":"has-post-thumbnail","6":"product_cat-esoteriske-gaver","7":"product_cat-pendler-og-runesett","8":"pa_collection-sphere-pendulums-no","9":"pa_made-in-india","11":"first","12":"instock","13":"purchasable","14":"product-type-simple"},"supplier_id":null,"supplier_sku":"BallMP-12","barcode":null,"atum_controlled":true,"out_stock_date":null,"out_stock_threshold":null,"inheritable":false,"inbound_stock":null,"stock_on_hold":0,"sold_today":0,"sales_last_days":0,"reserved_stock":null,"customer_returns":null,"warehouse_damage":null,"lost_in_post":null,"other_logs":null,"out_stock_days":0,"lost_sales":0,"has_location":null,"update_date":"2026-02-10T16:26:42","atum_locations":[],"atum_stock_status":"instock","restock_status":false,"low_stock_amount":"","sales_update_date":"2026-01-30T01:24:29","calc_backorders":null,"_links":{"self":[{"href":"https:\/\/aromasentia.com\/no\/wp-json\/wp\/v2\/product\/205468","targetHints":{"allow":["GET"]}}],"collection":[{"href":"https:\/\/aromasentia.com\/no\/wp-json\/wp\/v2\/product"}],"about":[{"href":"https:\/\/aromasentia.com\/no\/wp-json\/wp\/v2\/types\/product"}],"replies":[{"embeddable":true,"href":"https:\/\/aromasentia.com\/no\/wp-json\/wp\/v2\/comments?post=205468"}],"version-history":[{"count":0,"href":"https:\/\/aromasentia.com\/no\/wp-json\/wp\/v2\/product\/205468\/revisions"}],"wp:featuredmedia":[{"embeddable":true,"href":"https:\/\/aromasentia.com\/no\/wp-json\/wp\/v2\/media\/331788"}],"wp:attachment":[{"href":"https:\/\/aromasentia.com\/no\/wp-json\/wp\/v2\/media?parent=205468"}],"wp:term":[{"taxonomy":"product_brand","embeddable":true,"href":"https:\/\/aromasentia.com\/no\/wp-json\/wp\/v2\/product_brand?post=205468"},{"taxonomy":"product_cat","embeddable":true,"href":"https:\/\/aromasentia.com\/no\/wp-json\/wp\/v2\/product_cat?post=205468"},{"taxonomy":"product_tag","embeddable":true,"href":"https:\/\/aromasentia.com\/no\/wp-json\/wp\/v2\/product_tag?post=205468"}],"curies":[{"name":"wp","href":"https:\/\/api.w.org\/{rel}","templated":true}]}}