{"id":205433,"date":"2025-03-22T16:59:02","date_gmt":"2025-03-22T16:59:02","guid":{"rendered":"https:\/\/aromasentia.com\/product\/honey-oatmeal-pure-fragrance-oil-500ml\/"},"modified":"2025-06-28T22:41:06","modified_gmt":"2025-06-28T22:41:06","slug":"honning-og-havregryn-duftolje-ren-500ml","status":"publish","type":"product","link":"https:\/\/aromasentia.com\/no\/honning-og-havregryn-duftolje-ren-500ml\/","title":{"rendered":"Honning Og Havregryn Duftolje Ren &#8211; 500ml"},"content":{"rendered":"<p>Skap en varm og behagelig atmosf\u00e6re med denne sjener\u00f8se 500 ml rene duftoljen Honey &#038; Oatmeal. Denne oljen er perfekt til bruk i oljebrennere, diffusorer eller til \u00e5 lage dine egne duftprodukter, og den har en langvarig s\u00f8t og lett n\u00f8tteaktig duft.<\/p>\n","protected":false},"excerpt":{"rendered":"<p>Skap en varm og behagelig atmosf\u00e6re med denne sjener\u00f8se 500 ml rene duftoljen Honey &#038; Oatmeal. Denne oljen er perfekt til bruk i oljebrennere, diffusorer eller til \u00e5 lage dine egne duftprodukter, og den har en langvarig s\u00f8t og lett n\u00f8tteaktig duft.<\/p>\n","protected":false},"featured_media":388598,"comment_status":"closed","ping_status":"open","template":"","meta":{"_angie_page":false},"product_brand":[],"product_cat":[9065,9070],"product_tag":[],"class_list":{"0":"post-205433","1":"product","2":"type-product","3":"status-publish","4":"has-post-thumbnail","6":"product_cat-aromaterapi-og-romduft","7":"product_cat-duftoljer","8":"pa_collection-pure-fragrance-oils-500ml-no","9":"pa_made-in-storbritannia","10":"pa_size-500ml","12":"first","13":"instock","14":"purchasable","15":"product-type-simple"},"supplier_id":null,"supplier_sku":"FOBP-169","barcode":null,"atum_controlled":true,"out_stock_date":null,"out_stock_threshold":null,"inheritable":false,"inbound_stock":null,"stock_on_hold":0,"sold_today":0,"sales_last_days":0,"reserved_stock":null,"customer_returns":null,"warehouse_damage":null,"lost_in_post":null,"other_logs":null,"out_stock_days":79,"lost_sales":0,"has_location":null,"update_date":"2026-04-27T07:04:06","atum_locations":[],"atum_stock_status":"instock","restock_status":false,"low_stock_amount":"","sales_update_date":"2026-02-06T00:01:00","calc_backorders":null,"_links":{"self":[{"href":"https:\/\/aromasentia.com\/no\/wp-json\/wp\/v2\/product\/205433","targetHints":{"allow":["GET"]}}],"collection":[{"href":"https:\/\/aromasentia.com\/no\/wp-json\/wp\/v2\/product"}],"about":[{"href":"https:\/\/aromasentia.com\/no\/wp-json\/wp\/v2\/types\/product"}],"replies":[{"embeddable":true,"href":"https:\/\/aromasentia.com\/no\/wp-json\/wp\/v2\/comments?post=205433"}],"version-history":[{"count":0,"href":"https:\/\/aromasentia.com\/no\/wp-json\/wp\/v2\/product\/205433\/revisions"}],"wp:featuredmedia":[{"embeddable":true,"href":"https:\/\/aromasentia.com\/no\/wp-json\/wp\/v2\/media\/388598"}],"wp:attachment":[{"href":"https:\/\/aromasentia.com\/no\/wp-json\/wp\/v2\/media?parent=205433"}],"wp:term":[{"taxonomy":"product_brand","embeddable":true,"href":"https:\/\/aromasentia.com\/no\/wp-json\/wp\/v2\/product_brand?post=205433"},{"taxonomy":"product_cat","embeddable":true,"href":"https:\/\/aromasentia.com\/no\/wp-json\/wp\/v2\/product_cat?post=205433"},{"taxonomy":"product_tag","embeddable":true,"href":"https:\/\/aromasentia.com\/no\/wp-json\/wp\/v2\/product_tag?post=205433"}],"curies":[{"name":"wp","href":"https:\/\/api.w.org\/{rel}","templated":true}]}}