{"id":205413,"date":"2025-03-22T16:59:02","date_gmt":"2025-03-22T16:59:02","guid":{"rendered":"https:\/\/aromasentia.com\/product\/pina-colada-pure-fragrance-oil-500ml\/"},"modified":"2025-06-28T22:40:48","modified_gmt":"2025-06-28T22:40:48","slug":"pina-colada-duftolje-ren-500ml","status":"publish","type":"product","link":"https:\/\/aromasentia.com\/no\/pina-colada-duftolje-ren-500ml\/","title":{"rendered":"Pina Colada Duftolje Ren &#8211; 500ml"},"content":{"rendered":"<p>Ta deg med til et tropisk paradis med den s\u00f8te og kremete duften av Pina Colada med denne sjener\u00f8se 500 ml rene duftoljen. Denne oljen er perfekt til bruk i oljebrennere, diffusorer eller til \u00e5 lage dine egne duftprodukter, og gir en langvarig og sommerlig duft av kokosn\u00f8tt og ananas.<\/p>\n","protected":false},"excerpt":{"rendered":"<p>Ta deg med til et tropisk paradis med den s\u00f8te og kremete duften av Pina Colada med denne sjener\u00f8se 500 ml rene duftoljen. Denne oljen er perfekt til bruk i oljebrennere, diffusorer eller til \u00e5 lage dine egne duftprodukter, og gir en langvarig og sommerlig duft av kokosn\u00f8tt og ananas.<\/p>\n","protected":false},"featured_media":388418,"comment_status":"closed","ping_status":"open","template":"","meta":{"_angie_page":false},"product_brand":[],"product_cat":[9065,9070],"product_tag":[],"class_list":{"0":"post-205413","1":"product","2":"type-product","3":"status-publish","4":"has-post-thumbnail","6":"product_cat-aromaterapi-og-romduft","7":"product_cat-duftoljer","8":"pa_collection-pure-fragrance-oils-500ml-no","9":"pa_made-in-storbritannia","10":"pa_size-500ml","12":"first","13":"instock","14":"purchasable","15":"product-type-simple"},"supplier_id":null,"supplier_sku":"FOBP-190","barcode":null,"atum_controlled":true,"out_stock_date":null,"out_stock_threshold":null,"inheritable":false,"inbound_stock":null,"stock_on_hold":0,"sold_today":0,"sales_last_days":0,"reserved_stock":null,"customer_returns":null,"warehouse_damage":null,"lost_in_post":null,"other_logs":null,"out_stock_days":0,"lost_sales":0,"has_location":null,"update_date":"2026-05-08T05:09:37","atum_locations":[],"atum_stock_status":"instock","restock_status":false,"low_stock_amount":"","sales_update_date":"2026-01-30T01:25:27","calc_backorders":null,"_links":{"self":[{"href":"https:\/\/aromasentia.com\/no\/wp-json\/wp\/v2\/product\/205413","targetHints":{"allow":["GET"]}}],"collection":[{"href":"https:\/\/aromasentia.com\/no\/wp-json\/wp\/v2\/product"}],"about":[{"href":"https:\/\/aromasentia.com\/no\/wp-json\/wp\/v2\/types\/product"}],"replies":[{"embeddable":true,"href":"https:\/\/aromasentia.com\/no\/wp-json\/wp\/v2\/comments?post=205413"}],"version-history":[{"count":0,"href":"https:\/\/aromasentia.com\/no\/wp-json\/wp\/v2\/product\/205413\/revisions"}],"wp:featuredmedia":[{"embeddable":true,"href":"https:\/\/aromasentia.com\/no\/wp-json\/wp\/v2\/media\/388418"}],"wp:attachment":[{"href":"https:\/\/aromasentia.com\/no\/wp-json\/wp\/v2\/media?parent=205413"}],"wp:term":[{"taxonomy":"product_brand","embeddable":true,"href":"https:\/\/aromasentia.com\/no\/wp-json\/wp\/v2\/product_brand?post=205413"},{"taxonomy":"product_cat","embeddable":true,"href":"https:\/\/aromasentia.com\/no\/wp-json\/wp\/v2\/product_cat?post=205413"},{"taxonomy":"product_tag","embeddable":true,"href":"https:\/\/aromasentia.com\/no\/wp-json\/wp\/v2\/product_tag?post=205413"}],"curies":[{"name":"wp","href":"https:\/\/api.w.org\/{rel}","templated":true}]}}