{"id":205370,"date":"2025-03-22T16:59:02","date_gmt":"2025-03-22T16:59:02","guid":{"rendered":"https:\/\/aromasentia.com\/product\/geranium-pure-fragrance-oil-500ml\/"},"modified":"2025-06-28T22:40:13","modified_gmt":"2025-06-28T22:40:13","slug":"geranium-duftolje-ren-500ml","status":"publish","type":"product","link":"https:\/\/aromasentia.com\/no\/geranium-duftolje-ren-500ml\/","title":{"rendered":"Geranium Duftolje Ren &#8211; 500ml"},"content":{"rendered":"<p>Fyll rommet ditt med den friske og blomsteraktige duften av geranium med denne sjener\u00f8se 500 ml rene duftoljen. Denne oljen er perfekt til bruk i oljebrennere, diffusorer eller for \u00e5 lage dine egne duftprodukter, og den gir en langvarig og oppl\u00f8ftende duft.<\/p>\n","protected":false},"excerpt":{"rendered":"<p>Fyll rommet ditt med den friske og blomsteraktige duften av geranium med denne sjener\u00f8se 500 ml rene duftoljen. Denne oljen er perfekt til bruk i oljebrennere, diffusorer eller for \u00e5 lage dine egne duftprodukter, og den gir en langvarig og oppl\u00f8ftende duft.<\/p>\n","protected":false},"featured_media":388031,"comment_status":"closed","ping_status":"open","template":"","meta":{"_angie_page":false},"product_brand":[],"product_cat":[9065,26834,25843,9070,26187],"product_tag":[],"class_list":{"0":"post-205370","1":"product","2":"type-product","3":"status-publish","4":"has-post-thumbnail","6":"product_cat-aromaterapi-og-romduft","7":"product_cat-blomster","8":"product_cat-dufter-aromaer","9":"product_cat-duftoljer","10":"product_cat-geranium","11":"pa_collection-pure-fragrance-oils-500ml-no","12":"pa_made-in-storbritannia","13":"pa_size-500ml","15":"first","16":"instock","17":"purchasable","18":"product-type-simple"},"supplier_id":null,"supplier_sku":"FOBp-46","barcode":null,"atum_controlled":true,"out_stock_date":null,"out_stock_threshold":null,"inheritable":false,"inbound_stock":null,"stock_on_hold":0,"sold_today":0,"sales_last_days":0,"reserved_stock":null,"customer_returns":null,"warehouse_damage":null,"lost_in_post":null,"other_logs":null,"out_stock_days":120,"lost_sales":0,"has_location":null,"update_date":"2026-04-27T07:03:38","atum_locations":[],"atum_stock_status":"instock","restock_status":false,"low_stock_amount":"","sales_update_date":"2026-02-06T00:00:57","calc_backorders":null,"_links":{"self":[{"href":"https:\/\/aromasentia.com\/no\/wp-json\/wp\/v2\/product\/205370","targetHints":{"allow":["GET"]}}],"collection":[{"href":"https:\/\/aromasentia.com\/no\/wp-json\/wp\/v2\/product"}],"about":[{"href":"https:\/\/aromasentia.com\/no\/wp-json\/wp\/v2\/types\/product"}],"replies":[{"embeddable":true,"href":"https:\/\/aromasentia.com\/no\/wp-json\/wp\/v2\/comments?post=205370"}],"version-history":[{"count":0,"href":"https:\/\/aromasentia.com\/no\/wp-json\/wp\/v2\/product\/205370\/revisions"}],"wp:featuredmedia":[{"embeddable":true,"href":"https:\/\/aromasentia.com\/no\/wp-json\/wp\/v2\/media\/388031"}],"wp:attachment":[{"href":"https:\/\/aromasentia.com\/no\/wp-json\/wp\/v2\/media?parent=205370"}],"wp:term":[{"taxonomy":"product_brand","embeddable":true,"href":"https:\/\/aromasentia.com\/no\/wp-json\/wp\/v2\/product_brand?post=205370"},{"taxonomy":"product_cat","embeddable":true,"href":"https:\/\/aromasentia.com\/no\/wp-json\/wp\/v2\/product_cat?post=205370"},{"taxonomy":"product_tag","embeddable":true,"href":"https:\/\/aromasentia.com\/no\/wp-json\/wp\/v2\/product_tag?post=205370"}],"curies":[{"name":"wp","href":"https:\/\/api.w.org\/{rel}","templated":true}]}}