{"id":205347,"date":"2025-03-22T16:59:14","date_gmt":"2025-03-22T16:59:14","guid":{"rendered":"https:\/\/aromasentia.com\/product\/gift-set-of-6-wax-melts-ylang-ylang\/"},"modified":"2025-05-31T01:45:59","modified_gmt":"2025-05-31T01:45:59","slug":"gavesett-med-duftvoks-melts-ylang-ylang-6stk","status":"publish","type":"product","link":"https:\/\/aromasentia.com\/no\/gavesett-med-duftvoks-melts-ylang-ylang-6stk\/","title":{"rendered":"Gavesett med Duftvoks Melts &#8211; Ylang Ylang 6Stk."},"content":{"rendered":"<p><strong>Duftende vokssmelter &#8211; Ylang Ylang<\/strong> i gaveeske er laget av en naturlig blanding av soyavoks og de fineste duftoljene. De er tilgjengelige i mange fantastiske dufter \u00e5 velge mellom.<\/p>\n<p>Vokssmelter inneholder ikke parafinvoks, s\u00e5 hjemmet ditt vil lukte av kvalitetsduft. Bare tilsett \u00e9n vokssmelt i en oljebrenner for \u00e5 f\u00e5 hjemmet ditt til \u00e5 lukte fantastisk.<\/p>\n<p>Hver gaveeske inneholder 6 vokssmelter atskilt med pappdelere. Du kan kombinere den med en oljebrenner som et gavesett. De ville v\u00e6re en perfekt gave til alle anledninger.<\/p>\n<ul>\n<li>Ca. st\u00f8rrelse p\u00e5 hver vokssmelt er D: 4 cm H: 4 cm<\/li>\n<li>Hver vokssmelt veier ca. 15 g<\/li>\n<\/ul>\n","protected":false},"excerpt":{"rendered":"<p>Duftende vokssmelter &#8211; Ylang Ylang i gaveeske er laget av en naturlig blanding av soyavoks og de fineste duftoljene. De er tilgjengelige i mange fantastiske dufter \u00e5 velge mellom. Vokssmelter inneholder ikke parafinvoks, s\u00e5 hjemmet ditt vil lukte av kvalitetsduft. Bare tilsett \u00e9n vokssmelt i en oljebrenner for \u00e5 f\u00e5 hjemmet ditt til \u00e5 lukte [&hellip;]<\/p>\n","protected":false},"featured_media":389586,"comment_status":"closed","ping_status":"open","template":"","meta":[],"product_brand":[],"product_cat":[9065,26834,25843,9119,26445],"product_tag":[],"class_list":{"0":"post-205347","1":"product","2":"type-product","3":"status-publish","4":"has-post-thumbnail","6":"product_cat-aromaterapi-og-romduft","7":"product_cat-blomster","8":"product_cat-dufter-aromaer","9":"product_cat-soya-duftvoks-soyavoks","10":"product_cat-ylang-ylang","11":"pa_collection-luxury-wax-melts-in-gift-boxes-no","12":"pa_made-in-kina","14":"first","15":"instock","16":"purchasable","17":"product-type-simple"},"supplier_id":null,"supplier_sku":"LWMelt-05","barcode":null,"atum_controlled":true,"out_stock_date":null,"out_stock_threshold":null,"inheritable":false,"inbound_stock":null,"stock_on_hold":0,"sold_today":0,"sales_last_days":0,"reserved_stock":null,"customer_returns":null,"warehouse_damage":null,"lost_in_post":null,"other_logs":null,"out_stock_days":0,"lost_sales":0,"has_location":null,"update_date":"2026-01-30T01:24:45","atum_locations":[],"atum_stock_status":"instock","restock_status":false,"low_stock_amount":"","sales_update_date":"2026-01-30T01:24:45","calc_backorders":null,"_links":{"self":[{"href":"https:\/\/aromasentia.com\/no\/wp-json\/wp\/v2\/product\/205347","targetHints":{"allow":["GET"]}}],"collection":[{"href":"https:\/\/aromasentia.com\/no\/wp-json\/wp\/v2\/product"}],"about":[{"href":"https:\/\/aromasentia.com\/no\/wp-json\/wp\/v2\/types\/product"}],"replies":[{"embeddable":true,"href":"https:\/\/aromasentia.com\/no\/wp-json\/wp\/v2\/comments?post=205347"}],"version-history":[{"count":0,"href":"https:\/\/aromasentia.com\/no\/wp-json\/wp\/v2\/product\/205347\/revisions"}],"wp:featuredmedia":[{"embeddable":true,"href":"https:\/\/aromasentia.com\/no\/wp-json\/wp\/v2\/media\/389586"}],"wp:attachment":[{"href":"https:\/\/aromasentia.com\/no\/wp-json\/wp\/v2\/media?parent=205347"}],"wp:term":[{"taxonomy":"product_brand","embeddable":true,"href":"https:\/\/aromasentia.com\/no\/wp-json\/wp\/v2\/product_brand?post=205347"},{"taxonomy":"product_cat","embeddable":true,"href":"https:\/\/aromasentia.com\/no\/wp-json\/wp\/v2\/product_cat?post=205347"},{"taxonomy":"product_tag","embeddable":true,"href":"https:\/\/aromasentia.com\/no\/wp-json\/wp\/v2\/product_tag?post=205347"}],"curies":[{"name":"wp","href":"https:\/\/api.w.org\/{rel}","templated":true}]}}