{"id":205329,"date":"2025-03-22T16:59:14","date_gmt":"2025-03-22T16:59:14","guid":{"rendered":"https:\/\/aromasentia.com\/product\/500ml-pure-fo-lapis-lazuli\/"},"modified":"2025-06-28T22:39:54","modified_gmt":"2025-06-28T22:39:54","slug":"lapis-lazuli-duftolje-ren-500ml","status":"publish","type":"product","link":"https:\/\/aromasentia.com\/no\/lapis-lazuli-duftolje-ren-500ml\/","title":{"rendered":"Lapis Lazuli Duftolje Ren &#8211; 500ml"},"content":{"rendered":"<p>Opplev en rik og fengslende aroma med denne sjener\u00f8se 500 ml rene duftoljen Lapis Lazuli. Denne oljen er perfekt for bruk i oljebrennere, diffusorer eller for \u00e5 lage dine egne duftprodukter, og den gir en langvarig og dyp, lett s\u00f8tlig duft.<\/p>\n","protected":false},"excerpt":{"rendered":"<p>Opplev en rik og fengslende aroma med denne sjener\u00f8se 500 ml rene duftoljen Lapis Lazuli. Denne oljen er perfekt for bruk i oljebrennere, diffusorer eller for \u00e5 lage dine egne duftprodukter, og den gir en langvarig og dyp, lett s\u00f8tlig duft.<\/p>\n","protected":false},"featured_media":389192,"comment_status":"closed","ping_status":"open","template":"","meta":{"_angie_page":false},"product_brand":[],"product_cat":[9065,9070,25221,25661],"product_tag":[],"class_list":{"0":"post-205329","1":"product","2":"type-product","3":"status-publish","4":"has-post-thumbnail","6":"product_cat-aromaterapi-og-romduft","7":"product_cat-duftoljer","8":"product_cat-krystaller-edelsteiner","9":"product_cat-lapis-lazuli","10":"pa_collection-pure-fragrance-oils-500ml-no","11":"pa_made-in-storbritannia","12":"pa_size-500ml","14":"first","15":"instock","16":"purchasable","17":"product-type-simple"},"supplier_id":null,"supplier_sku":"FOBP-231","barcode":null,"atum_controlled":true,"out_stock_date":null,"out_stock_threshold":null,"inheritable":false,"inbound_stock":null,"stock_on_hold":0,"sold_today":0,"sales_last_days":0,"reserved_stock":null,"customer_returns":null,"warehouse_damage":null,"lost_in_post":null,"other_logs":null,"out_stock_days":0,"lost_sales":0,"has_location":null,"update_date":"2026-05-08T05:09:38","atum_locations":[],"atum_stock_status":"instock","restock_status":false,"low_stock_amount":"","sales_update_date":"2026-02-06T00:00:49","calc_backorders":null,"_links":{"self":[{"href":"https:\/\/aromasentia.com\/no\/wp-json\/wp\/v2\/product\/205329","targetHints":{"allow":["GET"]}}],"collection":[{"href":"https:\/\/aromasentia.com\/no\/wp-json\/wp\/v2\/product"}],"about":[{"href":"https:\/\/aromasentia.com\/no\/wp-json\/wp\/v2\/types\/product"}],"replies":[{"embeddable":true,"href":"https:\/\/aromasentia.com\/no\/wp-json\/wp\/v2\/comments?post=205329"}],"version-history":[{"count":0,"href":"https:\/\/aromasentia.com\/no\/wp-json\/wp\/v2\/product\/205329\/revisions"}],"wp:featuredmedia":[{"embeddable":true,"href":"https:\/\/aromasentia.com\/no\/wp-json\/wp\/v2\/media\/389192"}],"wp:attachment":[{"href":"https:\/\/aromasentia.com\/no\/wp-json\/wp\/v2\/media?parent=205329"}],"wp:term":[{"taxonomy":"product_brand","embeddable":true,"href":"https:\/\/aromasentia.com\/no\/wp-json\/wp\/v2\/product_brand?post=205329"},{"taxonomy":"product_cat","embeddable":true,"href":"https:\/\/aromasentia.com\/no\/wp-json\/wp\/v2\/product_cat?post=205329"},{"taxonomy":"product_tag","embeddable":true,"href":"https:\/\/aromasentia.com\/no\/wp-json\/wp\/v2\/product_tag?post=205329"}],"curies":[{"name":"wp","href":"https:\/\/api.w.org\/{rel}","templated":true}]}}