{"id":205292,"date":"2025-03-22T16:59:14","date_gmt":"2025-03-22T16:59:14","guid":{"rendered":"https:\/\/aromasentia.com\/product\/black-cherry-pure-fragrance-oil-500ml\/"},"modified":"2025-06-28T22:39:23","modified_gmt":"2025-06-28T22:39:23","slug":"black-cherry-duftolje-ren-500ml","status":"publish","type":"product","link":"https:\/\/aromasentia.com\/no\/black-cherry-duftolje-ren-500ml\/","title":{"rendered":"Black Cherry Duftolje Ren &#8211; 500ml"},"content":{"rendered":"<p>Fyll rommet ditt med den s\u00f8te og litt syrlige duften av Black Cherry med denne sjener\u00f8se 500 ml rene duftoljen. Denne oljen er perfekt til bruk i oljebrennere, diffusorer eller til \u00e5 lage dine egne duftprodukter, og den gir en langvarig og rik fruktig duft.<\/p>\n","protected":false},"excerpt":{"rendered":"<p>Fyll rommet ditt med den s\u00f8te og litt syrlige duften av Black Cherry med denne sjener\u00f8se 500 ml rene duftoljen. Denne oljen er perfekt til bruk i oljebrennere, diffusorer eller til \u00e5 lage dine egne duftprodukter, og den gir en langvarig og rik fruktig duft.<\/p>\n","protected":false},"featured_media":388859,"comment_status":"closed","ping_status":"open","template":"","meta":[],"product_brand":[],"product_cat":[9065,9070],"product_tag":[],"class_list":{"0":"post-205292","1":"product","2":"type-product","3":"status-publish","4":"has-post-thumbnail","6":"product_cat-aromaterapi-og-romduft","7":"product_cat-duftoljer","8":"pa_collection-pure-fragrance-oils-500ml-no","9":"pa_made-in-storbritannia","10":"pa_size-500ml","12":"first","13":"outofstock","14":"purchasable","15":"product-type-simple"},"supplier_id":null,"supplier_sku":"FOBP-139","barcode":null,"atum_controlled":true,"out_stock_date":"2025-11-17 10:38:33","out_stock_threshold":null,"inheritable":false,"inbound_stock":null,"stock_on_hold":0,"sold_today":0,"sales_last_days":0,"reserved_stock":null,"customer_returns":null,"warehouse_damage":null,"lost_in_post":null,"other_logs":null,"out_stock_days":80,"lost_sales":0,"has_location":null,"update_date":"2026-02-06T00:01:01","atum_locations":[],"atum_stock_status":"outofstock","restock_status":false,"low_stock_amount":"","sales_update_date":"2026-02-06T00:01:01","calc_backorders":null,"_links":{"self":[{"href":"https:\/\/aromasentia.com\/no\/wp-json\/wp\/v2\/product\/205292","targetHints":{"allow":["GET"]}}],"collection":[{"href":"https:\/\/aromasentia.com\/no\/wp-json\/wp\/v2\/product"}],"about":[{"href":"https:\/\/aromasentia.com\/no\/wp-json\/wp\/v2\/types\/product"}],"replies":[{"embeddable":true,"href":"https:\/\/aromasentia.com\/no\/wp-json\/wp\/v2\/comments?post=205292"}],"version-history":[{"count":0,"href":"https:\/\/aromasentia.com\/no\/wp-json\/wp\/v2\/product\/205292\/revisions"}],"wp:featuredmedia":[{"embeddable":true,"href":"https:\/\/aromasentia.com\/no\/wp-json\/wp\/v2\/media\/388859"}],"wp:attachment":[{"href":"https:\/\/aromasentia.com\/no\/wp-json\/wp\/v2\/media?parent=205292"}],"wp:term":[{"taxonomy":"product_brand","embeddable":true,"href":"https:\/\/aromasentia.com\/no\/wp-json\/wp\/v2\/product_brand?post=205292"},{"taxonomy":"product_cat","embeddable":true,"href":"https:\/\/aromasentia.com\/no\/wp-json\/wp\/v2\/product_cat?post=205292"},{"taxonomy":"product_tag","embeddable":true,"href":"https:\/\/aromasentia.com\/no\/wp-json\/wp\/v2\/product_tag?post=205292"}],"curies":[{"name":"wp","href":"https:\/\/api.w.org\/{rel}","templated":true}]}}