{"id":205283,"date":"2025-03-22T16:59:14","date_gmt":"2025-03-22T16:59:14","guid":{"rendered":"https:\/\/aromasentia.com\/product\/200ml-cinnamon-clove-essential-oil-reed-diffuser\/"},"modified":"2025-05-31T01:41:35","modified_gmt":"2025-05-31T01:41:35","slug":"kanel-og-nellik-eterisk-olje-duftpinner-200ml","status":"publish","type":"product","link":"https:\/\/aromasentia.com\/no\/kanel-og-nellik-eterisk-olje-duftpinner-200ml\/","title":{"rendered":"Kanel Og Nellik Eterisk Olje Duftpinner 200ml"},"content":{"rendered":"<p>Rene oljer fra planter, urter og tr\u00e6r har blitt brukt i tusenvis av \u00e5r for \u00e5 forf\u00f8re, fortrylle og helbrede. N\u00e5 kan du slippe l\u00f8s den eldgamle magien og kraften til aromatiske oljer i hjemmet ditt.<\/p>\n<p>Denne vakre, klassiske <strong>kanel- og nellik-essensielle oljen<\/strong><strong>r\u00f8rdiffuseren<\/strong> inneholder kun naturlige essensielle oljer (i en mineraloljebase) for \u00e5 fortrylle og glede familie og venner.<\/p>\n<p>Sakte og delikat vil aromaen stige langs pinnene og fylle ethvert rom med en herlig og virkelig aromatisk duft. Aromaen kan vare i opptil 12 uker.<\/p>\n<p>Fjern all emballasje f\u00f8r bruk. Bare \u00e5pne lokket, fjern pluggen og plasser de indonesiske rottingpinnene i halsen. N\u00e5r r\u00f8rene har absorbert oljen, kan du eventuelt snu dem og sette dem tilbake i glasskrukken med den oljegjennomv\u00e5te enden synlig for raskere frigj\u00f8ring av duften.<\/p>\n<p><strong>Vi h\u00e5per du liker ditt aromatiske eventyr!<\/strong><\/p>\n","protected":false},"excerpt":{"rendered":"<p>Rene oljer fra planter, urter og tr\u00e6r har blitt brukt i tusenvis av \u00e5r for \u00e5 forf\u00f8re, fortrylle og helbrede. N\u00e5 kan du slippe l\u00f8s den eldgamle magien og kraften til aromatiske oljer i hjemmet ditt. Denne vakre, klassiske kanel- og nellik-essensielle oljenr\u00f8rdiffuseren inneholder kun naturlige essensielle oljer (i en mineraloljebase) for \u00e5 fortrylle og [&hellip;]<\/p>\n","protected":false},"featured_media":390534,"comment_status":"closed","ping_status":"open","template":"","meta":[],"product_brand":[],"product_cat":[9081,25843,9082,26133,26890,26487],"product_tag":[],"class_list":{"0":"post-205283","1":"product","2":"type-product","3":"status-publish","4":"has-post-thumbnail","6":"product_cat-aroma-diffuser-aromalamper-og-duftpinner","7":"product_cat-dufter-aromaer","8":"product_cat-duftpinner","9":"product_cat-kanel","10":"product_cat-krydret","11":"product_cat-nellik","12":"pa_collection-pure-essential-oils-reed-diffusers-no","13":"pa_made-in-storbritannia","14":"pa_size-200ml","16":"first","17":"instock","18":"purchasable","19":"product-type-simple"},"supplier_id":null,"supplier_sku":"RDEO-03","barcode":null,"atum_controlled":true,"out_stock_date":null,"out_stock_threshold":null,"inheritable":false,"inbound_stock":null,"stock_on_hold":0,"sold_today":0,"sales_last_days":0,"reserved_stock":null,"customer_returns":null,"warehouse_damage":null,"lost_in_post":null,"other_logs":null,"out_stock_days":0,"lost_sales":0,"has_location":null,"update_date":"2026-02-10T10:28:55","atum_locations":[],"atum_stock_status":"instock","restock_status":false,"low_stock_amount":"","sales_update_date":"2025-09-03T00:22:02","calc_backorders":null,"_links":{"self":[{"href":"https:\/\/aromasentia.com\/no\/wp-json\/wp\/v2\/product\/205283","targetHints":{"allow":["GET"]}}],"collection":[{"href":"https:\/\/aromasentia.com\/no\/wp-json\/wp\/v2\/product"}],"about":[{"href":"https:\/\/aromasentia.com\/no\/wp-json\/wp\/v2\/types\/product"}],"replies":[{"embeddable":true,"href":"https:\/\/aromasentia.com\/no\/wp-json\/wp\/v2\/comments?post=205283"}],"version-history":[{"count":0,"href":"https:\/\/aromasentia.com\/no\/wp-json\/wp\/v2\/product\/205283\/revisions"}],"wp:featuredmedia":[{"embeddable":true,"href":"https:\/\/aromasentia.com\/no\/wp-json\/wp\/v2\/media\/390534"}],"wp:attachment":[{"href":"https:\/\/aromasentia.com\/no\/wp-json\/wp\/v2\/media?parent=205283"}],"wp:term":[{"taxonomy":"product_brand","embeddable":true,"href":"https:\/\/aromasentia.com\/no\/wp-json\/wp\/v2\/product_brand?post=205283"},{"taxonomy":"product_cat","embeddable":true,"href":"https:\/\/aromasentia.com\/no\/wp-json\/wp\/v2\/product_cat?post=205283"},{"taxonomy":"product_tag","embeddable":true,"href":"https:\/\/aromasentia.com\/no\/wp-json\/wp\/v2\/product_tag?post=205283"}],"curies":[{"name":"wp","href":"https:\/\/api.w.org\/{rel}","templated":true}]}}