{"id":205275,"date":"2025-03-22T16:59:14","date_gmt":"2025-03-22T16:59:14","guid":{"rendered":"https:\/\/aromasentia.com\/product\/natural-diffuser-flowers-lily-on-reed\/"},"modified":"2025-05-31T01:41:07","modified_gmt":"2025-05-31T01:41:07","slug":"naturlige-diffuser-blomster-lilje-pa-siv","status":"publish","type":"product","link":"https:\/\/aromasentia.com\/no\/naturlige-diffuser-blomster-lilje-pa-siv\/","title":{"rendered":"Naturlige Diffuser Blomster &#8211; Lilje P\u00e5 Siv"},"content":{"rendered":"<p><strong>St\u00f8rrelse:<\/strong><\/p>\n<p>Lengde p\u00e5 en snor 23 cm<\/p>\n<p>Blomst: h\u00f8yde 3 cm, diameter 4 cm<\/p>\n<p><strong>Merk: Den inkluderer ingen duft. Flasker med sivdiffusor er ikke inkludert.<\/strong><\/p>\n<p>Disse <strong>Aroma Sentia ping<\/strong><strong>naturlige diffusorblomstene &#8211; Lilje p\u00e5 siv<\/strong>er h\u00e5ndlaget av solatre. Koblet til en bomullssnor eller sivpinne trekker de duften opp i blomsten og lager de vakreste kunstneriske diffusorer.<\/p>\n<p>Du kan lage en fin utstilling, selge flasker og duft &#8211; Dine kreative kunder vil bli inspirert av mulighetene.<\/p>\n<p>Perfekt for diffusorprodusenter, sjekk ut v\u00e5rt utvalg av rene duftoljer.<\/p>\n<p>Selg dine egne diffusorkonsepter eller la kundene dine lage sine egne. Uansett vil dette utvalget av naturlige diffuserblomster v\u00e6re et vakkert tilskudd til nettbutikken din.<\/p>\n<p><strong>Bruksmerknad:<\/strong> Kronbladene vil gradvis trekke til seg farge fra duften som brukes og skape en unik, vakker blomstereffekt.<\/p>\n<p><strong>Bestill i dag og la nye salg blomstre i nettbutikken din?<\/strong><\/p>\n","protected":false},"excerpt":{"rendered":"<p>St\u00f8rrelse: Lengde p\u00e5 en snor 23 cm Blomst: h\u00f8yde 3 cm, diameter 4 cm Merk: Den inkluderer ingen duft. Flasker med sivdiffusor er ikke inkludert. Disse Aroma Sentia pingnaturlige diffusorblomstene &#8211; Lilje p\u00e5 siver h\u00e5ndlaget av solatre. Koblet til en bomullssnor eller sivpinne trekker de duften opp i blomsten og lager de vakreste kunstneriske diffusorer. [&hellip;]<\/p>\n","protected":false},"featured_media":390406,"comment_status":"closed","ping_status":"open","template":"","meta":{"_angie_page":false},"product_brand":[],"product_cat":[9065,9088],"product_tag":[],"class_list":{"0":"post-205275","1":"product","2":"type-product","3":"status-publish","4":"has-post-thumbnail","6":"product_cat-aromaterapi-og-romduft","7":"product_cat-aromaterapi-flasker-og-tilbehor","8":"pa_collection-natural-diffuser-flowers-no","9":"pa_made-in-kina","11":"first","12":"instock","13":"purchasable","14":"product-type-simple"},"supplier_id":null,"supplier_sku":"Ndiff-11","barcode":null,"atum_controlled":true,"out_stock_date":null,"out_stock_threshold":null,"inheritable":false,"inbound_stock":null,"stock_on_hold":0,"sold_today":0,"sales_last_days":0,"reserved_stock":null,"customer_returns":null,"warehouse_damage":null,"lost_in_post":null,"other_logs":null,"out_stock_days":0,"lost_sales":0,"has_location":null,"update_date":"2026-04-27T07:15:06","atum_locations":[],"atum_stock_status":"instock","restock_status":false,"low_stock_amount":"","sales_update_date":"2025-09-03T00:22:00","calc_backorders":null,"_links":{"self":[{"href":"https:\/\/aromasentia.com\/no\/wp-json\/wp\/v2\/product\/205275","targetHints":{"allow":["GET"]}}],"collection":[{"href":"https:\/\/aromasentia.com\/no\/wp-json\/wp\/v2\/product"}],"about":[{"href":"https:\/\/aromasentia.com\/no\/wp-json\/wp\/v2\/types\/product"}],"replies":[{"embeddable":true,"href":"https:\/\/aromasentia.com\/no\/wp-json\/wp\/v2\/comments?post=205275"}],"version-history":[{"count":0,"href":"https:\/\/aromasentia.com\/no\/wp-json\/wp\/v2\/product\/205275\/revisions"}],"wp:featuredmedia":[{"embeddable":true,"href":"https:\/\/aromasentia.com\/no\/wp-json\/wp\/v2\/media\/390406"}],"wp:attachment":[{"href":"https:\/\/aromasentia.com\/no\/wp-json\/wp\/v2\/media?parent=205275"}],"wp:term":[{"taxonomy":"product_brand","embeddable":true,"href":"https:\/\/aromasentia.com\/no\/wp-json\/wp\/v2\/product_brand?post=205275"},{"taxonomy":"product_cat","embeddable":true,"href":"https:\/\/aromasentia.com\/no\/wp-json\/wp\/v2\/product_cat?post=205275"},{"taxonomy":"product_tag","embeddable":true,"href":"https:\/\/aromasentia.com\/no\/wp-json\/wp\/v2\/product_tag?post=205275"}],"curies":[{"name":"wp","href":"https:\/\/api.w.org\/{rel}","templated":true}]}}