{"id":205266,"date":"2025-03-22T16:59:14","date_gmt":"2025-03-22T16:59:14","guid":{"rendered":"https:\/\/aromasentia.com\/product\/natural-diffuser-flowers-lrg-rose-on-string\/"},"modified":"2025-05-31T01:40:05","modified_gmt":"2025-05-31T01:40:05","slug":"naturlige-diffuser-blomster-rose-pa-snor-stor","status":"publish","type":"product","link":"https:\/\/aromasentia.com\/no\/naturlige-diffuser-blomster-rose-pa-snor-stor\/","title":{"rendered":"Naturlige Diffuser Blomster &#8211; Rose P\u00e5 Snor Stor"},"content":{"rendered":"<p><strong>St\u00f8rrelse:<\/strong><\/p>\n<p>Lengde p\u00e5 snor 12 cm<\/p>\n<p>Blomst: h\u00f8yde 4 cm, diameter 5,5 cm<\/p>\n<p><strong>Merk: Den inkluderer ingen duft. Flasker med r\u00f8rdiffusor er ikke inkludert.<\/strong><\/p>\n<p>Disse <strong>Aroma Sentia ping<\/strong><strong>naturlige diffusorblomstene &#8211; Stor rose p\u00e5 snor<\/strong>er h\u00e5ndlaget av solatre. Koblet til en bomullssnor eller r\u00f8rpinne trekker de duften opp i blomsten og lager de vakreste kunstneriske diffusorene.<\/p>\n<p>Du kan lage en fin utstilling, selge flasker og duft &#8211; Dine kreative kunder vil bli inspirert av mulighetene.<\/p>\n<p>Perfekt for diffusorprodusenter, sjekk ut v\u00e5rt utvalg av rene duftoljer.<\/p>\n<p>Selg dine egne diffusorkonsepter eller la kundene dine lage sine egne. Uansett vil dette utvalget av naturlige diffuserblomster v\u00e6re et vakkert tilskudd til nettbutikken din.<\/p>\n<p><strong>Bruksmerknad:<\/strong> Kronbladene vil gradvis trekke til seg farge fra duften som brukes og skape en unik, vakker blomstereffekt.<\/p>\n<p><strong>Bestill i dag og la nye salg blomstre i nettbutikken din?<\/strong><\/p>\n","protected":false},"excerpt":{"rendered":"<p>St\u00f8rrelse: Lengde p\u00e5 snor 12 cm Blomst: h\u00f8yde 4 cm, diameter 5,5 cm Merk: Den inkluderer ingen duft. Flasker med r\u00f8rdiffusor er ikke inkludert. Disse Aroma Sentia pingnaturlige diffusorblomstene &#8211; Stor rose p\u00e5 snorer h\u00e5ndlaget av solatre. Koblet til en bomullssnor eller r\u00f8rpinne trekker de duften opp i blomsten og lager de vakreste kunstneriske diffusorene. [&hellip;]<\/p>\n","protected":false},"featured_media":669301,"comment_status":"closed","ping_status":"closed","template":"","meta":[],"product_brand":[],"product_cat":[9065,9088,26834,25843,26366],"product_tag":[],"class_list":{"0":"post-205266","1":"product","2":"type-product","3":"status-publish","4":"has-post-thumbnail","6":"product_cat-aromaterapi-og-romduft","7":"product_cat-aromaterapi-flasker-og-tilbehor","8":"product_cat-blomster","9":"product_cat-dufter-aromaer","10":"product_cat-rose","11":"pa_collection-natural-diffuser-flowers-no","12":"pa_made-in-kina","14":"first","15":"outofstock","16":"purchasable","17":"product-type-simple"},"supplier_id":null,"supplier_sku":"Ndiff-02","barcode":null,"atum_controlled":true,"out_stock_date":"2025-12-12 10:29:30","out_stock_threshold":null,"inheritable":false,"inbound_stock":null,"stock_on_hold":0,"sold_today":0,"sales_last_days":0,"reserved_stock":null,"customer_returns":null,"warehouse_damage":null,"lost_in_post":null,"other_logs":null,"out_stock_days":81,"lost_sales":0,"has_location":false,"update_date":"2026-03-03T15:22:45","atum_locations":[],"atum_stock_status":"outofstock","restock_status":false,"low_stock_amount":"","sales_update_date":"2026-02-06T00:00:53","calc_backorders":null,"_links":{"self":[{"href":"https:\/\/aromasentia.com\/no\/wp-json\/wp\/v2\/product\/205266","targetHints":{"allow":["GET"]}}],"collection":[{"href":"https:\/\/aromasentia.com\/no\/wp-json\/wp\/v2\/product"}],"about":[{"href":"https:\/\/aromasentia.com\/no\/wp-json\/wp\/v2\/types\/product"}],"replies":[{"embeddable":true,"href":"https:\/\/aromasentia.com\/no\/wp-json\/wp\/v2\/comments?post=205266"}],"version-history":[{"count":0,"href":"https:\/\/aromasentia.com\/no\/wp-json\/wp\/v2\/product\/205266\/revisions"}],"wp:featuredmedia":[{"embeddable":true,"href":"https:\/\/aromasentia.com\/no\/wp-json\/wp\/v2\/media\/669301"}],"wp:attachment":[{"href":"https:\/\/aromasentia.com\/no\/wp-json\/wp\/v2\/media?parent=205266"}],"wp:term":[{"taxonomy":"product_brand","embeddable":true,"href":"https:\/\/aromasentia.com\/no\/wp-json\/wp\/v2\/product_brand?post=205266"},{"taxonomy":"product_cat","embeddable":true,"href":"https:\/\/aromasentia.com\/no\/wp-json\/wp\/v2\/product_cat?post=205266"},{"taxonomy":"product_tag","embeddable":true,"href":"https:\/\/aromasentia.com\/no\/wp-json\/wp\/v2\/product_tag?post=205266"}],"curies":[{"name":"wp","href":"https:\/\/api.w.org\/{rel}","templated":true}]}}