{"id":205246,"date":"2025-03-22T16:59:25","date_gmt":"2025-03-22T16:59:25","guid":{"rendered":"https:\/\/aromasentia.com\/product\/soywax-melts-jar-dewberry\/"},"modified":"2025-05-31T01:38:55","modified_gmt":"2025-05-31T01:38:55","slug":"soya-duftvoks-melts-jar-dewberry","status":"publish","type":"product","link":"https:\/\/aromasentia.com\/no\/soya-duftvoks-melts-jar-dewberry\/","title":{"rendered":"Soya Duftvoks Melts Jar &#8211; Dewberry"},"content":{"rendered":"<p>Disse <strong>duftende vokssmeltene i krukker &#8211; Dewberry<\/strong> er laget av en naturlig blanding av soyavoks og de fineste duftoljene. Finnes i sytten lekre dufter.<\/p>\n<p>Wax Melts Hearts inneholder ikke parafinvoks, s\u00e5 rommet ditt vil lukte av kvalitetsduft. Bare tilsett ett hjertesmelteprodukt i en oljebrenner for \u00e5 f\u00e5 hjemmet ditt til \u00e5 lukte fantastisk.<\/p>\n<p>I hver krukke finner du 16 hjerteformede vokssmelteprodukter. Bare kombiner dem med oljebrennere for en perfekt gave.<\/p>\n","protected":false},"excerpt":{"rendered":"<p>Disse duftende vokssmeltene i krukker &#8211; Dewberry er laget av en naturlig blanding av soyavoks og de fineste duftoljene. Finnes i sytten lekre dufter. Wax Melts Hearts inneholder ikke parafinvoks, s\u00e5 rommet ditt vil lukte av kvalitetsduft. Bare tilsett ett hjertesmelteprodukt i en oljebrenner for \u00e5 f\u00e5 hjemmet ditt til \u00e5 lukte fantastisk. I hver [&hellip;]<\/p>\n","protected":false},"featured_media":393003,"comment_status":"closed","ping_status":"open","template":"","meta":{"_angie_page":false},"product_brand":[],"product_cat":[9065,9119],"product_tag":[],"class_list":{"0":"post-205246","1":"product","2":"type-product","3":"status-publish","4":"has-post-thumbnail","6":"product_cat-aromaterapi-og-romduft","7":"product_cat-soya-duftvoks-soyavoks","8":"pa_collection-soy-wax-melts-in-jars-no","9":"pa_made-in-kina","11":"first","12":"instock","13":"purchasable","14":"product-type-simple"},"supplier_id":null,"supplier_sku":"SWMJ-17","barcode":null,"atum_controlled":true,"out_stock_date":null,"out_stock_threshold":null,"inheritable":false,"inbound_stock":null,"stock_on_hold":0,"sold_today":0,"sales_last_days":0,"reserved_stock":null,"customer_returns":null,"warehouse_damage":null,"lost_in_post":null,"other_logs":null,"out_stock_days":0,"lost_sales":0,"has_location":null,"update_date":"2026-04-27T07:23:52","atum_locations":[],"atum_stock_status":"instock","restock_status":false,"low_stock_amount":"","sales_update_date":"2026-02-06T00:02:48","calc_backorders":null,"_links":{"self":[{"href":"https:\/\/aromasentia.com\/no\/wp-json\/wp\/v2\/product\/205246","targetHints":{"allow":["GET"]}}],"collection":[{"href":"https:\/\/aromasentia.com\/no\/wp-json\/wp\/v2\/product"}],"about":[{"href":"https:\/\/aromasentia.com\/no\/wp-json\/wp\/v2\/types\/product"}],"replies":[{"embeddable":true,"href":"https:\/\/aromasentia.com\/no\/wp-json\/wp\/v2\/comments?post=205246"}],"version-history":[{"count":0,"href":"https:\/\/aromasentia.com\/no\/wp-json\/wp\/v2\/product\/205246\/revisions"}],"wp:featuredmedia":[{"embeddable":true,"href":"https:\/\/aromasentia.com\/no\/wp-json\/wp\/v2\/media\/393003"}],"wp:attachment":[{"href":"https:\/\/aromasentia.com\/no\/wp-json\/wp\/v2\/media?parent=205246"}],"wp:term":[{"taxonomy":"product_brand","embeddable":true,"href":"https:\/\/aromasentia.com\/no\/wp-json\/wp\/v2\/product_brand?post=205246"},{"taxonomy":"product_cat","embeddable":true,"href":"https:\/\/aromasentia.com\/no\/wp-json\/wp\/v2\/product_cat?post=205246"},{"taxonomy":"product_tag","embeddable":true,"href":"https:\/\/aromasentia.com\/no\/wp-json\/wp\/v2\/product_tag?post=205246"}],"curies":[{"name":"wp","href":"https:\/\/api.w.org\/{rel}","templated":true}]}}