{"id":205244,"date":"2025-03-22T16:59:25","date_gmt":"2025-03-22T16:59:25","guid":{"rendered":"https:\/\/aromasentia.com\/product\/soywax-melts-jar-cinnamon-orange\/"},"modified":"2025-05-31T01:38:49","modified_gmt":"2025-05-31T01:38:49","slug":"soya-duftvoks-melts-jar-kanel-appelsin","status":"publish","type":"product","link":"https:\/\/aromasentia.com\/no\/soya-duftvoks-melts-jar-kanel-appelsin\/","title":{"rendered":"Soya Duftvoks Melts Jar &#8211; Kanel &#038; Appelsin"},"content":{"rendered":"<p>Disse <strong>duftende vokssmeltene i krukker &#8211; kanel og appelsin<\/strong> er laget av en naturlig blanding av soyavoks og de fineste duftoljene. Finnes i sytten lekre dufter.<\/p>\n<p>Wax Melts Hearts inneholder ikke parafinvoks, s\u00e5 rommet ditt vil lukte av kvalitetsduft. Bare tilsett ett hjertesmelteprodukt i en oljebrenner for \u00e5 f\u00e5 hjemmet ditt til \u00e5 lukte fantastisk.<\/p>\n<p>I hver krukke finner du 16 hjerteformede vokssmelter. Bare kombiner dem med oljebrennere for en perfekt gave.<\/p>\n","protected":false},"excerpt":{"rendered":"<p>Disse duftende vokssmeltene i krukker &#8211; kanel og appelsin er laget av en naturlig blanding av soyavoks og de fineste duftoljene. Finnes i sytten lekre dufter. Wax Melts Hearts inneholder ikke parafinvoks, s\u00e5 rommet ditt vil lukte av kvalitetsduft. Bare tilsett ett hjertesmelteprodukt i en oljebrenner for \u00e5 f\u00e5 hjemmet ditt til \u00e5 lukte fantastisk. [&hellip;]<\/p>\n","protected":false},"featured_media":392953,"comment_status":"closed","ping_status":"open","template":"","meta":{"_angie_page":false},"product_brand":[],"product_cat":[26306,9065,25843,26133,26890,26820,9119],"product_tag":[],"class_list":{"0":"post-205244","1":"product","2":"type-product","3":"status-publish","4":"has-post-thumbnail","6":"product_cat-appelsin","7":"product_cat-aromaterapi-og-romduft","8":"product_cat-dufter-aromaer","9":"product_cat-kanel","10":"product_cat-krydret","11":"product_cat-sitrus","12":"product_cat-soya-duftvoks-soyavoks","13":"pa_collection-soy-wax-melts-in-jars-no","14":"pa_made-in-kina","16":"first","17":"instock","18":"purchasable","19":"product-type-simple"},"supplier_id":null,"supplier_sku":"SWMJ-15","barcode":null,"atum_controlled":true,"out_stock_date":null,"out_stock_threshold":null,"inheritable":false,"inbound_stock":null,"stock_on_hold":0,"sold_today":0,"sales_last_days":0,"reserved_stock":null,"customer_returns":null,"warehouse_damage":null,"lost_in_post":null,"other_logs":null,"out_stock_days":0,"lost_sales":0,"has_location":null,"update_date":"2026-05-08T05:20:17","atum_locations":[],"atum_stock_status":"instock","restock_status":false,"low_stock_amount":"","sales_update_date":"2026-02-06T00:01:17","calc_backorders":null,"_links":{"self":[{"href":"https:\/\/aromasentia.com\/no\/wp-json\/wp\/v2\/product\/205244","targetHints":{"allow":["GET"]}}],"collection":[{"href":"https:\/\/aromasentia.com\/no\/wp-json\/wp\/v2\/product"}],"about":[{"href":"https:\/\/aromasentia.com\/no\/wp-json\/wp\/v2\/types\/product"}],"replies":[{"embeddable":true,"href":"https:\/\/aromasentia.com\/no\/wp-json\/wp\/v2\/comments?post=205244"}],"version-history":[{"count":0,"href":"https:\/\/aromasentia.com\/no\/wp-json\/wp\/v2\/product\/205244\/revisions"}],"wp:featuredmedia":[{"embeddable":true,"href":"https:\/\/aromasentia.com\/no\/wp-json\/wp\/v2\/media\/392953"}],"wp:attachment":[{"href":"https:\/\/aromasentia.com\/no\/wp-json\/wp\/v2\/media?parent=205244"}],"wp:term":[{"taxonomy":"product_brand","embeddable":true,"href":"https:\/\/aromasentia.com\/no\/wp-json\/wp\/v2\/product_brand?post=205244"},{"taxonomy":"product_cat","embeddable":true,"href":"https:\/\/aromasentia.com\/no\/wp-json\/wp\/v2\/product_cat?post=205244"},{"taxonomy":"product_tag","embeddable":true,"href":"https:\/\/aromasentia.com\/no\/wp-json\/wp\/v2\/product_tag?post=205244"}],"curies":[{"name":"wp","href":"https:\/\/api.w.org\/{rel}","templated":true}]}}