{"id":205207,"date":"2025-03-22T16:59:25","date_gmt":"2025-03-22T16:59:25","guid":{"rendered":"https:\/\/aromasentia.com\/product\/plant-based-aroma-oil-regal-rose\/"},"modified":"2025-05-31T01:36:52","modified_gmt":"2025-05-31T01:36:52","slug":"plantebasert-aromaolje-regal-rose","status":"publish","type":"product","link":"https:\/\/aromasentia.com\/no\/plantebasert-aromaolje-regal-rose\/","title":{"rendered":"Plantebasert Aromaolje &#8211; Regal Rose"},"content":{"rendered":"<p>Plantebasert aromaolje av kongelig rose har en s\u00f8t, blomsteraktig duft som er karakteristisk for roser.nbsp;<\/p>\n<p>Den antas \u00e5 v\u00e6re beroligende, romantisk og oppl\u00f8ftende og sies \u00e5 v\u00e6re gunstig for \u00e5 fremme avslapning og redusere stress. Den brukes ogs\u00e5 til \u00e5 forbedre hum\u00f8ret og f\u00f8lelsesmessig velv\u00e6re.nbsp;<\/p>\n<p>Laget av naturlige plantebaserte ingredienser og fortynnet i en dipropylenglykolb\u00e6rer.<\/p>\n<p>Bruk denne oljen med oljebrennere eller aromadiffusorer.<\/p>\n<p>Bruk denne oljen med oljebrennere eller aromadiffusorer.<\/p>\n<p>\n","protected":false},"excerpt":{"rendered":"<p>Plantebasert aromaolje av kongelig rose har en s\u00f8t, blomsteraktig duft som er karakteristisk for roser.nbsp; Den antas \u00e5 v\u00e6re beroligende, romantisk og oppl\u00f8ftende og sies \u00e5 v\u00e6re gunstig for \u00e5 fremme avslapning og redusere stress. Den brukes ogs\u00e5 til \u00e5 forbedre hum\u00f8ret og f\u00f8lelsesmessig velv\u00e6re.nbsp; Laget av naturlige plantebaserte ingredienser og fortynnet i en dipropylenglykolb\u00e6rer. [&hellip;]<\/p>\n","protected":false},"featured_media":392300,"comment_status":"closed","ping_status":"open","template":"","meta":{"_angie_page":false},"product_brand":[27141],"product_cat":[9065,26834,25843,9070,26366],"product_tag":[],"class_list":{"0":"post-205207","1":"product","2":"type-product","3":"status-publish","4":"has-post-thumbnail","6":"product_brand-stamford","7":"product_cat-aromaterapi-og-romduft","8":"product_cat-blomster","9":"product_cat-dufter-aromaer","10":"product_cat-duftoljer","11":"product_cat-rose","12":"pa_collection-plant-based-fragrance-oils-no","13":"pa_made-in-india","14":"pa_size-10ml","16":"first","17":"instock","18":"purchasable","19":"product-type-simple"},"supplier_id":null,"supplier_sku":"SPBAO-10","barcode":null,"atum_controlled":true,"out_stock_date":null,"out_stock_threshold":null,"inheritable":false,"inbound_stock":null,"stock_on_hold":0,"sold_today":0,"sales_last_days":0,"reserved_stock":null,"customer_returns":null,"warehouse_damage":null,"lost_in_post":null,"other_logs":null,"out_stock_days":0,"lost_sales":0,"has_location":null,"update_date":"2026-04-27T07:22:17","atum_locations":[],"atum_stock_status":"instock","restock_status":false,"low_stock_amount":"","sales_update_date":"2026-01-20T05:14:33","calc_backorders":null,"_links":{"self":[{"href":"https:\/\/aromasentia.com\/no\/wp-json\/wp\/v2\/product\/205207","targetHints":{"allow":["GET"]}}],"collection":[{"href":"https:\/\/aromasentia.com\/no\/wp-json\/wp\/v2\/product"}],"about":[{"href":"https:\/\/aromasentia.com\/no\/wp-json\/wp\/v2\/types\/product"}],"replies":[{"embeddable":true,"href":"https:\/\/aromasentia.com\/no\/wp-json\/wp\/v2\/comments?post=205207"}],"version-history":[{"count":0,"href":"https:\/\/aromasentia.com\/no\/wp-json\/wp\/v2\/product\/205207\/revisions"}],"wp:featuredmedia":[{"embeddable":true,"href":"https:\/\/aromasentia.com\/no\/wp-json\/wp\/v2\/media\/392300"}],"wp:attachment":[{"href":"https:\/\/aromasentia.com\/no\/wp-json\/wp\/v2\/media?parent=205207"}],"wp:term":[{"taxonomy":"product_brand","embeddable":true,"href":"https:\/\/aromasentia.com\/no\/wp-json\/wp\/v2\/product_brand?post=205207"},{"taxonomy":"product_cat","embeddable":true,"href":"https:\/\/aromasentia.com\/no\/wp-json\/wp\/v2\/product_cat?post=205207"},{"taxonomy":"product_tag","embeddable":true,"href":"https:\/\/aromasentia.com\/no\/wp-json\/wp\/v2\/product_tag?post=205207"}],"curies":[{"name":"wp","href":"https:\/\/api.w.org\/{rel}","templated":true}]}}