{"id":205205,"date":"2025-03-22T16:59:25","date_gmt":"2025-03-22T16:59:25","guid":{"rendered":"https:\/\/aromasentia.com\/product\/plant-based-aroma-oil-apple-cinnamon\/"},"modified":"2025-05-31T01:36:38","modified_gmt":"2025-05-31T01:36:38","slug":"plantebasert-aromaolje-eple-kanel","status":"publish","type":"product","link":"https:\/\/aromasentia.com\/no\/plantebasert-aromaolje-eple-kanel\/","title":{"rendered":"Plantebasert Aromaolje &#8211; Eple Kanel"},"content":{"rendered":"<p>Plantebasert eplekanel aromaolje har en s\u00f8t og varm duft.<\/p>\n<p>Det antas at den er tr\u00f8stende, oppvarmende og oppl\u00f8ftende, og det sies at den er gunstig for \u00e5 fremme avslapning og redusere stress.<\/p>\n<p>Laget av naturlige plantebaserte ingredienser og fortynnet i en dipropylenglykolb\u00e6rer.<\/p>\n<p>Bruk denne oljen med oljebrennere eller aromadiffusorer.<\/p>\n<p>\n","protected":false},"excerpt":{"rendered":"<p>Plantebasert eplekanel aromaolje har en s\u00f8t og varm duft. Det antas at den er tr\u00f8stende, oppvarmende og oppl\u00f8ftende, og det sies at den er gunstig for \u00e5 fremme avslapning og redusere stress. Laget av naturlige plantebaserte ingredienser og fortynnet i en dipropylenglykolb\u00e6rer. Bruk denne oljen med oljebrennere eller aromadiffusorer.<\/p>\n","protected":false},"featured_media":392282,"comment_status":"closed","ping_status":"open","template":"","meta":{"_angie_page":false},"product_brand":[27141],"product_cat":[9065,25843,9070,26535,26848,26133,26890],"product_tag":[],"class_list":{"0":"post-205205","1":"product","2":"type-product","3":"status-publish","4":"has-post-thumbnail","6":"product_brand-stamford","7":"product_cat-aromaterapi-og-romduft","8":"product_cat-dufter-aromaer","9":"product_cat-duftoljer","10":"product_cat-eple","11":"product_cat-fruktig","12":"product_cat-kanel","13":"product_cat-krydret","14":"pa_collection-plant-based-fragrance-oils-no","15":"pa_made-in-india","16":"pa_size-10ml","18":"first","19":"instock","20":"purchasable","21":"product-type-simple"},"supplier_id":null,"supplier_sku":"SPBAO-08","barcode":null,"atum_controlled":true,"out_stock_date":null,"out_stock_threshold":null,"inheritable":false,"inbound_stock":null,"stock_on_hold":0,"sold_today":0,"sales_last_days":0,"reserved_stock":null,"customer_returns":null,"warehouse_damage":null,"lost_in_post":null,"other_logs":null,"out_stock_days":0,"lost_sales":0,"has_location":null,"update_date":"2026-04-27T07:22:17","atum_locations":[],"atum_stock_status":"instock","restock_status":false,"low_stock_amount":"","sales_update_date":"2025-09-03T00:21:43","calc_backorders":null,"_links":{"self":[{"href":"https:\/\/aromasentia.com\/no\/wp-json\/wp\/v2\/product\/205205","targetHints":{"allow":["GET"]}}],"collection":[{"href":"https:\/\/aromasentia.com\/no\/wp-json\/wp\/v2\/product"}],"about":[{"href":"https:\/\/aromasentia.com\/no\/wp-json\/wp\/v2\/types\/product"}],"replies":[{"embeddable":true,"href":"https:\/\/aromasentia.com\/no\/wp-json\/wp\/v2\/comments?post=205205"}],"version-history":[{"count":0,"href":"https:\/\/aromasentia.com\/no\/wp-json\/wp\/v2\/product\/205205\/revisions"}],"wp:featuredmedia":[{"embeddable":true,"href":"https:\/\/aromasentia.com\/no\/wp-json\/wp\/v2\/media\/392282"}],"wp:attachment":[{"href":"https:\/\/aromasentia.com\/no\/wp-json\/wp\/v2\/media?parent=205205"}],"wp:term":[{"taxonomy":"product_brand","embeddable":true,"href":"https:\/\/aromasentia.com\/no\/wp-json\/wp\/v2\/product_brand?post=205205"},{"taxonomy":"product_cat","embeddable":true,"href":"https:\/\/aromasentia.com\/no\/wp-json\/wp\/v2\/product_cat?post=205205"},{"taxonomy":"product_tag","embeddable":true,"href":"https:\/\/aromasentia.com\/no\/wp-json\/wp\/v2\/product_tag?post=205205"}],"curies":[{"name":"wp","href":"https:\/\/api.w.org\/{rel}","templated":true}]}}