{"id":205201,"date":"2025-03-22T16:59:25","date_gmt":"2025-03-22T16:59:25","guid":{"rendered":"https:\/\/aromasentia.com\/product\/plant-based-aroma-oil-jasmine-tea\/"},"modified":"2025-05-31T01:36:26","modified_gmt":"2025-05-31T01:36:26","slug":"plantebasert-aromaolje-jasmine-tea","status":"publish","type":"product","link":"https:\/\/aromasentia.com\/no\/plantebasert-aromaolje-jasmine-tea\/","title":{"rendered":"Plantebasert Aromaolje &#8211; Jasmine Tea"},"content":{"rendered":"<p>Jasmin te aromaolje har en s\u00f8t, blomsteraktig aroma. Oljen antas \u00e5 fremme avslapning og redusere stress. Den brukes ogs\u00e5 til \u00e5 forbedre hum\u00f8ret og f\u00f8lelsesmessig velv\u00e6re.<\/p>\n<p>Laget av naturlige plantebaserte ingredienser og fortynnet i en dipropylenglykolb\u00e6rer.<\/p>\n<p>Bruk denne oljen med oljebrennere eller aromadiffusorer.<\/p>\n","protected":false},"excerpt":{"rendered":"<p>Jasmin te aromaolje har en s\u00f8t, blomsteraktig aroma. Oljen antas \u00e5 fremme avslapning og redusere stress. Den brukes ogs\u00e5 til \u00e5 forbedre hum\u00f8ret og f\u00f8lelsesmessig velv\u00e6re. Laget av naturlige plantebaserte ingredienser og fortynnet i en dipropylenglykolb\u00e6rer. Bruk denne oljen med oljebrennere eller aromadiffusorer.<\/p>\n","protected":false},"featured_media":392238,"comment_status":"closed","ping_status":"open","template":"","meta":[],"product_brand":[27141],"product_cat":[9065,26834,25843,9070,26222],"product_tag":[],"class_list":{"0":"post-205201","1":"product","2":"type-product","3":"status-publish","4":"has-post-thumbnail","6":"product_brand-stamford","7":"product_cat-aromaterapi-og-romduft","8":"product_cat-blomster","9":"product_cat-dufter-aromaer","10":"product_cat-duftoljer","11":"product_cat-jasmin","12":"pa_collection-plant-based-fragrance-oils-no","13":"pa_made-in-india","14":"pa_size-10ml","16":"first","17":"instock","18":"purchasable","19":"product-type-simple"},"supplier_id":null,"supplier_sku":"SPBAO-02","barcode":null,"atum_controlled":true,"out_stock_date":null,"out_stock_threshold":null,"inheritable":false,"inbound_stock":null,"stock_on_hold":0,"sold_today":0,"sales_last_days":0,"reserved_stock":null,"customer_returns":null,"warehouse_damage":null,"lost_in_post":null,"other_logs":null,"out_stock_days":0,"lost_sales":0,"has_location":null,"update_date":"2026-02-03T11:30:01","atum_locations":[],"atum_stock_status":"instock","restock_status":false,"low_stock_amount":"","sales_update_date":"2025-09-03T00:21:41","calc_backorders":null,"_links":{"self":[{"href":"https:\/\/aromasentia.com\/no\/wp-json\/wp\/v2\/product\/205201","targetHints":{"allow":["GET"]}}],"collection":[{"href":"https:\/\/aromasentia.com\/no\/wp-json\/wp\/v2\/product"}],"about":[{"href":"https:\/\/aromasentia.com\/no\/wp-json\/wp\/v2\/types\/product"}],"replies":[{"embeddable":true,"href":"https:\/\/aromasentia.com\/no\/wp-json\/wp\/v2\/comments?post=205201"}],"version-history":[{"count":0,"href":"https:\/\/aromasentia.com\/no\/wp-json\/wp\/v2\/product\/205201\/revisions"}],"wp:featuredmedia":[{"embeddable":true,"href":"https:\/\/aromasentia.com\/no\/wp-json\/wp\/v2\/media\/392238"}],"wp:attachment":[{"href":"https:\/\/aromasentia.com\/no\/wp-json\/wp\/v2\/media?parent=205201"}],"wp:term":[{"taxonomy":"product_brand","embeddable":true,"href":"https:\/\/aromasentia.com\/no\/wp-json\/wp\/v2\/product_brand?post=205201"},{"taxonomy":"product_cat","embeddable":true,"href":"https:\/\/aromasentia.com\/no\/wp-json\/wp\/v2\/product_cat?post=205201"},{"taxonomy":"product_tag","embeddable":true,"href":"https:\/\/aromasentia.com\/no\/wp-json\/wp\/v2\/product_tag?post=205201"}],"curies":[{"name":"wp","href":"https:\/\/api.w.org\/{rel}","templated":true}]}}