{"id":205200,"date":"2025-03-22T16:59:25","date_gmt":"2025-03-22T16:59:25","guid":{"rendered":"https:\/\/aromasentia.com\/product\/plant-based-aroma-oil-californian-white-sage\/"},"modified":"2025-05-31T01:36:23","modified_gmt":"2025-05-31T01:36:23","slug":"plantebasert-aromaolje-californian-white-sage","status":"publish","type":"product","link":"https:\/\/aromasentia.com\/no\/plantebasert-aromaolje-californian-white-sage\/","title":{"rendered":"Plantebasert Aromaolje &#8211; Californian White Sage"},"content":{"rendered":"<p>Californisk hvit salvie er kjent for sin sterke, aromatiske duft.<\/p>\n<p>Det antas at den har en rekke terapeutiske egenskaper, inkludert \u00e5 fremme avslapning, redusere stress og forbedre hum\u00f8ret.<\/p>\n<p>Laget av naturlige plantebaserte ingredienser og fortynnet i en dipropylenglykolb\u00e6rer.nbsp;<\/p>\n<p>Bruk denne oljen med oljebrennere eller aromadiffusorer.nbsp;<\/p><\/p>\n","protected":false},"excerpt":{"rendered":"<p>Californisk hvit salvie er kjent for sin sterke, aromatiske duft. Det antas at den har en rekke terapeutiske egenskaper, inkludert \u00e5 fremme avslapning, redusere stress og forbedre hum\u00f8ret. Laget av naturlige plantebaserte ingredienser og fortynnet i en dipropylenglykolb\u00e6rer.nbsp; Bruk denne oljen med oljebrennere eller aromadiffusorer.nbsp;<\/p>\n","protected":false},"featured_media":392229,"comment_status":"closed","ping_status":"open","template":"","meta":[],"product_brand":[27141],"product_cat":[9065,25843,9070,26493,26862],"product_tag":[],"class_list":{"0":"post-205200","1":"product","2":"type-product","3":"status-publish","4":"has-post-thumbnail","6":"product_brand-stamford","7":"product_cat-aromaterapi-og-romduft","8":"product_cat-dufter-aromaer","9":"product_cat-duftoljer","10":"product_cat-hvit-salvie","11":"product_cat-urte-aromatisk","12":"pa_collection-plant-based-fragrance-oils-no","13":"pa_made-in-india","14":"pa_size-10ml","16":"first","17":"outofstock","18":"purchasable","19":"product-type-simple"},"supplier_id":null,"supplier_sku":"SPBAO-01","barcode":null,"atum_controlled":true,"out_stock_date":"2025-11-13 11:32:18","out_stock_threshold":null,"inheritable":false,"inbound_stock":null,"stock_on_hold":0,"sold_today":0,"sales_last_days":0,"reserved_stock":null,"customer_returns":null,"warehouse_damage":null,"lost_in_post":null,"other_logs":null,"out_stock_days":84,"lost_sales":0,"has_location":null,"update_date":"2026-02-06T00:01:06","atum_locations":[],"atum_stock_status":"outofstock","restock_status":false,"low_stock_amount":"","sales_update_date":"2026-02-06T00:01:06","calc_backorders":null,"_links":{"self":[{"href":"https:\/\/aromasentia.com\/no\/wp-json\/wp\/v2\/product\/205200","targetHints":{"allow":["GET"]}}],"collection":[{"href":"https:\/\/aromasentia.com\/no\/wp-json\/wp\/v2\/product"}],"about":[{"href":"https:\/\/aromasentia.com\/no\/wp-json\/wp\/v2\/types\/product"}],"replies":[{"embeddable":true,"href":"https:\/\/aromasentia.com\/no\/wp-json\/wp\/v2\/comments?post=205200"}],"version-history":[{"count":0,"href":"https:\/\/aromasentia.com\/no\/wp-json\/wp\/v2\/product\/205200\/revisions"}],"wp:featuredmedia":[{"embeddable":true,"href":"https:\/\/aromasentia.com\/no\/wp-json\/wp\/v2\/media\/392229"}],"wp:attachment":[{"href":"https:\/\/aromasentia.com\/no\/wp-json\/wp\/v2\/media?parent=205200"}],"wp:term":[{"taxonomy":"product_brand","embeddable":true,"href":"https:\/\/aromasentia.com\/no\/wp-json\/wp\/v2\/product_brand?post=205200"},{"taxonomy":"product_cat","embeddable":true,"href":"https:\/\/aromasentia.com\/no\/wp-json\/wp\/v2\/product_cat?post=205200"},{"taxonomy":"product_tag","embeddable":true,"href":"https:\/\/aromasentia.com\/no\/wp-json\/wp\/v2\/product_tag?post=205200"}],"curies":[{"name":"wp","href":"https:\/\/api.w.org\/{rel}","templated":true}]}}