{"id":205199,"date":"2025-03-22T16:59:25","date_gmt":"2025-03-22T16:59:25","guid":{"rendered":"https:\/\/aromasentia.com\/product\/bathroom-daisy-fresh\/"},"modified":"2025-05-31T01:36:21","modified_gmt":"2025-05-31T01:36:21","slug":"bad-daisy-fresh","status":"publish","type":"product","link":"https:\/\/aromasentia.com\/no\/bad-daisy-fresh\/","title":{"rendered":"Bad &#8211; Daisy Fresh"},"content":{"rendered":"<p>Disse fine <strong>Simmering Granules Bathroom &#8211; Daisy Fresh<\/strong> er designet for spesifikke steder rundt i hjemmet ditt. Ideelle for oljebrennere, duftbokstaver, nyttige p\u00e5 askebegre for \u00e5 bekjempe tobakkslukt, og for \u00e5 dufte og dekorere tallerkener. De har i\u00f8ynefallende farger. Minimum nettovekt 200 g per pose.<\/p>\n<p>Du plasserer dem i oljebrennerbeholderen og trenger ikke vann.<\/p>\n","protected":false},"excerpt":{"rendered":"<p>Disse fine Simmering Granules Bathroom &#8211; Daisy Fresh er designet for spesifikke steder rundt i hjemmet ditt. Ideelle for oljebrennere, duftbokstaver, nyttige p\u00e5 askebegre for \u00e5 bekjempe tobakkslukt, og for \u00e5 dufte og dekorere tallerkener. De har i\u00f8ynefallende farger. Minimum nettovekt 200 g per pose. Du plasserer dem i oljebrennerbeholderen og trenger ikke vann.<\/p>\n","protected":false},"featured_media":392220,"comment_status":"closed","ping_status":"open","template":"","meta":{"_angie_page":false},"product_brand":[],"product_cat":[9065,9066],"product_tag":[],"class_list":{"0":"post-205199","1":"product","2":"type-product","3":"status-publish","4":"has-post-thumbnail","6":"product_cat-aromaterapi-og-romduft","7":"product_cat-duftgranulat","8":"pa_collection-home-comforts-scented-salt-granules-for-oil-burners-no","9":"pa_made-in-storbritannia","11":"first","12":"instock","13":"purchasable","14":"product-type-simple"},"supplier_id":null,"supplier_sku":"SGHC-11","barcode":null,"atum_controlled":true,"out_stock_date":null,"out_stock_threshold":null,"inheritable":false,"inbound_stock":null,"stock_on_hold":0,"sold_today":0,"sales_last_days":0,"reserved_stock":null,"customer_returns":null,"warehouse_damage":null,"lost_in_post":null,"other_logs":null,"out_stock_days":0,"lost_sales":0,"has_location":null,"update_date":"2026-04-27T07:21:26","atum_locations":[],"atum_stock_status":"instock","restock_status":false,"low_stock_amount":"","sales_update_date":"2026-02-06T00:02:52","calc_backorders":null,"_links":{"self":[{"href":"https:\/\/aromasentia.com\/no\/wp-json\/wp\/v2\/product\/205199","targetHints":{"allow":["GET"]}}],"collection":[{"href":"https:\/\/aromasentia.com\/no\/wp-json\/wp\/v2\/product"}],"about":[{"href":"https:\/\/aromasentia.com\/no\/wp-json\/wp\/v2\/types\/product"}],"replies":[{"embeddable":true,"href":"https:\/\/aromasentia.com\/no\/wp-json\/wp\/v2\/comments?post=205199"}],"version-history":[{"count":0,"href":"https:\/\/aromasentia.com\/no\/wp-json\/wp\/v2\/product\/205199\/revisions"}],"wp:featuredmedia":[{"embeddable":true,"href":"https:\/\/aromasentia.com\/no\/wp-json\/wp\/v2\/media\/392220"}],"wp:attachment":[{"href":"https:\/\/aromasentia.com\/no\/wp-json\/wp\/v2\/media?parent=205199"}],"wp:term":[{"taxonomy":"product_brand","embeddable":true,"href":"https:\/\/aromasentia.com\/no\/wp-json\/wp\/v2\/product_brand?post=205199"},{"taxonomy":"product_cat","embeddable":true,"href":"https:\/\/aromasentia.com\/no\/wp-json\/wp\/v2\/product_cat?post=205199"},{"taxonomy":"product_tag","embeddable":true,"href":"https:\/\/aromasentia.com\/no\/wp-json\/wp\/v2\/product_tag?post=205199"}],"curies":[{"name":"wp","href":"https:\/\/api.w.org\/{rel}","templated":true}]}}