{"id":205188,"date":"2025-03-22T16:59:25","date_gmt":"2025-03-22T16:59:25","guid":{"rendered":"https:\/\/aromasentia.com\/product\/natural-reed-diffuser-sticks-25cm-x-3mm-1kg\/"},"modified":"2025-05-31T01:35:45","modified_gmt":"2025-05-31T01:35:45","slug":"naturlige-duftpinner-25-cm-x-3-mm-1kg","status":"publish","type":"product","link":"https:\/\/aromasentia.com\/no\/naturlige-duftpinner-25-cm-x-3-mm-1kg\/","title":{"rendered":"Naturlige Duftpinner &#8211; 25 cm x 3 mm &#8211; 1Kg"},"content":{"rendered":"<p>Fyll p\u00e5 med naturlig duftspredning med denne 1 kg-pakken med naturlige duftpinner av siv. Disse rottingpinnene av h\u00f8y kvalitet m\u00e5ler 25 cm x 3 mm og er perfekte til \u00e5 fylle p\u00e5 diffusorene dine og sikre en jevn spredning av favorittduftene dine.<\/p>\n","protected":false},"excerpt":{"rendered":"<p>Fyll p\u00e5 med naturlig duftspredning med denne 1 kg-pakken med naturlige duftpinner av siv. Disse rottingpinnene av h\u00f8y kvalitet m\u00e5ler 25 cm x 3 mm og er perfekte til \u00e5 fylle p\u00e5 diffusorene dine og sikre en jevn spredning av favorittduftene dine.<\/p>\n","protected":false},"featured_media":642634,"comment_status":"closed","ping_status":"open","template":"","meta":{"_angie_page":false},"product_brand":[],"product_cat":[9065,9088],"product_tag":[],"class_list":{"0":"post-205188","1":"product","2":"type-product","3":"status-publish","4":"has-post-thumbnail","6":"product_cat-aromaterapi-og-romduft","7":"product_cat-aromaterapi-flasker-og-tilbehor","8":"pa_collection-bulk-reed-diffusers-sticks-no","9":"pa_made-in-indonesia","11":"first","12":"instock","13":"purchasable","14":"product-type-simple"},"supplier_id":null,"supplier_sku":"RReed-18","barcode":null,"atum_controlled":true,"out_stock_date":null,"out_stock_threshold":null,"inheritable":false,"inbound_stock":null,"stock_on_hold":0,"sold_today":0,"sales_last_days":0,"reserved_stock":null,"customer_returns":null,"warehouse_damage":null,"lost_in_post":null,"other_logs":null,"out_stock_days":0,"lost_sales":0,"has_location":null,"update_date":"2026-04-27T07:19:59","atum_locations":[],"atum_stock_status":"instock","restock_status":false,"low_stock_amount":"","sales_update_date":"2026-02-06T00:02:38","calc_backorders":null,"_links":{"self":[{"href":"https:\/\/aromasentia.com\/no\/wp-json\/wp\/v2\/product\/205188","targetHints":{"allow":["GET"]}}],"collection":[{"href":"https:\/\/aromasentia.com\/no\/wp-json\/wp\/v2\/product"}],"about":[{"href":"https:\/\/aromasentia.com\/no\/wp-json\/wp\/v2\/types\/product"}],"replies":[{"embeddable":true,"href":"https:\/\/aromasentia.com\/no\/wp-json\/wp\/v2\/comments?post=205188"}],"version-history":[{"count":0,"href":"https:\/\/aromasentia.com\/no\/wp-json\/wp\/v2\/product\/205188\/revisions"}],"wp:featuredmedia":[{"embeddable":true,"href":"https:\/\/aromasentia.com\/no\/wp-json\/wp\/v2\/media\/642634"}],"wp:attachment":[{"href":"https:\/\/aromasentia.com\/no\/wp-json\/wp\/v2\/media?parent=205188"}],"wp:term":[{"taxonomy":"product_brand","embeddable":true,"href":"https:\/\/aromasentia.com\/no\/wp-json\/wp\/v2\/product_brand?post=205188"},{"taxonomy":"product_cat","embeddable":true,"href":"https:\/\/aromasentia.com\/no\/wp-json\/wp\/v2\/product_cat?post=205188"},{"taxonomy":"product_tag","embeddable":true,"href":"https:\/\/aromasentia.com\/no\/wp-json\/wp\/v2\/product_tag?post=205188"}],"curies":[{"name":"wp","href":"https:\/\/api.w.org\/{rel}","templated":true}]}}