{"id":205185,"date":"2025-03-22T16:59:25","date_gmt":"2025-03-22T16:59:25","guid":{"rendered":"https:\/\/aromasentia.com\/product\/black-reed-diffuser-sticks-25cm-x-3mm-500gms\/"},"modified":"2025-06-28T22:39:19","modified_gmt":"2025-06-28T22:39:19","slug":"svarte-duftpinner-25-cm-x-3-mm-500g","status":"publish","type":"product","link":"https:\/\/aromasentia.com\/no\/svarte-duftpinner-25-cm-x-3-mm-500g\/","title":{"rendered":"Svarte Duftpinner 25 cm x 3 mm &#8211; 500g"},"content":{"rendered":"<p><strong>Black Reed Diffuser,<\/strong> Reed Diffuses er enkle \u00e5 selge &#8230; Med en Reed Diffuse f\u00e5r du ingen r\u00f8yk, dryppende voks eller angst for brennende stearinlys, s\u00e5 sivdiffusorer er ideelle for bruk rundt barn eller dyr.<\/p>\n<p>Her har vi for deg <strong>engroshandel med 500 g 3 mm sivdiffusorer&nbsp;<\/strong> (ca. 500) du kan selge per bunt eller for h\u00f8y fortjeneste per pinne.<\/p>\n<p>R\u00f8rbladdiffusorer er en veldig popul\u00e6r gave og et flott alternativ til oljebrennere.<\/p>\n<p>V\u00e6r oppmerksom p\u00e5: Disse r\u00f8rene er farget. Hvis du bruker din egen olje, m\u00e5 du teste om oljen l\u00f8ser opp fargen.<\/p>\n<p>God verdi slik at du har nok margin til \u00e5 gi rabatt p\u00e5 de st\u00f8rre bestillingene. En uunnv\u00e6rlig vare for gavebutikken din, og hvis du selger diffuse produkter, b\u00f8r du absolutt vurdere \u00e5 ha disse p\u00e5 lager.<\/p>\n<p><strong>S\u00e5 legg til noen ekstra salg i butikken din og bestill i dag.<span class=\"fr-emoticon fr-deletable fr-emoticon-img\" style=\"background: url(https:\/\/cdnjs.cloudflare.com\/ajax\/libs\/emojione\/2.0.1\/assets\/svg\/1f600.svg);\">&nbsp;<\/span>&nbsp;<\/strong><\/p>\n","protected":false},"excerpt":{"rendered":"<p>Black Reed Diffuser, Reed Diffuses er enkle \u00e5 selge &#8230; Med en Reed Diffuse f\u00e5r du ingen r\u00f8yk, dryppende voks eller angst for brennende stearinlys, s\u00e5 sivdiffusorer er ideelle for bruk rundt barn eller dyr. Her har vi for deg engroshandel med 500 g 3 mm sivdiffusorer&nbsp; (ca. 500) du kan selge per bunt eller [&hellip;]<\/p>\n","protected":false},"featured_media":391678,"comment_status":"closed","ping_status":"open","template":"","meta":{"_angie_page":false},"product_brand":[],"product_cat":[9065,9088],"product_tag":[],"class_list":{"0":"post-205185","1":"product","2":"type-product","3":"status-publish","4":"has-post-thumbnail","6":"product_cat-aromaterapi-og-romduft","7":"product_cat-aromaterapi-flasker-og-tilbehor","8":"pa_collection-bulk-reed-diffusers-sticks-no","9":"pa_made-in-indonesia","10":"pa_size-500g","12":"first","13":"instock","14":"purchasable","15":"product-type-simple"},"supplier_id":null,"supplier_sku":"Rreed-07","barcode":null,"atum_controlled":true,"out_stock_date":null,"out_stock_threshold":null,"inheritable":false,"inbound_stock":null,"stock_on_hold":0,"sold_today":0,"sales_last_days":0,"reserved_stock":null,"customer_returns":null,"warehouse_damage":null,"lost_in_post":null,"other_logs":null,"out_stock_days":0,"lost_sales":0,"has_location":null,"update_date":"2026-04-27T07:19:52","atum_locations":[],"atum_stock_status":"instock","restock_status":false,"low_stock_amount":"","sales_update_date":"2025-09-03T00:14:29","calc_backorders":null,"_links":{"self":[{"href":"https:\/\/aromasentia.com\/no\/wp-json\/wp\/v2\/product\/205185","targetHints":{"allow":["GET"]}}],"collection":[{"href":"https:\/\/aromasentia.com\/no\/wp-json\/wp\/v2\/product"}],"about":[{"href":"https:\/\/aromasentia.com\/no\/wp-json\/wp\/v2\/types\/product"}],"replies":[{"embeddable":true,"href":"https:\/\/aromasentia.com\/no\/wp-json\/wp\/v2\/comments?post=205185"}],"version-history":[{"count":0,"href":"https:\/\/aromasentia.com\/no\/wp-json\/wp\/v2\/product\/205185\/revisions"}],"wp:featuredmedia":[{"embeddable":true,"href":"https:\/\/aromasentia.com\/no\/wp-json\/wp\/v2\/media\/391678"}],"wp:attachment":[{"href":"https:\/\/aromasentia.com\/no\/wp-json\/wp\/v2\/media?parent=205185"}],"wp:term":[{"taxonomy":"product_brand","embeddable":true,"href":"https:\/\/aromasentia.com\/no\/wp-json\/wp\/v2\/product_brand?post=205185"},{"taxonomy":"product_cat","embeddable":true,"href":"https:\/\/aromasentia.com\/no\/wp-json\/wp\/v2\/product_cat?post=205185"},{"taxonomy":"product_tag","embeddable":true,"href":"https:\/\/aromasentia.com\/no\/wp-json\/wp\/v2\/product_tag?post=205185"}],"curies":[{"name":"wp","href":"https:\/\/api.w.org\/{rel}","templated":true}]}}